{"id":7300,"date":"2026-05-05T15:56:33","date_gmt":"2026-05-05T15:56:33","guid":{"rendered":"https:\/\/nogodbutallah.org\/?page_id=7300"},"modified":"2026-05-05T15:56:33","modified_gmt":"2026-05-05T15:56:33","slug":"abraham-accords-us-peace-or-ploy","status":"publish","type":"page","link":"https:\/\/nogodbutallah.org\/?page_id=7300","title":{"rendered":"ABRAHAM ACCORDS-US PEACE OR PLOY?"},"content":{"rendered":"<p style=\"text-align: center;\"><span style=\"color: purple; font-family: 'times new roman', times, serif; font-size: 14pt;\">In the name of All\u0101h,<\/span><br \/>\n<span style=\"color: purple; font-family: 'times new roman', times, serif; font-size: 14pt;\">the Beneficent, the Merciful.<\/span><br \/>\n<span style=\"color: purple; font-family: 'times new roman', times, serif; font-size: 14pt;\">Peace and Blessings of All\u0101h on Mohammad.<\/span><br \/>\n<span style=\"color: red; font-family: 'times new roman', times, serif; font-size: 14pt;\">DEDICATED TO<\/span><br \/>\n<span style=\"color: purple; font-family: 'times new roman', times, serif; font-size: 14pt;\">All\u0101h\u2013the Glorious and the High,<\/span><br \/>\n<span style=\"color: purple; font-family: 'times new roman', times, serif; font-size: 14pt;\">Lord of the worlds<\/span><br \/>\n<span style=\"color: red; font-family: 'times new roman', times, serif; font-size: 14pt;\">AND TO<\/span><br \/>\n<span style=\"color: purple; font-family: 'times new roman', times, serif; font-size: 14pt;\">Mohammad\u2013who brought the world<\/span><br \/>\n<span style=\"font-family: 'times new roman', times, serif; font-size: 14pt;\"><span style=\"color: purple;\">to our feet and eternity to our arms.<br \/>\n<\/span>*<\/span><\/p>\n<p style=\"text-align: justify;\"><span style=\"font-family: 'times new roman', times, serif; font-size: 14pt;\"><span style=\"font-size: 18pt;\"><em><span style=\"color: #800080;\">\u00a0 \u00a0ABRAHAM ACCORDS -US PEACE OR PLOY?<\/span><\/em><\/span><strong><em><br \/>\n<\/em><\/strong>In 2020 America launched \u201cabraham-accords\u201d to bring peace in the world and Mideast, human dignity and freedom. <em>Peace<\/em> necessitates all parties are accorded the same rights and obligations. God gave us the prescription for peace, human dignity and religious freedom centuries ago: <strong>\u00a0\u00a0<\/strong><\/span><\/p>\n<p style=\"text-align: justify;\"><span style=\"font-family: 'times new roman', times, serif; font-size: 14pt;\">\u00a0\u00a0 &#8211;<strong><em>Bible:<\/em><\/strong> Thou shalt not kill, steal, bear false witness, covet thy neighbor\u2019s belongings\u2013(Exodus 20:13-17); Do to others as you\u2019d have them do to you\u2013Matt.7:12).<br \/>\n<\/span><span style=\"font-family: 'times new roman', times, serif; font-size: 14pt;\">\u00a0 \u00a0&#8211;<strong><em>Qur\u2019an:<\/em><\/strong> Act not corruptly in the earth or make mischief, or rob men of their dues (26:183); give justice even if it be against one\u2019s self (4:135); men are created equal (95:4), we are of different tribes and nations that we may know one another (49:13); to be judged only by our deeds (6:133); woman has rights as man(2:228); let not hatred of a people incite you to transgress (5:2); all are free to his belief (2:256; 109:1-6).<\/span><\/p>\n<p style=\"text-align: justify;\"><span style=\"font-family: 'times new roman', times, serif; font-size: 14pt;\">It is not what man wants \u2013man may covet, scheme, subdue, sack and savage, for a season\u2013 it is what the Divine decrees. <span style=\"color: #800080;\"><strong><em>One who plays the part of patriarch of peace is to act evenly.<\/em><\/strong>\u00a0<\/span><\/span><\/p>\n<p style=\"text-align: justify;\"><span style=\"font-family: 'times new roman', times, serif; font-size: 14pt;\">While the pursuit of <em>peace<\/em> is commendable. Except for Jews, Christians and Muslims honoring Abraham as Father of the Arab and Jewish nations, there is no Muslim-Jew \u201cAbraham accords\u201d.<br \/>\nJews do not accept that God\u2019s covenant was with Abraham and Ishmael and do not commemorate Abraham\u2019s sacrifice of his then \u201conly son\u201d <em>(Ishmael)<\/em> though they claim this sacrifice is of Isaac and use this \u201cpromise\u201d to occupy Palestine.<br \/>\nChristians have similar views as Jews and also that Ishmael was \u201cborn in slavery\u201d and \u201cpersecuted\u201d Isaac\u2013(Galatians 4:21-31). There is no Muslim-Christian \u201cAbraham accords\u201d.<\/span><\/p>\n<p style=\"text-align: justify;\"><span style=\"font-family: 'times new roman', times, serif; font-size: 14pt;\">\u201cAbraham accords\u201d is either misguided or a ploy to render Muslim states impotent to support, and to negative, Palestinians <span style=\"color: #800080;\"><strong><em>\u201cinalienable right of return\u201d<\/em><\/strong> <\/span>to their native land, as enshrined in UN Resolution 194. And in Allah\u2019s decree:<br \/>\n<\/span><span style=\"font-family: 'times new roman', times, serif; font-size: 14pt;\">\u00a0 \u00a0 \u00a0 \u201cdrive them out from where they drove you out\u201d;\u00a0<\/span><br \/>\n<span style=\"font-family: 'times new roman', times, serif; font-size: 14pt;\">\u00a0 \u00a0\u201cAllah forbids you only respecting those who fight you for religion, <\/span><span style=\"font-family: 'times new roman', times, serif; font-size: 14pt;\">and drive you forth from your homes and help (others) in your expulsion,\u00a0that you make friends of them\u201d-(Qur\u2019an 2:191; 60:9). <\/span><span style=\"font-family: 'times new roman', times, serif; font-size: 14pt;\"><strong><em><span style=\"color: #800080;\">To disregard All\u0101h is to imperil our soul.<br \/>\n<\/span><\/em><\/strong><strong><em>\u00a0 \u00a0 \u00a0 \u00a0 \u00a0 \u00a0 \u00a0 \u00a0 \u00a0 \u00a0 \u00a0<span style=\"color: #ff0000; font-size: 18pt;\"> Believers do not get stung twice <\/span><br \/>\n<\/em><\/strong><span style=\"color: #ff0000;\"><strong><em><span style=\"font-size: 18pt;\">\u00a0 \u00a0 \u00a0 \u00a0 \u00a0 \u00a0 \u00a0 \u00a0 \u00a0 \u00a0 \u00a0 from the same hole<\/span><span style=\"color: #000000;\">\u00a0(<\/span><\/em><\/strong><span style=\"color: #000000;\">Bokhari Vol. 8, #154).<\/span><\/span><\/span><\/p>\n","protected":false},"excerpt":{"rendered":"<p>In the name of All\u0101h, the Beneficent, the Merciful. Peace and Blessings of All\u0101h on Mohammad. DEDICATED TO All\u0101h\u2013the Glorious and the High, Lord of the worlds AND TO Mohammad\u2013who brought the world to our feet and eternity to our arms. * \u00a0 \u00a0ABRAHAM ACCORDS -US PEACE OR PLOY? In 2020 America launched \u201cabraham-accords\u201d to [&hellip;]<\/p>\n","protected":false},"author":1,"featured_media":0,"parent":0,"menu_order":0,"comment_status":"closed","ping_status":"closed","template":"","meta":{"_monsterinsights_skip_tracking":false,"_monsterinsights_sitenote_active":false,"_monsterinsights_sitenote_note":"","_monsterinsights_sitenote_category":0,"footnotes":""},"class_list":["post-7300","page","type-page","status-publish","hentry"],"_links":{"self":[{"href":"https:\/\/nogodbutallah.org\/index.php?rest_route=\/wp\/v2\/pages\/7300","targetHints":{"allow":["GET"]}}],"collection":[{"href":"https:\/\/nogodbutallah.org\/index.php?rest_route=\/wp\/v2\/pages"}],"about":[{"href":"https:\/\/nogodbutallah.org\/index.php?rest_route=\/wp\/v2\/types\/page"}],"author":[{"embeddable":true,"href":"https:\/\/nogodbutallah.org\/index.php?rest_route=\/wp\/v2\/users\/1"}],"replies":[{"embeddable":true,"href":"https:\/\/nogodbutallah.org\/index.php?rest_route=%2Fwp%2Fv2%2Fcomments&post=7300"}],"version-history":[{"count":7,"href":"https:\/\/nogodbutallah.org\/index.php?rest_route=\/wp\/v2\/pages\/7300\/revisions"}],"predecessor-version":[{"id":7308,"href":"https:\/\/nogodbutallah.org\/index.php?rest_route=\/wp\/v2\/pages\/7300\/revisions\/7308"}],"wp:attachment":[{"href":"https:\/\/nogodbutallah.org\/index.php?rest_route=%2Fwp%2Fv2%2Fmedia&parent=7300"}],"curies":[{"name":"wp","href":"https:\/\/api.w.org\/{rel}","templated":true}]}}