{"id":7257,"date":"2026-04-28T19:29:13","date_gmt":"2026-04-28T19:29:13","guid":{"rendered":"https:\/\/nogodbutallah.org\/?page_id=7257"},"modified":"2026-04-28T19:29:13","modified_gmt":"2026-04-28T19:29:13","slug":"gods-chosen-people-jews-or-muslims","status":"publish","type":"page","link":"https:\/\/nogodbutallah.org\/?page_id=7257","title":{"rendered":"GOD&#8217;S CHOSEN PEOPLE-JEWS OR MUSLIMS"},"content":{"rendered":"<p style=\"text-align: center;\"><span style=\"color: #800080; font-family: 'times new roman', times, serif; font-size: 14pt;\">In the name of All\u0101h,<\/span><br \/>\n<span style=\"color: #800080; font-family: 'times new roman', times, serif; font-size: 14pt;\"> the Beneficent, the Merciful.<\/span><br \/>\n<span style=\"color: #800080; font-family: 'times new roman', times, serif; font-size: 14pt;\"> Peace and Blessings of All\u0101h on Mohammad.<\/span><br \/>\n<span style=\"color: #ff0000; font-family: 'times new roman', times, serif; font-size: 14pt;\"> DEDICATED TO<\/span><br \/>\n<span style=\"color: #800080; font-family: 'times new roman', times, serif; font-size: 14pt;\"> All\u0101h\u2013the Glorious and the High,<\/span><br \/>\n<span style=\"color: #800080; font-family: 'times new roman', times, serif; font-size: 14pt;\"> Lord of the worlds<\/span><br \/>\n<span style=\"color: #ff0000; font-family: 'times new roman', times, serif; font-size: 14pt;\"> AND TO<\/span><br \/>\n<span style=\"color: #800080; font-family: 'times new roman', times, serif; font-size: 14pt;\"> Mohammad\u2013who brought the world<\/span><br \/>\n<span style=\"font-family: 'times new roman', times, serif; font-size: 14pt;\"><span style=\"color: #800080;\"> to our feet and eternity to our arms<br \/>\n<\/span><span style=\"color: #800080;\">*<\/span><\/span><\/p>\n<p style=\"text-align: justify;\"><span style=\"color: #800080; font-size: 14pt;\"><em><strong><span style=\"font-family: 'times new roman', times, serif;\">\u00a0 \u00a0 \u00a0 \u00a0 \u00a0 \u00a0 \u00a0GOD&#8217;S CHOSEN PEOPLE JEWS OR MUSLIMS?<\/span><\/strong><\/em><\/span><br \/>\n<span style=\"font-family: 'times new roman', times, serif; font-size: 14pt;\"><strong><em>GOD\u2019S CHOSEN PEOPLE:<\/em><\/strong> All\u0101h chose the Children of Israel\u2013(Qur\u2019an 44:30-32; Deuteronomy 7:6-8). <\/span><span style=\"font-family: 'times new roman', times, serif; font-size: 14pt;\">Contrary to popular sentiment, <span style=\"color: #800080;\">Jews are NOT God\u2019s \u201cchosen\u201d people.<\/span> The Bible says, Abraham begat Isaac, Isaac begat Jacob <em>(whose name was changed to Israel) <\/em>and Jacob begat the Twelve patriarchs\/sons: <\/span><span style=\"font-family: 'times new roman', times, serif; font-size: 14pt;\"><span style=\"color: #800080;\">Abraham begat Isaac, and Isaac begat Jacob; and Jacob begat the twelve patriarchs.<\/span> <\/span><span style=\"font-family: 'times new roman', times, serif; font-size: 14pt;\">(Acts 7:8; Matthew 1:2).<br \/>\n<\/span><span style=\"font-family: 'times new roman', times, serif; font-size: 14pt;\">\u00a0 One of these sons of Jacob\/Israel was Judah, from which the terms \u201cJew\u201d and \u201cJudaism\u201d emerged \u2013<strong><em>Jew <\/em><\/strong>is a tribal affiliation, not a religious designation, and <strong><em>Judaism<\/em><\/strong> is of human coinage and refers to adherents of the Mosaic Law <strong><em>which came about 350 years after Jacob. <\/em><\/strong>Jacob\u2019s\/Israel\u2019s twelve sons and their descendants are known as \u201cChildren of Israel (Jacob)\u201d.<span style=\"color: #800080;\">(Before Moses, Jews were known as Hebrews). <span style=\"color: #ff0000;\">Adherents of Judaism, whether born of the lineage of Jacob\/Judah or convert to Judaism, is a <em><strong>Judite<\/strong><\/em> or <em><strong>Judaist.<br \/>\n<\/strong><\/em><span style=\"color: #000000;\">\u00a0 \u00a0By nationality, Abraham and Sarah were Chaldeans-(Genesis 11:27, 31; 12:1; 15:7), Isaac and Jacob were Canaanite-(Gen. 20:1; 21:1-3; 25:21-28). Religiously, Abraham, Sarah, Isaac and Jacob were Muslims.\u00a0<\/span><\/span><\/span><br \/>\n<\/span><\/p>\n<p style=\"text-align: justify;\"><span style=\"font-family: 'times new roman', times, serif; font-size: 14pt;\">All\u0101h says about Abraham and other prophets:<\/span><span style=\"font-family: 'times new roman', times, serif; font-size: 14pt;\"><br \/>\n<span style=\"color: #800080;\">\u201cAbraham was not a Jew nor a Christian, but he was (an) upright (man), a MUSLIM; and he was not one of the polytheists\u201d<\/span>\u2013(Qur\u2019an 3:67).<br \/>\n<\/span><span style=\"font-family: 'times new roman', times, serif; font-size: 14pt;\"><span style=\"color: #800080;\">&#8220;Say: We believe in Allah and that which is revealed to us, and that which was revealed to <strong><em>Abraham and Ishmael and Isaac and Jacob and <u>the tribes<\/u>,<\/em><\/strong> and that which was given to <strong><em>Moses and Jesus and to the prophets <\/em><\/strong>from their Lord\u201d<\/span>\u2013(Qur\u2019an 3:83).|<br \/>\n<\/span><span style=\"font-family: 'times new roman', times, serif; font-size: 14pt;\"><span style=\"color: #800080;\">\u201cHe named you MUSLIMS BEFORE and in this (Qur\u2019an)\u2026\u201d<\/span>\u2013(Qur\u2019an 22:78).<\/span><span style=\"font-family: 'times new roman', times, serif; font-size: 14pt;\">\u00a0<span style=\"color: #ff0000;\"><strong><em>There were no Jew and\/or Christian in the time of Abraham; those who submit to God were Muslims.<\/em><\/strong><\/span><\/span><\/p>\n<p style=\"text-align: justify;\"><span style=\"font-family: 'times new roman', times, serif; font-size: 14pt;\">Abraham, Sarah, Isaac and Jacob\/Israel were Muslims. These \u201cChildren of Israel\u201d were also Muslims.<\/span><span style=\"font-family: 'times new roman', times, serif; font-size: 14pt;\">\u00a0\u00a0<span style=\"color: #800080;\"><strong><em>All prophets of God were Muslims. Whereas, previously, those who follow their respective prophets were Muslims, presently, only those are Muslims who follow Prophet Mohammad, which includes belief in all past prophets and the Books they were given.<br \/>\n<\/em><\/strong><\/span><\/span><strong style=\"font-family: 'times new roman', times, serif; font-size: 14pt;\"><em>\u00a0 \u00a0\u00a0<\/em><\/strong><span style=\"font-family: 'times new roman', times, serif; font-size: 14pt;\">Current Jews are not only <\/span><strong style=\"font-family: 'times new roman', times, serif; font-size: 14pt;\"><em>not<\/em><\/strong><span style=\"font-family: 'times new roman', times, serif; font-size: 14pt;\"> Children of Israel\/Jacob \u00a0they are also <\/span><strong style=\"font-family: 'times new roman', times, serif; font-size: 14pt;\"><em>not<\/em><\/strong><span style=\"font-family: 'times new roman', times, serif; font-size: 14pt;\"> Muslims. <\/span><span style=\"font-family: 'times new roman', times, serif; font-size: 14pt;\"><strong><em><span style=\"color: #ff0000;\">God\u2019s \u201cchosen\u201d people were MUSLIMS. Not Jews.<\/span><br \/>\n<\/em><\/strong><\/span><span style=\"font-family: 'times new roman', times, serif; font-size: 14pt;\">\u00a0 \u00a0 \u00a0 \u00a0 \u00a0 \u00a0 \u00a0 \u00a0 \u00a0 \u00a0 \u00a0 \u00a0 \u00a0 \u00a0 \u00a0 \u00a0 \u00a0 \u00a0 \u00a0 \u00a0 \u00a0 \u00a0 \u00a0 \u00a0 \u00a0 \u00a0 \u00a0 *<\/span><\/p>\n<p style=\"text-align: justify;\"><span style=\"font-family: 'times new roman', times, serif; font-size: 14pt;\">Arthur Koestler, in his book, <em>The Thirteenth Tribe <\/em><em>has amassed \u201chistorical evidence\u201d indicating that the \u201cbulk of Eastern Jewry\u201d and, thus, \u201cof world Jewry\u201d is \u201cof Khazar-Turkish, rather than Semitic, origin\u201d; he endeavored to show that \u201cevidence from anthropology\u201d <\/em>agrees \u201cwith history\u201d in \u201crefuting the popular be-lief in a Jewish race descended from the biblical tribe\u201d <em>(of Jacob\/ Israel)<\/em>\u2013(p.199. <strong><em><span style=\"color: #ff0000;\">As there is no Biblical Jew, current Jews ancestral homeland is Europe, not Palestine)<\/span><\/em><em>.<br \/>\n<\/em><\/strong><\/span><strong style=\"font-family: 'times new roman', times, serif; font-size: 14pt;\"><em>\u00a0 \u00a0<\/em><\/strong><em style=\"font-family: 'times new roman', times, serif; font-size: 14pt;\">(The Khazar-Turkish is said to have converted to Judaism in the eighth century. The Thirteenth Tribe<\/em><span style=\"font-family: 'times new roman', times, serif; font-size: 14pt;\"> is available at Amazon).<\/span><\/p>\n<p style=\"text-align: justify;\"><span style=\"font-family: 'times new roman', times, serif; font-size: 14pt;\">Biblical narrative also shows there is no Jew presently in existence. Briefly: Exodus 1:6 says: <span style=\"color: #800080;\">&#8220;Joseph died, and <em><strong>all<\/strong><\/em> his brethren, and <em><strong>all<\/strong><\/em> that generation.&#8221;<\/span> <span style=\"color: #ff0000;\"><strong><em>Jewish gene died with them.<br \/>\n<\/em><\/strong><\/span><\/span><strong style=\"font-family: 'times new roman', times, serif; font-size: 14pt;\"><em>\u00a0 \u00a0<\/em><\/strong><span style=\"font-family: 'times new roman', times, serif; font-size: 14pt;\">Their genes which were inherited by non-Jews through intermarriages and during Jewish bondage by Pharaoh, Babylonian (586-586 BCE) and Assyrian (722 BCE) would be subject to further dilution.<\/span><span style=\"font-family: 'times new roman', times, serif; font-size: 14pt;\">\u00a0Those who call themselves Jews are descendants of European converts to Judaism<strong><em>; <span style=\"color: #ff0000;\">they are Gentiles.<br \/>\n<span style=\"color: #800080;\">Unless one has DNA matching Jacob or Judah,<\/span> Biblical and Historical evidence show there is no Jew.<br \/>\n<\/span><\/em><\/strong><\/span><\/p>\n<p style=\"text-align: justify;\"><span style=\"font-family: 'times new roman', times, serif; font-size: 14pt;\"><strong><em><span style=\"color: #800080;\">COMING MESSIAH:<\/span>\u00a0<\/em><\/strong>Jews believe a Messiah will come in the last days to redeem them. This Messiah is a mirage. Here are the reasons why this Messiah is not coming:<\/span><br \/>\n<span style=\"font-family: 'times new roman', times, serif; font-size: 14pt;\">\u00a0\u00a0 (1) As noted, current adherents to Judaism are NOT Jews; they are GENTILES \u2013descendants of European converts to Judaism.<\/span><br \/>\n<span style=\"font-family: 'times new roman', times, serif; font-size: 14pt;\">\u00a0\u00a0 (2) God\u2019s chosen people were MUSLIMS not Jews.<\/span><br \/>\n<span style=\"font-family: 'times new roman', times, serif; font-size: 14pt;\">\u00a0 (3) As noted, there is no Biblical Jewish tribe in existence to be redeemed \u2013they all \u201cDIED\u201d.<\/span><br \/>\n<span style=\"font-family: 'times new roman', times, serif; font-size: 14pt;\">\u00a0(4)\u00a0 God decreed He will \u201cextinct\u201d Jews and replace them with another people:<\/span><br \/>\n<span style=\"font-family: 'times new roman', times, serif; font-size: 14pt;\">\u00a0 \u00a0 \u00a0-\u201cI will scatter you among the heathen and will draw out a sword after you: and your land shall be desolate, and your cities waste\u201d\u2013(Leviticus 26:33; Deuteronomy 4:27; 28:64).<\/span><br \/>\n<span style=\"font-family: 'times new roman', times, serif; font-size: 14pt;\">\u00a0 \u00a0 \u00a0 -\u201cO Jerusalem\u2026Behold, <strong><em>your house is left unto you desolate<\/em><\/strong>\u201d; \u201cThe kingdom of God <strong><em>shall be taken from you<\/em><\/strong>, <strong><em>and given to a nation<\/em><\/strong> bringing forth the fruits thereof\u201d\u2013(Matt. 23:36-38; 21:43. Compare Qur\u2019an 17:4-8 and 104 where Israelite was \u201crolled up\u201d (replaced).\u00a0<\/span><br \/>\n<span style=\"font-family: 'times new roman', times, serif; font-size: 14pt;\">\u00a0 \u00a0(5) <em>Ency Brit;<\/em>15th Edn; Vol; 11; Art; Judaism; p. 1018, notes (emphasis added).: \u201c<span style=\"color: #800080;\"><strong><em>The Old Testament never speaks of an eschatological messiah<\/em><\/strong> <em>\u2013<strong>one inaugurating the last time<\/strong>s\u2013<\/em><\/span> and even the \u201cmessianic\u201d passages containing prophecies of a future golden age under an ideal king never use this term. Nevertheless, many modern scholars hold that Israelite<span style=\"color: #800080;\"> <strong><em>messianism grew out of beliefs connected with kingship<\/em><\/strong>\u2026.<strong><em>With the declining national fortunes of Israel<\/em><\/strong>,<\/span> whose political kingdoms were conquered or even abolished by the great empires (Assyria, Babylonia, etc), <span style=\"color: #800080;\"><strong><em>the notion developed of the eschatological messiah-king<\/em><\/strong><\/span>.\u201d<\/span><\/p>\n<p style=\"text-align: justify;\"><span style=\"font-family: 'times new roman', times, serif; font-size: 14pt;\">Deuteronomy 32:43 which says: \u201cPraise his People, O Nations: For he will avenge the blood of his servants. He will render vengeance against his adversaries and make expiation for his land and his People,\u201d<br \/>\nthis does NOT refer to future nations; it is about the nations at the time of the many \u201cites\u201d kingdoms that Joshua would exterminate, so God can keep His Word to Abraham, Isaac, and Jacob\u2013(Deuteronomy7:6, 8, 12; 10:15).<br \/>\nThis is stated in 32:49, where God showed Moses the land of Canaan: \u201cand behold the land of Canaan, which I give unto the Children of Israel for a possession.\u201d This blessing was tied in to Jews following Mohammad as stated in the next chapter:<br \/>\n\u201cAnd this is the BLESSING, wherewith Moses\u2026blessed the Children of Israel before his death. And he said, The Lord <strong><em>came from Sinai, and rose up from Seir unto them; he shined forth from mount Paran, and he came with ten thousands of saints: from his right hand went a fiery law for them<\/em>\u201d\u2013<\/strong>(Deut. 33:1-2).<\/span><\/p>\n<p style=\"text-align: justify;\"><span style=\"font-family: 'times new roman', times, serif; font-size: 14pt;\">If Sinai and Seir refer to Moses and Jesus, respectively, <span style=\"color: #800080;\">\u201cMount Paran is not found in any other country except Arabia, Makkah being located in its valley\u201d<\/span> and refers to Mohammad; the ten thousand saints is the number of followers the Prophet Mohammad had upon his triumph at Makkah, and the fiery law is the Holy Qur\u2019an. <span style=\"color: #ff0000;\">Prophet MOHAMMAD is the blessing God gave Jews.<\/span><\/span><br \/>\n<span style=\"font-family: 'times new roman', times, serif; font-size: 14pt;\"><span style=\"color: #800080;\">Jews could not have a future \u201cMessiah\u201d when they are commanded by God to follow Mohammad.<\/span> (Quote: Khwaja Kamal-ud-Din, <em>Introduction to the Study of the Holy Qur\u2019an<\/em>, p. 67).<\/span><\/p>\n<p style=\"text-align: justify;\"><span style=\"font-family: 'times new roman', times, serif; font-size: 14pt;\"><span style=\"color: #800080;\"><strong><em>\u00a0<\/em><\/strong><\/span><span style=\"color: #800080;\"><em><strong>God sending a Messiah in the last days:<\/strong><\/em><\/span><br \/>\n-contradicts His decree that power and prophethood would be taken from the Israelite\u2013(Gen.49:10);<br \/>\n-contradicts His sending a prophet like Moses whom Jews are to follow\u2013(Deut.18:15-19);<br \/>\n-contradicts His sending the Comforter who will give \u201call truth\u201d and \u201cabide for ever\u201d\u2013(John 14:15-16; 16:12-13);<br \/>\n-contradicts His taking His kingdom from Jews and giving it to another people\u2013(Matt. 21:43);<br \/>\n-contradicts His decree that <strong><em>Jerusalem would cease to be the focus of Divine worship<\/em><\/strong>\u2013(John 4:21; Isaiah 60:7; 65:15; Haggai 2:9).<\/span><\/p>\n<p style=\"text-align: justify;\"><span style=\"font-family: 'times new roman', times, serif; font-size: 14pt; color: #800080;\"><strong><em>God says in the Bible:<\/em><\/strong><\/span><\/p>\n<ul style=\"text-align: justify;\">\n<li><span style=\"font-family: 'times new roman', times, serif; font-size: 14pt;\">\u201cAll the flocks of <strong><em>Kedar<\/em><\/strong> shall be gathered together unto thee, the rams of <strong><em>Nebaioth<\/em><\/strong> shall minister unto thee: they shall come up with acceptance on mine altar, and I will <strong><em>glorify the house of my glory<\/em><\/strong>\u201d\u2013(Isaiah 60:7). <strong><em>Kedar and Nebaioth are sons of Ishmael<\/em><\/strong>\u2013(Gen. 25:13; 1 Chron. 1:29).\u00a0 \u00a0The \u201cflocks of Kedar\u201d never came to the Church of Christ; <em><span style=\"color: #800080;\">they came to the Masjid of Mohammad.\u00a0<\/span><\/em> As the first house appointed for men\/nations for Divine worship (Qur\u2019an 3:96-97; 2:125; 22:26-29), the <span style=\"color: #800080;\"><strong><em>Ka\u2019bah <\/em><\/strong><strong><em>is the House of God\u2019s glory<\/em><\/strong>.<\/span><\/span><\/li>\n<\/ul>\n<ul style=\"text-align: justify;\">\n<li><span style=\"font-family: 'times new roman', times, serif; font-size: 14pt;\">He will \u201ccall his servants by another name\u201d\u2013(Isaiah 65:15). <span style=\"color: #800080;\">This \u201canother name\u201d is <em>Muslims<\/em>.<\/span> Christians (and Christianity) is not a Divine-designated name.<\/span><\/li>\n<li><span style=\"font-family: 'times new roman', times, serif; font-size: 14pt;\">\u201cmy name shall be great among the Gentiles\u201d\u2013(Malachi 1:11). Jesus and Jehovah are not names of God; Yahweh is assumed; Eli\/Elohim is hardly mentioned; I AM and Jealous are unheard of. <span style=\"color: #800080;\">The name of God \u201cgreat\u201d among two billion Gentiles\/Muslims (and Christian Arabs) is <strong><em>Allah<\/em><\/strong>!<br \/>\n<\/span><span style=\"color: #ff0000; font-size: 18pt;\"><strong><em>Prophet Mohammad is Jews Passport to Paradise<\/em><\/strong>.<\/span><\/span><\/li>\n<\/ul>\n<p style=\"text-align: justify;\"><span style=\"font-family: 'times new roman', times, serif; font-size: 14pt;\"><span style=\"color: #ff0000;\"><strong><em>PS:<\/em><\/strong> <\/span><span style=\"color: #800080;\">There is no Temple Mount in Jerusalem; there is Mosque\/Masjid Mount.<\/span> See\u00a0<\/span><span style=\"font-family: 'times new roman', times, serif;\"><a href=\"https:\/\/nogodbutallah.org\/?page_id=6277\"><span style=\"color: #0000ff;\">Al \u2018Aqsa \u2013 Temple Mount or Mosque Mount?<\/span><\/a><\/span><\/p>\n<p style=\"text-align: justify;\">\n","protected":false},"excerpt":{"rendered":"<p>In the name of All\u0101h, the Beneficent, the Merciful. Peace and Blessings of All\u0101h on Mohammad. DEDICATED TO All\u0101h\u2013the Glorious and the High, Lord of the worlds AND TO Mohammad\u2013who brought the world to our feet and eternity to our arms * \u00a0 \u00a0 \u00a0 \u00a0 \u00a0 \u00a0 \u00a0GOD&#8217;S CHOSEN PEOPLE JEWS OR MUSLIMS? GOD\u2019S [&hellip;]<\/p>\n","protected":false},"author":1,"featured_media":0,"parent":0,"menu_order":0,"comment_status":"closed","ping_status":"closed","template":"","meta":{"_monsterinsights_skip_tracking":false,"_monsterinsights_sitenote_active":false,"_monsterinsights_sitenote_note":"","_monsterinsights_sitenote_category":0,"footnotes":""},"class_list":["post-7257","page","type-page","status-publish","hentry"],"_links":{"self":[{"href":"https:\/\/nogodbutallah.org\/index.php?rest_route=\/wp\/v2\/pages\/7257","targetHints":{"allow":["GET"]}}],"collection":[{"href":"https:\/\/nogodbutallah.org\/index.php?rest_route=\/wp\/v2\/pages"}],"about":[{"href":"https:\/\/nogodbutallah.org\/index.php?rest_route=\/wp\/v2\/types\/page"}],"author":[{"embeddable":true,"href":"https:\/\/nogodbutallah.org\/index.php?rest_route=\/wp\/v2\/users\/1"}],"replies":[{"embeddable":true,"href":"https:\/\/nogodbutallah.org\/index.php?rest_route=%2Fwp%2Fv2%2Fcomments&post=7257"}],"version-history":[{"count":13,"href":"https:\/\/nogodbutallah.org\/index.php?rest_route=\/wp\/v2\/pages\/7257\/revisions"}],"predecessor-version":[{"id":7288,"href":"https:\/\/nogodbutallah.org\/index.php?rest_route=\/wp\/v2\/pages\/7257\/revisions\/7288"}],"wp:attachment":[{"href":"https:\/\/nogodbutallah.org\/index.php?rest_route=%2Fwp%2Fv2%2Fmedia&parent=7257"}],"curies":[{"name":"wp","href":"https:\/\/api.w.org\/{rel}","templated":true}]}}