{"id":5260,"date":"2021-09-16T01:01:02","date_gmt":"2021-09-16T01:01:02","guid":{"rendered":"https:\/\/nogodbutallah.org\/?page_id=5260"},"modified":"2021-09-20T01:14:37","modified_gmt":"2021-09-20T01:14:37","slug":"allah-got-his-jesus-name-wrong","status":"publish","type":"page","link":"https:\/\/nogodbutallah.org\/?page_id=5260","title":{"rendered":"Allah got His &#038; Jesus&#8217; name wrong"},"content":{"rendered":"<p style=\"text-align: center;\"><span style=\"color: purple; font-family: georgia, palatino, serif; font-size: 12pt;\">In the name of All\u0101h,<\/span><br \/>\n<span style=\"color: purple; font-family: georgia, palatino, serif; font-size: 12pt;\">the Beneficent, the Merciful.<\/span><br \/>\n<span style=\"color: purple; font-family: georgia, palatino, serif; font-size: 12pt;\">Peace and Blessings of All\u0101h on Mohammad.<\/span><br \/>\n<span style=\"color: red; font-family: georgia, palatino, serif; font-size: 12pt;\">DEDICATED TO<\/span><br \/>\n<span style=\"color: purple; font-family: georgia, palatino, serif; font-size: 12pt;\">All\u0101h\u2013the Glorious and the High,<\/span><br \/>\n<span style=\"color: purple; font-family: georgia, palatino, serif; font-size: 12pt;\">Lord of the worlds<\/span><br \/>\n<span style=\"color: red; font-family: georgia, palatino, serif; font-size: 12pt;\">AND TO<\/span><br \/>\n<span style=\"color: purple; font-family: georgia, palatino, serif; font-size: 12pt;\">Mohammad\u2013who brought the world<\/span><br \/>\n<span style=\"font-family: georgia, palatino, serif; font-size: 12pt;\"><span style=\"color: purple;\">to our feet and eternity to our arms.<br \/>\n<\/span>*<\/span><\/p>\n<p style=\"text-align: center;\"><span style=\"font-size: 18pt; color: #800080; font-family: georgia, palatino, serif;\">ALL\u0100H GOT HIS\u00a0 &amp; JESUS&#8217; NAME WRONG<\/span><br \/>\n<span style=\"font-family: georgia, palatino, serif; font-size: 12pt;\"><span style=\"color: #800080; font-size: 18pt;\">WRITING A CHAPTER OF THE QUR&#8217;AN<\/span><strong><em><br \/>\n<\/em><\/strong><\/span><\/p>\n<p><span style=\"font-family: georgia, palatino, serif; color: #800080;\">CONTENTS<\/span><br \/>\n<span style=\"font-family: georgia, palatino, serif; font-size: 12pt;\">\u00a0 \u00a01. Allah got His name wrong<\/span><br \/>\n<span style=\"font-family: georgia, palatino, serif; font-size: 12pt;\">\u00a0 \u00a02. Allah got Jesus&#8217; name wrong<\/span><br \/>\n<span style=\"font-family: georgia, palatino, serif; font-size: 12pt;\">\u00a0 \u00a03. Writing a chapter like that of the Qur&#8217;an<\/span><\/p>\n<p style=\"text-align: justify;\"><span style=\"font-family: georgia, palatino, serif;\"><span style=\"font-size: 12pt;\"><span style=\"color: #800080;\">1.\u00a0 ALLAH GOT HIS NAME WRONG:<\/span><br \/>\nThe Christian\u2019s charge that All\u0101h got His name wrong is amusing.<br \/>\n<\/span><span style=\"font-size: 12pt;\">It is strange that Christians are trying to find fault with All\u0101h\/Islam, whereas in contrast no Christian or Jew knows the name of their God. The name Christians commonly used for God is Jehovah and Yahweh. But\u00a0<\/span><\/span><a href=\"https:\/\/nogodbutallah.org\/?page_id=509\"><span style=\"color: #0000ff;\">Jehovah does not exist<\/span>\u00a0<\/a> <span style=\"font-family: georgia, palatino, serif;\"><span style=\"font-size: 12pt;\">and Yahweh is an assumption.<br \/>\n<\/span><\/span><span style=\"font-family: georgia, palatino, serif;\"><span style=\"font-size: 12pt;\">It is said that Jews considered the name of God too Holy to articulate, so they referred to God as YHWH. After a time the name of God was forgotten. Later, vowels were added to YHWH to produce a name. Which would give YAHOWAH, YAHWEH, YEHOWAH and other variations consistent with Hebrew.<br \/>\n<\/span><span style=\"font-size: 12pt; color: #800080;\">Christians are guessing the name of their God.<\/span><\/span><\/p>\n<p style=\"text-align: justify;\"><span style=\"font-family: georgia, palatino, serif; font-size: 12pt;\">God said His names are\u00a0\u201cI AM\u201d and \u201cJEALOUS\u201d\u2013(Exodus 3:14; 34:14).\u00a0Why are Christians not addressing God as\u00a0\u201cI AM\u201d and \u201cJEALOUS\u201d?\u00a0 Are Christians ashamed of these names of God that they address\/refer to Him by make-believe names?<br \/>\n<\/span><span style=\"font-family: georgia, palatino, serif;\"><span style=\"font-size: 12pt;\">Christians and Jews use the same Old Testament. If All\u0101h is a different God from that of Christians because Muslims do not accept Jesus as God or son of God or vicarious atoner, Christians may as well throw their Bibles into the fire, because Jews not only reject Jesus as God, son of God, and vicarious atoner and maybe even as prophet of God but regard him as \u201cbastard,\u201d and regard his mother, Mary, the Christian\u2019s Mother of God, as \u201cadulteress.\u201d <span style=\"color: #800080;\">(<\/span><\/span><span style=\"font-size: 12pt; color: #800080;\">Prophet Mohammad, through All\u0101h\u2019s Qur\u2019an, repudiated these \u201cJewish calumnies\u201d against Jesus and his mother. And to know Mohammad is reviled as being the antiChrist).<\/span><\/span><\/p>\n<p style=\"text-align: justify;\"><span style=\"font-family: georgia, palatino, serif;\"><span style=\"font-size: 12pt;\">All\u0101h did not get His name wrong. Christians need to talk less and use their heads more.<\/span><span style=\"font-size: 12pt;\">\u00a0 \u00a0All\u0101h is the proper name of God.<br \/>\n<\/span><span style=\"font-size: 12pt;\">\u00a0\u00a0 If All\u0101h is a contraction of <em>al<\/em> (the) and <em>il\u0101h<\/em> (God) as Christians postulate. Then, as <span style=\"color: #800080;\">\u201cthe\u201d<\/span> \u201crefers to someone or something that is unique or exists as only one at a time <span style=\"color: #800080;\">&lt;~Lord&gt;\u201d<\/span> as Webster\u2019s (1976) define. Muslims rest our case: either way \u2013<em>al-<\/em><em>il\u0101h<\/em> (the God) or <em>All\u0101h<\/em> (One God)\u2013 <span style=\"color: #800080;\">the \u201conly one\u201d true God is ALL\u0100H!<\/span><\/span><\/span><\/p>\n<p style=\"text-align: justify;\"><span style=\"font-family: georgia, palatino, serif; font-size: 12pt;\">In claiming that \u201cilah\u201d is a different God from \u201cAll\u0101h\u201d, it is obvious that Christians confuse the usage of the word \u201cIlah\u201d with \u201cAll\u0101h\u201d. In the Qur\u2019an the word \u201cilah\u201d (God) is used as the generic \u201cGod\u201d: <\/span><span style=\"font-family: georgia, palatino, serif; font-size: 12pt; color: #800080;\">\u201cAnd your God (Ilah) is one God (ilah); there is no God (ilah) but He! He is the Beneficent, the Merciful\u201d\u2013(Qur\u2019an 2:163 and other places).<\/span><\/p>\n<p style=\"text-align: justify;\"><span style=\"font-family: georgia, palatino, serif; font-size: 12pt;\">Whereas \u201cilah\u201d is used for the generic \u201cGod,\u201d\u00a0\u201cAll\u0101h\u201d is used to denote the name of God:<br \/>\n<\/span><span style=\"font-family: georgia, palatino, serif; font-size: 12pt;\">\u00a0\u00a0 -\u201cSurely I am All\u0101h, there is no God (ilah) but I, so serve Me, and keep up prayer for My remembrance\u201d\u2013(Qur\u2019an 20:14)<br \/>\n<\/span><span style=\"font-family: georgia, palatino, serif; font-size: 12pt;\">\u00a0\u00a0 -\u201cSo We sent among them a messenger from among them, saying: Serve\u00a0All\u0101h\u00a0\u2014 you have no God (ilah) other than Him\u201d\u2013Qur\u2019an 23:32)<br \/>\n<\/span><span style=\"font-family: georgia, palatino, serif; font-size: 12pt;\">\u00a0\u00a0 -\u201cPraise be to\u00a0All\u0101h, the Lord (Rabb\u2013Nourisher unto perfection) of the worlds, The Beneficent, the Merciful, Master of the day of Requital\u201d\u2013(Qur\u2019an 1:1-3)<br \/>\n<\/span><span style=\"font-family: georgia, palatino, serif; font-size: 12pt;\">\u00a0\u00a0 -\u201cI am\u00a0All\u0101h, the Seeing. (This is) a Book which We have revealed to you (Mohammad that you may) bring forth men, by their Lord\u2019s (Rabb\u2019s) permission, from utter darkness into light\u00a0to the way of the Mighty, the\u00a0praised One\u201d\u2013(Qur\u2019an 14:1)<br \/>\n<\/span><span style=\"font-family: georgia, palatino, serif; font-size: 12pt;\">\u00a0\u00a0 -\u201cSay (to them, Mohammad): If you love All\u0101h, follow me:\u00a0All\u0101h\u00a0will love you, and grant you protection from your sins. And\u00a0All\u0101h\u00a0is Forgiving, Merciful\u201d\u2013(Qur\u2019an 3:30)<br \/>\n<\/span><span style=\"font-family: georgia, palatino, serif; font-size: 12pt;\">\u00a0\u00a0 -\u201cSo keep your duty to\u00a0All\u0101h as much as you can\u201d\u2013Qur\u2019an 64:16)<br \/>\n<\/span><span style=\"font-family: georgia, palatino, serif; font-size: 12pt;\">\u00a0\u00a0 -\u201cThen are they sent back to\u00a0All\u0101h, their Master, the True one\u201d\u2013(Qur\u2019an 6:62)<br \/>\n<\/span><span style=\"font-family: georgia, palatino, serif; font-size: 12pt;\">\u00a0\u00a0 -\u201cThat is because\u00a0All\u0101h, He is the Truth, and He gives life to the dead, and He is Possessor of power over all things, And the Hour is coming, there is no doubt about it; and\u00a0All\u0101h\u00a0will raise up those who are in the graves. And among men is he who disputes about All\u0101h without knowledge, and without guidance, and without an illuminating Book. Turning away haughtily to lead men astray from the way of\u00a0All\u0101h. For him is disgrace in this world, and on the day of Resurrection We shall make him taste the punishment of burning\u201d\u2013Qur\u2019an 22:6-9).<\/span><\/p>\n<p style=\"text-align: justify;\"><span style=\"font-family: georgia, palatino, serif; font-size: 12pt;\"><span style=\"color: #800080;\">All\u0101h dates back to \u201cearliest Semitic writings\u201d which appeared from \u201c30th century BCE\u201d. No wonder Christian-Arabs know no other God but \u201cAll\u0101h\u201d<\/span>.<br \/>\n<\/span><span style=\"font-family: georgia, palatino, serif; font-size: 12pt; color: #800080;\"><span style=\"color: #000000;\">Whether the Qur\u2019an refers to the Creator as \u2018ilah\u201d (God) or \u201cAll\u0101h\u201d it means that He\/God is the one universal God, ALL\u0100H!<\/span><br \/>\n<\/span><span style=\"color: #800080;\"><span style=\"font-family: georgia, palatino, serif; font-size: 12pt;\">\u201cPraise be to All\u0101h,<\/span><span style=\"font-family: georgia, palatino, serif; font-size: 12pt;\">the Lord of the worlds\u201d <\/span><\/span><span style=\"font-family: georgia, palatino, serif; font-size: 12pt;\"><span style=\"color: #800080;\">(Qur\u2019an 1:1).<\/span><br \/>\n<\/span><span style=\"font-family: georgia, palatino, serif; font-size: 12pt;\">(For more on All\u0101h see \u00a0<span style=\"color: #0000ff;\"><a style=\"color: #0000ff;\" href=\"https:\/\/en.wikipedia.org\/wiki\/%20Allah\">https:\/\/en.wikipedia.org\/wiki\/Allah<\/a><\/span>).<br \/>\n<\/span><span style=\"font-family: georgia, palatino, serif; font-size: 12pt; color: #800080;\">Whereas Christians say All\u0101h got His name wrong, one-third of the Christian God, the Holy Ghost, has no name!<\/span><\/p>\n<p style=\"text-align: justify;\"><span style=\"font-family: georgia, palatino, serif; color: #800080; font-size: 12pt;\">2. ALL\u0100H GOT JESUS\u2019 NAME WRONG:<br \/>\n<\/span><span style=\"font-family: georgia, palatino, serif; font-size: 12pt;\">All\u0101h says Jesus\u2019 name is Isa\/Esau.<br \/>\n<\/span><span style=\"font-family: georgia, palatino, serif; font-size: 12pt;\">Christians charge that Isa is not Jesus\u2019 name, therefore All\u0101h is wrong. That Jesus\u2019 name is Yeshua.<br \/>\n<\/span><span style=\"font-family: georgia, palatino, serif; font-size: 12pt;\">Can Christians show in their oldest Hebrew manuscript that Yeshua was the name given to Jesus?<\/span><\/p>\n<p style=\"text-align: justify;\"><span style=\"font-family: georgia, palatino, serif; font-size: 12pt;\">Regarding Jesus, it is stated:<br \/>\n<\/span><span style=\"font-family: georgia, palatino, serif; font-size: 12pt;\">\u201cIsa\u00a0is a name <span style=\"color: #800080;\"><em>originating from a variety of sources.<\/em><\/span> The name is most commonly derived from the\u00a0<span style=\"color: #0000ff;\"><a style=\"color: #0000ff;\" href=\"https:\/\/en.wikipedia.org\/wiki\/Classical_Arabic\">classical Arabic<\/a><\/span>\u00a0\u0639\u064a\u0633\u0649\u00a0\u2018Isa, an Arabic translation of\u00a0<span style=\"color: #0000ff;\"><a style=\"color: #0000ff;\" href=\"https:\/\/en.wikipedia.org\/wiki\/Jesus_(name)\">Jesus<\/a><\/span>, <em><span style=\"color: #800080;\">itself having a<\/span>\u00a0<span style=\"color: #0000ff;\"><a style=\"color: #0000ff;\" href=\"https:\/\/en.wikipedia.org\/wiki\/Hebrew_language\">Hebrew<\/a>\u00a0<\/span><span style=\"color: #800080;\">origin<\/span><\/em>. However, it is not the only translation; it is most commonly associated with Jesus as depicted in <span style=\"color: #0000ff;\"><a style=\"color: #0000ff;\" href=\"https:\/\/en.wikipedia.org\/wiki\/Islam\">Islam<\/a>,<\/span> and thus, commonly used by\u00a0<span style=\"color: #0000ff;\"><a style=\"color: #0000ff;\" href=\"https:\/\/en.wikipedia.org\/wiki\/Muslims\">Muslims<\/a>.<\/span> Meanwhile, Arabic-speaking Christians usually use\u00a0\u064a\u0633\u0648\u0639\u00a0Yas\u016b\u2018, which comes from\u00a0\u071d\u072b\u0718\u0725\u00a0<span style=\"color: #0000ff;\"><a style=\"color: #0000ff;\" href=\"https:\/\/en.wikipedia.org\/wiki\/Yeshua#Original_name_for_Jesus\">Ye\u0161\u016b\u2018<\/a><\/span>, the Aramaic name for Jesus, <span style=\"color: #800080;\"><em>although they use the name Isa too<\/em>.<\/span>\u201d<br \/>\n<\/span><span style=\"font-family: georgia, palatino, serif; font-size: 12pt;\"><a href=\"https:\/\/en.wikipedia.org\/wiki\/Yeshua\">\u00a0 <span style=\"color: #0000ff;\">\u201cYeshua or Y&#8217;shua was a common alternative form of the name \u05d9\u05b0\u05d4\u05d5\u05b9\u05e9\u05bb\u05c1\u05e2\u05b7\u200e in later books of the Hebrew Bible and among Jews of the Second Temple period. The name corresponds to the Greek spelling Iesous (\u1f38\u03b7\u03c3\u03bf\u1fe6\u03c2), from which, through the Latin IESVS\/Iesus, comes the English spelling Jesus\u201d<\/span>\u2013(<span style=\"color: #0000ff;\">Wikipedia.<\/span> <span style=\"color: #800080;\">Italics added<\/span>).<\/a><\/span><\/p>\n<p style=\"text-align: justify;\"><span style=\"font-family: georgia, palatino, serif; font-size: 12pt;\">How then it is claimed that All\u0101h got Jesus\u2019 name wrong when \u201cYeshua\u00a0or\u00a0Y&#8217;shua\u00a0was <em>a <span style=\"color: #800080;\">common alternative form<\/span><\/em><span style=\"color: #800080;\"> of the name\u00a0<\/span>\u05d9\u05b0\u05d4\u05d5\u05b9\u05e9\u05bb\u05c1\u05e2\u05b7\u200e in <span style=\"color: #800080;\"><em>later books<\/em> <\/span>of the Hebrew Bible\u201d and \u201cIsa\u00a0is a name <span style=\"color: #800080;\"><em>originating from a variety of sources<\/em><\/span>\u201d and \u201c<em><span style=\"color: #800080;\">having a<\/span>\u00a0<span style=\"color: #0000ff;\"><a style=\"color: #0000ff;\" href=\"https:\/\/en.wikipedia.org\/wiki\/Hebrew_language\">Hebrew<\/a>\u00a0<\/span><span style=\"color: #800080;\">origin<\/span><\/em>\u201d?<br \/>\n<\/span><span style=\"color: #800080;\"><span style=\"font-family: georgia, palatino, serif; font-size: 12pt;\">All\u0101h saying Jesus\u2019 name is Isa\/Esau\u00a0<\/span><span style=\"font-family: georgia, palatino, serif; font-size: 12pt;\">is no error.<\/span><\/span><\/p>\n<p style=\"text-align: justify;\"><span style=\"font-family: georgia, palatino, serif;\"><span style=\"color: #800080;\"><span style=\"font-size: 12pt;\">3. WRITING A CHAPTER LIKE THAT OF THE QUR\u2019AN:<\/span><br \/>\n<span style=\"color: #000000; font-size: 12pt;\">There are those who say they have written or can write a chapter like that of the Qur&#8217;an.\u00a0<\/span><br \/>\n<\/span><span style=\"font-size: 12pt;\">\u00a0 \u00a0<span style=\"color: #000000;\">The Qur\u2019an contains 114 chapters with each chapter having a title and begins with the benediction \u201cIn the Name of Allah the Beneficent the Merciful.\u201d In Qur\u2019an 2:23 Allah invites the doubters:<\/span> <span style=\"color: #800080;\">\u201cAnd if you are in doubt as to that (Qur\u2019an) which We have revealed to Our servant (Mohammad), then produce a chapter like it and call on your helpers besides Allah if you are truthful.\u201d<br \/>\n<\/span>\u00a0<span style=\"color: #000000;\"> \u00a0One who wants to meet this invitation is to choose one of the 114 chapters of the Qur\u2019an and write an original chapter <em>like it,<\/em> give the chapter a title and benediction.<\/span><\/span><\/span><\/p>\n<p style=\"text-align: justify;\"><span style=\"color: #800080;\">The atheists and Christians attempt to discredit the authenticity of the Qur\u2019an is useless. If atheists and Christians can prove that Mohammad made prophecies and statements on science of his own accord 1400 years ago and wrote Qur\u2019an; they would have debunked the Qur\u2019an as Divine revelation.\u00a0<\/span> (See <span style=\"color: #0000ff;\"><a style=\"color: #0000ff;\" href=\"https:\/\/nogodbutallah.org\/?page_id=123\">Qur\u2019an-science<\/a><\/span>).<br \/>\n<span style=\"color: #ff0000;\">Prove it!<\/span><\/p>\n","protected":false},"excerpt":{"rendered":"<p>In the name of All\u0101h, the Beneficent, the Merciful. Peace and Blessings of All\u0101h on Mohammad. DEDICATED TO All\u0101h\u2013the Glorious and the High, Lord of the worlds AND TO Mohammad\u2013who brought the world to our feet and eternity to our arms. * ALL\u0100H GOT HIS\u00a0 &amp; JESUS&#8217; NAME WRONG WRITING A CHAPTER OF THE QUR&#8217;AN [&hellip;]<\/p>\n","protected":false},"author":1,"featured_media":0,"parent":0,"menu_order":0,"comment_status":"closed","ping_status":"closed","template":"","meta":{"_monsterinsights_skip_tracking":false,"_monsterinsights_sitenote_active":false,"_monsterinsights_sitenote_note":"","_monsterinsights_sitenote_category":0,"footnotes":""},"class_list":["post-5260","page","type-page","status-publish","hentry"],"_links":{"self":[{"href":"https:\/\/nogodbutallah.org\/index.php?rest_route=\/wp\/v2\/pages\/5260","targetHints":{"allow":["GET"]}}],"collection":[{"href":"https:\/\/nogodbutallah.org\/index.php?rest_route=\/wp\/v2\/pages"}],"about":[{"href":"https:\/\/nogodbutallah.org\/index.php?rest_route=\/wp\/v2\/types\/page"}],"author":[{"embeddable":true,"href":"https:\/\/nogodbutallah.org\/index.php?rest_route=\/wp\/v2\/users\/1"}],"replies":[{"embeddable":true,"href":"https:\/\/nogodbutallah.org\/index.php?rest_route=%2Fwp%2Fv2%2Fcomments&post=5260"}],"version-history":[{"count":10,"href":"https:\/\/nogodbutallah.org\/index.php?rest_route=\/wp\/v2\/pages\/5260\/revisions"}],"predecessor-version":[{"id":5273,"href":"https:\/\/nogodbutallah.org\/index.php?rest_route=\/wp\/v2\/pages\/5260\/revisions\/5273"}],"wp:attachment":[{"href":"https:\/\/nogodbutallah.org\/index.php?rest_route=%2Fwp%2Fv2%2Fmedia&parent=5260"}],"curies":[{"name":"wp","href":"https:\/\/api.w.org\/{rel}","templated":true}]}}