{"id":463,"date":"2015-02-26T04:16:48","date_gmt":"2015-02-26T04:16:48","guid":{"rendered":"http:\/\/azmi.co\/cust\/ngba-wp\/?page_id=463"},"modified":"2015-02-26T04:16:48","modified_gmt":"2015-02-26T04:16:48","slug":"mohammad-narcissist-or-reason-for-creation","status":"publish","type":"page","link":"https:\/\/nogodbutallah.org\/?page_id=463","title":{"rendered":"MOHAMMAD-NARCISSIST OR REASON FOR CREATION?"},"content":{"rendered":"<p align=\"center\" style=\"text-align: center;\">\n\t<span style=\"color: purple; font-family: georgia,palatino; font-size: 12pt;\">In the name of All\u0101h,<\/span>\n<\/p>\n<p align=\"center\" style=\"text-align: center;\">\n\t<span style=\"color: purple; font-family: georgia,palatino; font-size: 12pt;\">the Beneficent, the Merciful.<\/span>\n<\/p>\n<p align=\"center\" style=\"text-align: center;\">\n\t<span style=\"color: purple; font-family: georgia,palatino; font-size: 12pt;\">Peace and Blessings of All\u0101h on Mohammad.<\/span>\n<\/p>\n<p align=\"center\" style=\"text-align: center;\">\n\t<span style=\"color: red; font-family: georgia,palatino; font-size: 12pt;\">DEDICATED TO<\/span>\n<\/p>\n<p align=\"center\" style=\"text-align: center;\">\n\t<span style=\"color: purple; font-family: georgia,palatino; font-size: 12pt;\">All\u0101h&ndash;the Glorious and the High,<\/span>\n<\/p>\n<p align=\"center\" style=\"text-align: center;\">\n\t<span style=\"color: purple; font-family: georgia,palatino; font-size: 12pt;\">Lord of the worlds<\/span>\n<\/p>\n<p align=\"center\" style=\"text-align: center;\">\n\t<span style=\"color: red; font-family: georgia,palatino; font-size: 12pt;\">AND TO<\/span>\n<\/p>\n<p align=\"center\" style=\"text-align: center;\">\n\t<span style=\"color: purple; font-family: georgia,palatino; font-size: 12pt;\">Mohammad&ndash;who brought the world<\/span>\n<\/p>\n<p align=\"center\" style=\"text-align: center;\">\n\t<span style=\"color: purple; font-family: georgia,palatino; font-size: 12pt;\">to our feet and eternity to our arms.<br \/>\n\t*<\/span>\n<\/p>\n<p align=\"center\" style=\"text-align: center;\">\n\t<span style=\"color: purple; font-family: georgia,palatino; font-size: 14pt;\">MOHAMMAD&ndash;NARCISSIST OR REASON FOR CREATION?<\/span>\n<\/p>\n<p style=\"text-align: justify;\">\n\t<span style=\"font-family: georgia,palatino; font-size: 12pt;\"><span style=\"color: purple;\">ALI SINA <\/span>notes a number of verses of the Qur&rsquo;an and sayings of the Prophet Mohammad that he charges show that the Prophet was a &ldquo;narcissist.&rdquo;<\/span>\n<\/p>\n<p style=\"text-align: justify;\">\n\t<span style=\"font-family: georgia,palatino; font-size: 12pt;\">&nbsp;&nbsp; In support of this claim, Ali Sina quotes Qur&rsquo;an 33:56, 48:9, 68:4, and 33:46 in which All\u0101h and His Angels praise and send blessings on the Prophet; for Muslims to honor and assist the Prophet; that the Prophet is of exalted character; and is a light-giving sun, respectively.<\/span>\n<\/p>\n<p style=\"text-align: justify;\">\n\t<span style=\"font-family: georgia,palatino; font-size: 12pt;\"><strong><i><span style=\"color: red;\">&nbsp;&nbsp; <\/span><\/i><\/strong><i><span style=\"background: yellow; color: red;\">Response:<\/span><\/i> If David confers praise on Marcus, Marcus could hardly be label a &ldquo;narcissist.&rdquo; God says that Jesus is the Messiah; if Jesus tells people he is the Messiah Jesus could hardly be branded a &ldquo;narcissist.&rdquo; God said to Nathan: <span style=\"color: purple;\">&ldquo;Go and tell my servant David&hellip;.I will be<i> his father, <\/i>and<i>&nbsp;<\/i>he shall be<i> my son<\/i>&rdquo;&ndash;(2 Samuel 7:4, 5, 14). <\/span>If David told people he is &ldquo;son of God&rdquo; this wouldn&rsquo;t make David a &ldquo;narcissist.&rdquo;<\/span>\n<\/p>\n<p style=\"text-align: justify;\">\n\t<span style=\"font-family: georgia,palatino; font-size: 12pt;\">&nbsp;&nbsp; That Muslims are to honor and assist Mohammad. If the king or president of a country assigned Robert to oversee the land and instructed his subjects to honor and assist Robert and Robert refreshed his people of the king&rsquo;s\/president&rsquo;s instructions this does not make Robert a narcissist.<\/span>\n<\/p>\n<p style=\"text-align: justify;\">\n\t<span style=\"font-family: georgia,palatino; font-size: 12pt;\">&nbsp;&nbsp; That Mohammad is of &ldquo;exalted character&rdquo; (best exemplar). Mohammad liberated man from the degradation and futility of idolatry, the irrationality of polytheism, and the phantasm of superstition; took the stars from the grasp of the astrologer and sat them firmly into the laps of the astronomer; freed the slave, liberated woman and gave her rights that left her nothing for which to strive; ennobled the orphan; brought man from drunkenness to sobriety, from profligacy to chastity, from tribalism into brotherhood, from savagery into scholars of learning, and from camel drivers into &ldquo;thrones of Caesars&rdquo;<span style=\"color: purple;\"> (while the world was yet running around with flint tools and torches); <\/span>and after twenty years of monumental and grotesque persecution and war on him he forgave his most rabid enemies upon his triumph at Makkah<span style=\"color: purple;\">&ndash;n<\/span><span style=\"color: purple;\">o inquisition; no incrimination; no confession; no rancor; only lofty words of benevolence and nobility <i>-&quot;No reproof be against you this day&quot;!<\/i><\/span><i>&nbsp;<\/i><\/span>\n<\/p>\n<p style=\"text-align: justify;\">\n\t<span style=\"font-family: georgia,palatino; font-size: 12pt;\">&nbsp;&nbsp; If Mohammad is not deserving of the title &ldquo;exalted character&rdquo; then no one can ever be. (See<span style=\"color: blue;\">ISLAM-RELIGION OF THE SWORD<\/span>).<\/span>\n<\/p>\n<p style=\"text-align: justify;\">\n\t<span style=\"font-family: georgia,palatino; font-size: 12pt;\">&nbsp;&nbsp; Ali Sina continues: &ldquo;Ibn Sa&rsquo;d reports Muhammad saying:&nbsp; &ldquo;Among all the people of the world God chose the Arabs. From among the Arabs he chose the Kinana. From Kinana he chose the Quraish (the tribe of Muhammad). From the Quraish he chose Bani Hashim (his clan). And from Bani Hashim he chose me.&rdquo;<\/span>\n<\/p>\n<p style=\"text-align: justify;\">\n\t<span style=\"font-family: georgia,palatino; font-size: 12pt;\"><span style=\"color: red;\">&nbsp;&nbsp; <i><span style=\"background: yellow;\">Response:<\/span><\/i><\/span> Among all women All\u0101h chose Mary to give birth to Jesus, the Messiah. Should Mary had said that from among all the women of the world All\u0101h chose the people of Jacob, and among all the people of Jacob he chose Judah and among all the people of Judah he chose me; Mary could hardly have been labeled a &ldquo;narcissist.&rdquo; <\/span>\n<\/p>\n<p style=\"text-align: justify;\">\n\t<span style=\"font-family: georgia,palatino; font-size: 12pt;\"><span style=\"color: purple;\">&nbsp;&nbsp; <\/span>Ali Sina notes further, the Prophet Mohammad as saying: &ldquo;The very first thing that All&acirc;h Almighty ever created was my soul.&nbsp; First of all things, the Lord created my mind; I am from All&acirc;h, and the believers are from me; Just as All&acirc;h created me noble, he also gave me noble characters; Were it not for you, [O Muhammad] I would not have created the universe. Compare that to the words of Jesus, who when someone called him &ldquo;good master,&rdquo; he objected and said, &ldquo;Why do you call me good? No one is good&mdash;except God alone.&rdquo; Only a pathological narcissist can be so cut off from reality to claim the universe was created because of him.&rdquo;<\/span>\n<\/p>\n<p style=\"text-align: justify;\">\n\t<span style=\"font-family: georgia,palatino; font-size: 12pt;\"><span style=\"color: red;\">&nbsp;&nbsp; <i><span style=\"background: yellow;\">Response:<\/span><\/i><\/span> A woman who is crowned beauty queen of the world, if she tells people she is the most beautiful woman in the world, this does make her a &ldquo;narcissist.&rdquo; She is only expressing the title that was conferred onto her. <\/span>\n<\/p>\n<p style=\"text-align: justify;\">\n\t<span style=\"font-family: georgia,palatino; font-size: 12pt;\">&nbsp;&nbsp; A person who is knighted by the Queen of England, if he expresses that he is chosen by the Queen to be &ldquo;sir,&rdquo; this does not make him a&rdquo; narcissist&rdquo; &ndash;&ldquo;pathological&rdquo; or other.<\/span>\n<\/p>\n<p style=\"text-align: justify;\">\n\t<span style=\"font-family: georgia,palatino; font-size: 12pt;\">&nbsp;&nbsp; Barack Obama expressing to the world that he is President of America does not make him a &ldquo;narcissist.&rdquo; <\/span>\n<\/p>\n<p style=\"text-align: justify;\">\n\t<span style=\"font-family: georgia,palatino; font-size: 12pt;\">&nbsp;&nbsp; Mohammad said there is no fasting superior to that of Prophet David&ndash;(Bokhari Vol. 8, # 294). Again, Mohammad said that the most beloved pray and fast to Allah are those of David &ndash;(Bokhari Vol. 2, #231). If Mohammad was a &ldquo;narcissist&rdquo; he would not praise David above himself.&nbsp;&nbsp; <\/span>\n<\/p>\n<p style=\"text-align: justify;\">\n\t<span style=\"font-family: georgia,palatino; font-size: 12pt;\">&nbsp;&nbsp; Mohammad saying that he was the first &ldquo;soul&rdquo; and &ldquo;mind.&rdquo; How do you know that he was not? &ndash;you will have to ask All\u0101h when you meet him on the other side. <\/span>\n<\/p>\n<p style=\"text-align: justify;\">\n\t<span style=\"font-family: georgia,palatino; font-size: 12pt;\">&nbsp;&nbsp; That Mohammad was the first soul created. It is said that the first thing a novelist knows or ascertains is the ending of his novel, and works towards the ending. A builder of a house would know before-hand the size of his house, the number of windows, etc. Reason would dictate that All\u0101h knowing how many prophets he would be sending also knew their names and in what order he would be sending them. Thus in order that each people would know about the prophet in succession All\u0101h would have first created the prophet that He would send last. Thus, Mohammad being the last and final prophet from God, Mohammad was correct in stating that All\u0101h created his soul first. In fact, it may be stated that in the matter of creation and finality of prophethood, Mohammad was\/is, respectively, the First and the Last <span style=\"color: purple;\">&ndash;Alpha and Omega. <\/span><\/span>\n<\/p>\n<p style=\"text-align: justify; margin-left: 36pt;\">\n\t<span style=\"font-family: georgia,palatino; font-size: 12pt;\">(Even Jesus, the Christian&rsquo;s son of God and even their &ldquo;God&rdquo; alludes that Mohammad was the Alpha and Omega. Jesus says: <span style=\"color: purple;\">&ldquo;And no man hath ascended up to heaven, but he (Jesus) that came down from heaven, even <span style=\"background: yellow;\">the son of man which is in heaven<\/span>&rdquo; &ndash;(John 3:13).<\/span>&nbsp;&nbsp; <\/span>\n<\/p>\n<p style=\"text-align: justify; margin-left: 36pt;\">\n\t<span style=\"font-family: georgia,palatino; font-size: 12pt;\">&nbsp;&nbsp; If Jesus is the &ldquo;Son of God&rdquo; who came down from heaven and the <span style=\"background: yellow;\">son of man<\/span> was yet in heaven (to come), who is this son of man? <span class=\"PlainTextCharChar\">Prof. Abdul Ahad Dawud <\/span><span style=\"color: purple;\">&ndash;&ldquo;the former Reverend David Benjamin Keldani, B.D., a Roman Catholic priest of the Uniate-Chaldean sect&rdquo;&ndash; <\/span>has shown in his book <i>Muhammad In The Bible <\/i>that &ldquo;Son of Man&rdquo; is the Prophet Mohammad. See <span style=\"color: blue;\">JESUS-SON OF MAN<\/span>). <\/span>\n<\/p>\n<p style=\"text-align: justify;\">\n\t<span style=\"font-family: georgia,palatino; font-size: 12pt;\">&nbsp;&nbsp; Mohammad saying he is from All\u0101h <span style=\"color: purple;\">&ndash;and Jesus also claimed he &ldquo;proceedeth forth and came from God&rdquo;&ndash;(John 8:42&ndash;<\/span> and Muslims are from him does not make Mohammad a &ldquo;narcissist.&rdquo; In fact, all Divine prophets are from All\u0101h. And as followers of Moses, Jesus, and Krishna are from Moses and Jesus and Krishna, respectively <span style=\"color: purple;\">&ndash;each group stemming from its leader&ndash;<\/span> Muslims <i>are<\/i> from Mohammad.<\/span>\n<\/p>\n<p style=\"text-align: justify;\">\n\t<span style=\"font-family: georgia,palatino; font-size: 12pt;\">&nbsp;&nbsp; Comparing Jesus&rsquo; saying that only God is good to Mohammad&rsquo;s sayings. Mohammad never claimed that he is\/was good; he represented himself only as a servant and Messenger of All\u0101h. However, Jesus preached that God gave him power to lay down his life and take it up again&ndash;(John 10:17-18); which can be said to be ultimate in &ldquo;narcissism.&rdquo; <span style=\"color: purple;\">(Incidentally, it is rather strange that Jesus had power to lay down his life and take it up again yet he was afraid of the Jews and rebuked them for trying to kill him, and refrained from walking openly amongst them; and he even prayed to great drops of sweat to avoid laying down his &ldquo;life&rdquo; See<\/span> <span style=\"color: blue;\">JESUS-INHERITED SIN TO ASCENSION<\/span><span style=\"color: purple;\">).<\/span><\/span>\n<\/p>\n<p style=\"text-align: justify;\">\n\t<span style=\"font-family: georgia,palatino; font-size: 12pt;\">&nbsp;&nbsp; That Mohammad said All\u0101h said: &ldquo;Were it not for you, [O Muhammad] I would not have created the universe.&rdquo; <span style=\"color: purple;\">(And how do you know All\u0101h did not say this to Mohammad? You can verify it when you meet Him).<\/span><\/span>\n<\/p>\n<p style=\"text-align: justify;\">\n\t<span style=\"font-family: georgia,palatino; font-size: 12pt;\">&nbsp;&nbsp; The Prophet is reported as saying: <span style=\"color: purple;\">&ldquo;I have been sent with the <\/span><span style=\"color: purple;\">SHORTEST<\/span><span style=\"color: purple;\"> expressions bearing the <\/span><span style=\"color: purple;\">WIDEST<\/span><span style=\"color: purple;\"> meanings&rdquo;&ndash;(Bokhari Vol 4, #220; Vol. 9, #141, 378). <\/span><\/span>\n<\/p>\n<p style=\"text-align: justify; margin-left: 36pt;\">\n\t<span style=\"color: purple; font-family: georgia,palatino; font-size: 12pt;\">(Perhaps an example of this &ldquo;shortest&rdquo; expression with a &ldquo;widest&rdquo; meaning can be gleaned from the poet who wrote, <i>because of the bee the butterfly will die.<\/i> When elaborated, it is known that the bee makes wax, the wax is made into candles, the candle is lit into a flame, the moth is attracted to flame and flies into it and is burned\/ killed). <\/span>\n<\/p>\n<p style=\"text-align: justify;\">\n\t<span style=\"font-family: georgia,palatino; font-size: 12pt;\">&nbsp;&nbsp; Regarding this saying: <span style=\"color: purple;\">&ldquo;Were it not for you, [O Muhammad] I would not have created the universe.&rdquo; <\/span>As noted in <span style=\"color: blue;\">ISLAM, <\/span>All\u0101h said He created man because He loved to be known. Allah created us to serve Him&ndash;(Qur&rsquo;an 51:56), to have mercy on us&ndash;(Qur&rsquo;an 11:119); and He created life and death as a trial, as to which of us in best in deeds&ndash;(Qur&rsquo;an 67:2). To let us know His purpose for creating us, All\u0101h raised prophets among all people; and gave them one common message: <i>There is no God but Me; So serve Me<\/i>&ndash;(Qur&rsquo;an 21:25; 10:47. <span style=\"color: purple;\">Thus, God is known by a name according to the language of the people).<\/span><\/span>\n<\/p>\n<p style=\"text-align: justify;\">\n\t<span style=\"font-family: georgia,palatino; font-size: 12pt;\">&nbsp;&nbsp; The prophets before Mohammad were tribal prophets and their laws were restricted to their respective people and for a limited time. The Prophet Mohammad was sent to the Arabs, who were yet to receive a prophet, and to the world to unite all mankind under one Divine Law which is applicable to the Resurrection. Through the Prophet Mohammad All\u0101h has &ldquo;completed&rdquo; His favor to man and &ldquo;perfected&rdquo; man&rsquo;s religion&ndash;Qur&rsquo;an 5:3).<\/span>\n<\/p>\n<p style=\"text-align: justify;\">\n\t<span style=\"font-family: georgia,palatino; font-size: 12pt;\">&nbsp;&nbsp; As All\u0101h&rsquo;s purpose was to create, guide, have mercy on and to try man, and as His purpose was fulfilled through the Prophet Mohammad it is reasonable to conclude that but for All\u0101h wishing to be known and His completing His favor to man and perfecting man&rsquo;s religion through Mohammad, All\u0101h would not have created the &ldquo;universe.&rdquo; And as Mohammad was the end to this Divine purpose (the last of the Prophets and Unifier of mankind under one Divine Law) then All\u0101h created the universe because of Mohammad.<\/span>\n<\/p>\n<p style=\"text-align: justify; margin-left: 36pt;\">\n\t<span style=\"color: purple; font-family: georgia,palatino; font-size: 12pt;\">(As Mumtaz Mahal might have related that her husband, Shah Jahnan, said to her: &ldquo;Were it not for you, [O Mumtaz] I would not have&rdquo; built the Taj Mahal.&rdquo; <\/span>\n<\/p>\n<p style=\"text-align: justify; margin-left: 36pt;\">\n\t<span style=\"color: purple; font-family: georgia,palatino; font-size: 12pt;\">&nbsp;&nbsp; Or as someone might have jested that the stone-cutter said: &ldquo;Were it not for you [O majesty] I would not have chiseled the Kohinoor diamond from India&rdquo;). <\/span>\n<\/p>\n<p style=\"text-align: justify;\">\n\t<span style=\"font-size: 12pt;\"><span style=\"font-family: georgia,palatino;\">Thus, far from being &ldquo;a pathological narcissist&rdquo; &ldquo;cut off from reality to claim the universe was created because of him,&rdquo; Mohammad spoke the truth. What needs to be done is to meditate and expand on his statements.<\/span><\/span><\/p>\n","protected":false},"excerpt":{"rendered":"<p>In the name of All\u0101h, the Beneficent, the Merciful. Peace and Blessings of All\u0101h on Mohammad. DEDICATED TO All\u0101h&ndash;the Glorious and the High, Lord of the worlds AND TO Mohammad&ndash;who brought the world to our feet and eternity to our arms. * MOHAMMAD&ndash;NARCISSIST OR REASON FOR CREATION? ALI SINA notes a number of verses of [&hellip;]<\/p>\n","protected":false},"author":1,"featured_media":0,"parent":0,"menu_order":0,"comment_status":"closed","ping_status":"open","template":"","meta":{"_monsterinsights_skip_tracking":false,"_monsterinsights_sitenote_active":false,"_monsterinsights_sitenote_note":"","_monsterinsights_sitenote_category":0,"footnotes":""},"class_list":["post-463","page","type-page","status-publish","hentry"],"_links":{"self":[{"href":"https:\/\/nogodbutallah.org\/index.php?rest_route=\/wp\/v2\/pages\/463","targetHints":{"allow":["GET"]}}],"collection":[{"href":"https:\/\/nogodbutallah.org\/index.php?rest_route=\/wp\/v2\/pages"}],"about":[{"href":"https:\/\/nogodbutallah.org\/index.php?rest_route=\/wp\/v2\/types\/page"}],"author":[{"embeddable":true,"href":"https:\/\/nogodbutallah.org\/index.php?rest_route=\/wp\/v2\/users\/1"}],"replies":[{"embeddable":true,"href":"https:\/\/nogodbutallah.org\/index.php?rest_route=%2Fwp%2Fv2%2Fcomments&post=463"}],"version-history":[{"count":0,"href":"https:\/\/nogodbutallah.org\/index.php?rest_route=\/wp\/v2\/pages\/463\/revisions"}],"wp:attachment":[{"href":"https:\/\/nogodbutallah.org\/index.php?rest_route=%2Fwp%2Fv2%2Fmedia&parent=463"}],"curies":[{"name":"wp","href":"https:\/\/api.w.org\/{rel}","templated":true}]}}