{"id":4124,"date":"2019-03-17T17:33:35","date_gmt":"2019-03-17T17:33:35","guid":{"rendered":"https:\/\/nogodbutallah.org\/?page_id=4124"},"modified":"2022-01-06T17:17:50","modified_gmt":"2022-01-06T17:17:50","slug":"christianity-does-not-exist","status":"publish","type":"page","link":"https:\/\/nogodbutallah.org\/?page_id=4124","title":{"rendered":"Christianity does NOT exist"},"content":{"rendered":"\r\n<p class=\"has-text-color\" style=\"color: #5b00a3; text-align: center;\"><br \/><span style=\"color: #800080; font-family: 'times new roman', times, serif; font-size: 14pt;\">In the name of All\u0101h,<\/span><br \/><span style=\"color: #800080; font-family: 'times new roman', times, serif; font-size: 14pt;\">the Beneficent, the Merciful.<\/span><br \/><span style=\"color: #800080; font-family: 'times new roman', times, serif; font-size: 14pt;\">Peace and Blessings of All\u0101h on Mohammad.<\/span><br \/><span style=\"color: #ff0000; font-family: 'times new roman', times, serif; font-size: 14pt;\">DEDICATED TO<\/span><br \/><span style=\"color: #800080; font-family: 'times new roman', times, serif; font-size: 14pt;\">All\u0101h\u2013the Glorious and the High,<\/span><br \/><span style=\"color: #800080; font-family: 'times new roman', times, serif; font-size: 14pt;\">Lord of the worlds<\/span><br \/><span style=\"color: #ff0000; font-family: 'times new roman', times, serif; font-size: 14pt;\">AND TO<\/span><br \/><span style=\"color: #800080; font-family: 'times new roman', times, serif; font-size: 14pt;\">Mohammad\u2013who brought the world<\/span><br \/><span style=\"color: #800080; font-family: 'times new roman', times, serif; font-size: 14pt;\">to our feet and eternity to our arms<\/span><br \/><span style=\"color: #800080; font-family: 'times new roman', times, serif; font-size: 14pt;\">*<\/span><\/p>\r\n<p><span style=\"font-family: 'times new roman', times, serif; font-size: 14pt;\">\r\n\r\n<\/span><\/p>\r\n<p class=\"has-text-color has-large-font-size has-vivid-red-color\" style=\"text-align: justify;\"><span style=\"font-family: 'times new roman', times, serif; font-size: 18pt; color: #800080;\">\u00a0 \u00a0 \u00a0 \u00a0 \u00a0 \u00a0 \u00a0CHRISTIANITY DOES NOT EXIST<br \/>\u00a0 \u00a0 \u00a0 \u00a0 \u00a0 \u00a0 \u00a0 \u00a0 \u00a0 \u00a0 \u00a0JESUS IN DREAMS<\/span><\/p>\r\n<p style=\"text-align: justify;\"><span style=\"font-family: 'times new roman', times, serif; font-size: 14pt;\">Christians opine that Islam will collapse.<\/span><br \/><span style=\"font-family: 'times new roman', times, serif; font-size: 14pt;\">Okay, so Islam will collapse. What about Christianity?<\/span><\/p>\r\n<p style=\"text-align: justify;\"><span style=\"font-family: 'times new roman', times, serif; font-size: 14pt;\">Given that Jesus came\u00a0<span style=\"color: #0000ff;\"><a style=\"color: #0000ff;\" href=\"https:\/\/nogodbutallah.org\/?page_id=241\">only for Jews<\/a>,<\/span>\u00a0considered non-Jews \u201cdogs\u201d and \u201cswine\u201d and preached in parables to keep them out of heaven; and he taught Unity of God\u2013(Mark 12:29) as opposed to Trinity; and taught sinless birth\u00a0(likening children to the kingdom of God),\u00a0and that eternal life lies in observing the Mosaic Law until the arrival of the Comforter as opposed to original\/inherited sin and vicarious atonement. <span style=\"color: #800080;\">Christians are followers of the Church<\/span> NOT of Christ. And as a \u201cChristian\u201d is one who follows Christ, and as <span style=\"color: #800080;\">Christians are not following Christ<\/span>, logically<\/span><br \/><span style=\"color: #800080; font-family: 'times new roman', times, serif; font-size: 14pt;\">THERE IS NO CHRISTIAN\u00a0IN THE WORLD TODAY<\/span><br \/><span style=\"font-family: 'times new roman', times, serif; font-size: 14pt;\">Thus, after two thousand years<\/span><br \/><span style=\"color: #800080; font-family: 'times new roman', times, serif; font-size: 14pt;\">JESUS DOES NOT HAVE EVEN A SINGLE FOLLOWER<\/span><\/p>\r\n<p style=\"text-align: justify;\"><span style=\"font-family: 'times new roman', times, serif; font-size: 14pt;\">As they are followers of the Church, Christians are factually \u201cCHURCHIANS\u201d and their religion is \u201cCHURCHIANITY.\u201d And as the name\u00a0<em>Christianity\u00a0<\/em>comes from Christ, and as there is no Christian\u00a0<span style=\"color: #800080;\">\u2013no follower of Christ\u2013<\/span>\u00a0therefore, logically<\/span><br \/><span style=\"color: #800080; font-family: 'times new roman', times, serif; font-size: 14pt;\">CHRISTIANITY DOES NOT EXIST!<\/span><br \/><span style=\"color: #800080; font-family: 'times new roman', times, serif; font-size: 14pt;\">JESUS CHRIST IS ONLY A FIGUREHEAD\u00a0IN THE CHURCH!<\/span><br \/><span style=\"font-family: 'times new roman', times, serif; font-size: 14pt;\">(For Trinity etc; see\u00a0<span style=\"color: #0000ff;\"><a style=\"color: #0000ff;\" href=\"https:\/\/nogodbutallah.org\/?page_id=5090\">Christianity dupes people<\/a><\/span>)<\/span><\/p>\r\n<p style=\"text-align: justify;\"><span style=\"font-family: 'times new roman', times, serif; font-size: 14pt;\">As noted, Christianity <span style=\"color: #800080;\">\u2013Trinity, original\/inherited sin and vicarious atonement\u2013<\/span> is opposed to the teachings of Christ, and as promoting doctrines in the name of Christ that Christ did not teach is to be against Christ, logically:<\/span><br \/><span style=\"color: #800080; font-family: 'times new roman', times, serif; font-size: 14pt;\">THE CHURCH\/CHRISTIANS IS THE ANTI-CHRIST. \u00a0<\/span><\/p>\r\n<p style=\"text-align: justify;\"><span style=\"font-family: 'times new roman', times, serif; font-size: 14pt;\">Whereas there are some 1.8 billion Muslims in the world today. For the past 1500 years there has not been, and there is not now, and there will not be, any \u201cChristian\u201d in the world. Even if Churchians should turn to the teaching of Christ <span style=\"color: #800080;\">\u2013that he was only a prophet sent to reform the Israelite and exhort them to follow the Comforter\u2013<\/span> yet there would be no Christian. For, if they want to go to heaven, and they certainly do, Christians would have no choice but to take the natural and logical step to ISLAM!\u00a0<\/span><br \/><span style=\"font-family: 'times new roman', times, serif; font-size: 14pt;\"><span style=\"font-style: inherit; font-weight: inherit;\">Jesus said the\u00a0<\/span><span style=\"color: #0000ff;\"><a style=\"font-style: inherit; font-weight: inherit; color: #0000ff;\" href=\"https:\/\/nogodbutallah.org\/?page_id=278\"><span style=\"font-style: inherit; font-weight: inherit;\">Comforter\u00a0<\/span><\/a><\/span><span style=\"font-style: inherit; font-weight: inherit;\">will give \u201call truth\u201d and \u201cabide forever\u201d.\u00a0 As the Comforter will give \u201call truth\u201d and \u201cabide for ever\u201d the Bible, devoid of \u201call truth\u201d\u00a0the BIBLE IS OBSOLETE.;<\/span>\u00a0and Jesus not giving \u201call truth\u201d\u00a0<span style=\"color: #800080;\">JESUS IS REDUNDANT: NO ONE NEEDS JESUS!<\/span> (though Muslims are to still honour\u00a0 him as prophet of Allah God) . (See\u00a0<a href=\"https:\/\/nogodbutallah.org\/?page_id=535\"><span style=\"color: #0000ff;\">Bible corrupt &amp; obsolete<\/span><span style=\"color: #000000;\">).<\/span><\/a><\/span><\/p>\r\n<p style=\"text-align: justify;\"><span style=\"font-family: 'times new roman', times, serif; font-size: 14pt;\"><span style=\"font-style: inherit; font-weight: inherit; color: #800080;\"><em>That Islam will collapse:<\/em><br \/><\/span><strong>Spiritually:<\/strong>\u00a0Islam, which is peace and submission to the will of God, governs all creations<span style=\"color: #800080;\">\u00a0\u2013every created thing is under the governance of Divine Law or submits to the will of God\u2013<\/span>\u00a0and transcends from eternity to eternity. Thus, spiritually, ISLAM WILL NEVER COLLAPSE.\u00a0<span style=\"color: #0000ff;\"><a style=\"font-style: inherit; font-weight: inherit; color: #0000ff;\" href=\"https:\/\/nogodbutallah.org\/?page_id=592\">All people are Muslims<\/a><\/span><\/span><\/p>\r\n<p style=\"text-align: justify;\"><span style=\"font-style: inherit; font-weight: inherit; font-family: 'times new roman', times, serif; font-size: 14pt;\"><strong style=\"font-style: inherit;\">Theologically:\u00a0<\/strong>Unlike the doctrines of \u201cChristianity\u201d\u00a0<span style=\"color: #800080;\">\u2013Trinity, original\/inherited sin and vicarious atonement\u2013<\/span>\u00a0which are repugnant to reason. The doctrines of Islam\u00a0<span style=\"color: #800080;\">\u2013Unity of Godhood, Salah\/Prayer, Zakaat\/Purity-Charity, Fasting, and Hajj\u2013\u00a0<\/span>are conducive to reason, the factor through which God calls us to govern ourselves\u2013(Isaiah 1:18, Qur\u2019an 16:125), and the factor which separates us from, and elevates us above, the animals. Thus, theologically, so long as man governs himself by reason\u00a0<span style=\"color: #800080;\"><strong style=\"font-style: inherit;\">ISLAM WILL NOT COLLAPSE.<\/strong><\/span><\/span><\/p>\r\n<p style=\"text-align: justify;\"><span style=\"color: #000000; font-family: 'times new roman', times, serif; font-size: 14pt;\">\u00a0 \u00a0 \u00a0 \u00a0 \u00a0 \u00a0 \u00a0 \u00a0 \u00a0 \u00a0 \u00a0 \u00a0 \u00a0 \u00a0 \u00a0 \u00a0 \u00a0 \u00a0<span style=\"color: #800080;\"> \u00a0 <span style=\"font-size: 18pt;\">\u00a0JESUS IN DREAMS<\/span><\/span><br \/><\/span><span style=\"color: #000000; font-family: 'times new roman', times, serif; font-size: 14pt;\"><span style=\"font-family: 'times new roman', times, serif; font-size: 14pt;\"><span style=\"color: #000000;\">Intriguingly, in life Jesus declared he came <span style=\"color: #0000ff;\"><a style=\"color: #0000ff;\" href=\"https:\/\/nogodbutallah.org\/?page_id=241\">only for Jews<\/a> <\/span>and prayed only for them, he regarded non-Jews as dogs and swine <span style=\"color: purple;\">\u2013which is the worst of denigrations as dogs and swine are scavengers and regarded as the lowest of creatures\u2013 <\/span><\/span><span style=\"color: #000000;\">and preached in parables to keep them out of heaven. Now he is coming as phantom in dreams\/visions to these dogs and swine telling them to worship <\/span><span style=\"color: #800080;\">a God Who went into the body of a woman, grew Himself an anus, came out her genital, had man cut His foreskin, ate butter and honey to gain knowledge, grew in wisdom and stature and needed to find favor with man; and blamed and killed the innocent for the guilty.<\/span><span style=\"color: #000000;\"> Astounding!<br \/>Is it Jesus these people are dreaming\/seeing or is it Satan? N<\/span><span style=\"color: #800080;\"><span style=\"color: #000000;\">o one knows what Jesus looked like:<\/span> \u201cDuring the first three centuries of the Christian Church, however, <em><strong>there was no Christian art,<\/strong> <\/em>and the Church generally resisted it with all its might\u2026.Only when the Christian Church became the Roman imperial church under Emperor Constantine in the <em><strong>early 4th century<\/strong><\/em> were pictures used in the churches\u201d\u2013(<em>Ency. Brit.<\/em> 15th. Edn; Vol. 4; Art and iconography, p.(501) 502. (Emphasis added)<br \/><\/span> <span style=\"color: #000000;\">No doubt, these \u201cdreamers\u201d are seeing Satan in his vow to stray man from God; as \u00a0he duped <span style=\"color: #0000ff;\"><a style=\"color: #0000ff;\" href=\"https:\/\/nogodbutallah.org\/?page_id=582\">Paul <\/a><\/span>into forging his own gospel and duped the Christian Fathers, Athanasius and others, in 324 to invent the Trinity (see <a style=\"color: #000000;\" href=\"https:\/\/nogodbutallah.org\/?page_id=5090\"><span style=\"color: #0000ff;\">Christianity dupes people<\/span>)<\/a>.<br \/><span style=\"color: #800000;\">Without doubt, people of honest reflection will agree that to put God in the belly of a woman He created and give Him an anus, to pull God out her menstrual passage and circumcise His foreskin is repugnant to Twenty-first Century intelligence.<\/span><\/span>\u00a0<br \/><\/span><\/span><span style=\"color: #000000; font-family: 'times new roman', times, serif; font-size: 14pt;\"><span style=\"font-family: 'times new roman', times, serif; font-size: 14pt;\"><img decoding=\"async\" class=\"aligncenter\" src=\"https:\/\/images-na.ssl-images-amazon.com\/images\/I\/21tgyAnSwpL._SX322_BO1,204,203,200_.jpg\" \/><a href=\"https:\/\/www.amazon.com\/SHARIAH-SUPREME-SYSTEM-CHRIST-CHRISTIANS\/dp\/1777798116\/ref=sr_1_1?crid=2KEKYV46R2MIQ&amp;keywords=shari%27ah+supreme+system&amp;qid=1640458250&amp;sprefix=shari%27ah+supreme+system%2Caps%2C67&amp;sr=8-1\"><span style=\"color: #0000ff;\">https:\/\/www.amazon.com\/SHARIAH-SUPREME-SYSTEM-CHRIST-CHRISTIANS\/dp\/1777798116\/ref=sr_1_1?crid=2KEKYV46R2MIQ &amp;keywords=shari%27ah+supreme+system&amp;qid=1640458250&amp;sprefix =shari%27ah+supreme+system%2Caps%2C67&amp;sr=8-1<\/span><\/a><br \/><\/span><\/span><\/p>\r\n<p style=\"text-align: justify;\"><img loading=\"lazy\" decoding=\"async\" width=\"336\" height=\"336\" class=\"wp-image-4153 aligncenter\" style=\"font-family: 'times new roman', times, serif; font-size: 12pt;\" src=\"https:\/\/nogodbutallah.org\/wp-content\/uploads\/2019\/04\/image-4.png\" alt=\"\" srcset=\"https:\/\/nogodbutallah.org\/wp-content\/uploads\/2019\/04\/image-4.png 336w, https:\/\/nogodbutallah.org\/wp-content\/uploads\/2019\/04\/image-4-150x150.png 150w, https:\/\/nogodbutallah.org\/wp-content\/uploads\/2019\/04\/image-4-300x300.png 300w\" sizes=\"auto, (max-width: 336px) 100vw, 336px\" \/><\/p>\r\n<p><span style=\"font-family: 'times new roman', times, serif; font-size: 14pt;\">\r\n\r\n<\/span><\/p>\r\n<p class=\"has-text-color has-background has-large-font-size has-vivid-red-color has-pale-cyan-blue-background-color\" style=\"text-align: center;\"><span style=\"font-family: 'times new roman', times, serif; font-size: 14pt;\"><strong><span style=\"color: #800080;\">THERE IS NO GOD BUT ALLAH<br \/>MOHAMMAD IS THE MESSENGER OF ALLAH<\/span><\/strong><\/span><\/p>\r\n<p><span style=\"font-family: 'times new roman', times, serif; font-size: 14pt;\">\r\n\r\n<\/span><\/p>\r\n<p><span style=\"font-family: 'times new roman', times, serif; font-size: 14pt;\">\r\n\r\n<\/span><\/p>\r\n<p><span style=\"font-family: 'times new roman', times, serif; font-size: 14pt;\">\r\n\r\n<\/span><\/p>\r\n<p><span style=\"font-family: 'times new roman', times, serif; font-size: 14pt;\">\r\n\r\n\r\n\r\n\r\n\r\n\r\n\r\n<\/span><\/p>\r\n<p>&nbsp;<\/p>\r\n<p><span style=\"font-family: 'times new roman', times, serif; font-size: 14pt;\">\r\n\r\n","protected":false},"excerpt":{"rendered":"<p>In the name of All\u0101h,the Beneficent, the Merciful.Peace and Blessings of All\u0101h on Mohammad.DEDICATED TOAll\u0101h\u2013the Glorious and the High,Lord of the worldsAND TOMohammad\u2013who brought the worldto our feet and eternity to our arms* \u00a0 \u00a0 \u00a0 \u00a0 \u00a0 \u00a0 \u00a0CHRISTIANITY DOES NOT EXIST\u00a0 \u00a0 \u00a0 \u00a0 \u00a0 \u00a0 \u00a0 \u00a0 \u00a0 \u00a0 \u00a0JESUS IN DREAMS [&hellip;]<\/p>\n","protected":false},"author":1,"featured_media":0,"parent":0,"menu_order":0,"comment_status":"closed","ping_status":"closed","template":"","meta":{"_monsterinsights_skip_tracking":false,"_monsterinsights_sitenote_active":false,"_monsterinsights_sitenote_note":"","_monsterinsights_sitenote_category":0,"footnotes":""},"class_list":["post-4124","page","type-page","status-publish","hentry"],"_links":{"self":[{"href":"https:\/\/nogodbutallah.org\/index.php?rest_route=\/wp\/v2\/pages\/4124","targetHints":{"allow":["GET"]}}],"collection":[{"href":"https:\/\/nogodbutallah.org\/index.php?rest_route=\/wp\/v2\/pages"}],"about":[{"href":"https:\/\/nogodbutallah.org\/index.php?rest_route=\/wp\/v2\/types\/page"}],"author":[{"embeddable":true,"href":"https:\/\/nogodbutallah.org\/index.php?rest_route=\/wp\/v2\/users\/1"}],"replies":[{"embeddable":true,"href":"https:\/\/nogodbutallah.org\/index.php?rest_route=%2Fwp%2Fv2%2Fcomments&post=4124"}],"version-history":[{"count":62,"href":"https:\/\/nogodbutallah.org\/index.php?rest_route=\/wp\/v2\/pages\/4124\/revisions"}],"predecessor-version":[{"id":5534,"href":"https:\/\/nogodbutallah.org\/index.php?rest_route=\/wp\/v2\/pages\/4124\/revisions\/5534"}],"wp:attachment":[{"href":"https:\/\/nogodbutallah.org\/index.php?rest_route=%2Fwp%2Fv2%2Fmedia&parent=4124"}],"curies":[{"name":"wp","href":"https:\/\/api.w.org\/{rel}","templated":true}]}}