{"id":410,"date":"2015-02-26T03:40:49","date_gmt":"2015-02-26T03:40:49","guid":{"rendered":"http:\/\/azmi.co\/cust\/ngba-wp\/?page_id=410"},"modified":"2023-07-23T16:05:52","modified_gmt":"2023-07-23T16:05:52","slug":"islam-amputationdismemberment","status":"publish","type":"page","link":"https:\/\/nogodbutallah.org\/?page_id=410","title":{"rendered":"Islam-amputation\/dismemberment"},"content":{"rendered":"<p style=\"text-align: center;\" align=\"center\"><span style=\"font-family: 'times new roman', times, serif; font-size: 14pt;\"><span style=\"color: purple;\">In the name of All\u0101h,<br \/>\n<\/span><span style=\"color: purple;\">the Beneficent, the Merciful.<br \/>\n<\/span><span style=\"color: purple;\">Peace and Blessings of All\u0101h on Mohammad.<br \/>\n<\/span><span style=\"color: red;\">DEDICATED TO<br \/>\n<\/span><span style=\"color: purple;\">All\u0101h\u2013the Glorious and the High,<br \/>\n<\/span><span style=\"color: purple;\">Lord of the worlds<br \/>\n<\/span><span style=\"color: red;\">AND TO<br \/>\n<\/span><span style=\"color: purple;\">Mohammad\u2013who brought the world<br \/>\n<\/span><span style=\"color: purple;\">to our feet and eternity to our arms.<\/span><\/span><\/p>\n<p style=\"text-align: center;\" align=\"center\"><span style=\"font-family: 'times new roman', times, serif; font-size: 24pt;\">\u00a0<span style=\"color: purple;\">Amputation\/Dismemberment<\/span><\/span><\/p>\n<p style=\"text-align: justify;\"><span style=\"font-family: 'times new roman', times, serif; font-size: 14pt;\">The Qur\u2019an was revealed over a period of twenty-three years; during this long period, unless he received Divine Revelation in the matter, the Prophet followed the teachings of the Bible, which requires death to the adulterer, the unchaste bride, the apostate the blasphemer and the homosexuals; which Biblical laws were annulled by subsequent Qur\u2019anic revelations\u2013(Qur\u2019an 2:106; 16:101. See Muhammad Ali\u2019s comm. His translation of the Qur\u2019an can be viewed online: <span style=\"color: #0000ff;\"><a style=\"color: #0000ff;\" href=\"http:\/\/www.muslim.org\/\">www.muslim.org<\/a><\/span>). Prophet Mohammad taught according to the Qur\u2019an\u2013(Qur\u2019an 10:15; 21:45; 46:9; 53:3-4). <\/span><\/p>\n<p style=\"text-align: justify;\"><span style=\"color: purple; font-family: 'times new roman', times, serif; font-size: 14pt;\">(<i>The Bible\u2013Judaism and Christianity\u2013also requires dismemberment:<\/i> \u201cWhen men strive together one with another, and the wife of the one draweth near for to deliver her husband out of the hand of him that smiteth him, and putteth forth her hand, and taketh him by the secrets: Then thou shalt <i>cut off her hand<\/i>, thine eye shall not pity her\u201d\u2013(Deut. 25:11-12). <\/span><\/p>\n<p style=\"text-align: justify;\"><span style=\"font-family: 'times new roman', times, serif; font-size: 14pt;\">Islamic dismemberment is said to be ineffective as a deterrent to theft. However, almost all societies imprison murderers and rapists and thieves and other criminals. Yet these imprisonments do not deter others from becoming murderers and rapists and thieves; nor does it, in some cases, deter criminals from repeat-ing their crimes. Must societies then refrain from incarcerating its criminals because incarceration is no deterrent to crimes? Most, if not all, secular laws imprison the thief, who may yet return to menace society. Islam puts an end to their thievery permanently.<\/span><\/p>\n<p style=\"text-align: justify;\"><span style=\"font-family: 'times new roman', times, serif; font-size: 14pt;\"><i>\u00a0\u00a0 All\u0101h, God, enjoins charity. Muslim society is to be charitable; and the hungry are to ask assistance so that there should be no need for theft because of hunger.<\/i><\/span><\/p>\n<p style=\"text-align: justify;\"><span style=\"font-family: 'times new roman', times, serif; font-size: 14pt;\">\u00a0\u00a0 The punishment for theft is the cutting off of the hand of the thief\u2013(Qur\u2019an 5:38). Allah also says: <span style=\"color: purple;\">\u201cBut whoever repents after his wrongdoing and reforms, Allah will turn to him (mercifully). Surely Allah is Forgiving, Merciful\u201d\u2013(Qur\u2019an 5:39. Also 5:33-34).<\/span><\/span><\/p>\n<p style=\"text-align: justify;\"><span style=\"font-family: 'times new roman', times, serif; font-size: 14pt;\">\u00a0\u00a0 Cutting off of the hand is dependent upon whether theft was because of hunger, for profit, or mischief. In the case of hunger there is to be no cutting off of the hand. In the case of the latter two, compensation or restitution may be effected before apprehended by the law. Muhammad Ali states, \u201ccutting off of the hand is the maximum punishment.\u201d <\/span><\/p>\n<p style=\"text-align: justify;\"><span style=\"font-family: 'times new roman', times, serif; font-size: 14pt;\">\u00a0\u00a0 Dismemberment is only for the incorrigible offender; and also on the value of the item. Further, using as precedent the case of the murderer who can be forgiven by his victim\u2019s relations\u2013(Qur\u2019an 2:178; 4:92), thieves may also be forgiven by their victims. Thus the thief has two chances of being spared: by turning himself in and by coming to some terms with his victim.<\/span><\/p>\n<p style=\"text-align: justify;\"><span style=\"font-family: 'times new roman', times, serif; font-size: 14pt;\">\u00a0\u00a0 Muhammad Ali has noted an incident whereby a slave was not dismembered because the slave\u2019s master evidenced that he heard the Prophet say that \u201cthere was to be no cutting off of the hand in the case of theft of fruit\u201d\u2013(<i>The Religion of Islam<\/i>, p. 729). <\/span><\/p>\n<p style=\"text-align: justify;\"><span style=\"font-family: 'times new roman', times, serif; font-size: 14pt;\">\u00a0\u00a0 Those who condemn this law of Islam should consider:<\/span><\/p>\n<p style=\"text-align: justify; margin-left: 45pt;\"><span style=\"font-family: 'times new roman', times, serif; font-size: 14pt;\">-if it is better for a man to dismember his \u201coffensive\u201d limb (as Christ says\u2013Matt. 18:8) to preserve the health of his other parts, how much more appropriate it is that the cancer of society be excised to maintain the moral health of society<\/span><\/p>\n<p style=\"text-align: justify; margin-left: 45pt;\"><span style=\"font-family: 'times new roman', times, serif; font-size: 14pt;\">-what individual is there who would not amputate a limb of his body that is afflicted with cancer so as to prevent the cancer from infecting his or her entire body<\/span><\/p>\n<p style=\"text-align: justify; margin-left: 45pt;\"><span style=\"font-family: 'times new roman', times, serif; font-size: 14pt;\">-what law-abiding citizens, men and women are there, toiling honestly and tiringly for their livelihood would take kindly to thieves to come and plunder their belongings; how many such men and women are there who, after a day of toiling, would prefer to keep vigil at night against thieves, in sympathy for them, to spare their hands from being chopped off<\/span><\/p>\n<p style=\"text-align: justify; margin-left: 45pt;\"><span style=\"font-family: 'times new roman', times, serif; font-size: 14pt;\">-what honest person is there who would not like to sleep with windows open on sweltering summer nights, without having to fear about thieves and robbers coming into their homes.<\/span><\/p>\n<p style=\"text-align: justify;\"><span style=\"font-family: 'times new roman', times, serif; font-size: 14pt;\">\u00a0\u00a0 It would seem to be \u201ctorture\u201d to have victims and\/or their family circles live with the mental torture of fear, dreading if or when the murderer, rapist, or thief might return to plague them.<\/span><\/p>\n<p style=\"text-align: center;\" align=\"center\"><span style=\"color: #ff0000; font-family: 'times new roman', times, serif; font-size: 18pt;\">Man is not more merciful than God!<\/span><\/p>\n<p style=\"text-align: center;\" align=\"center\"><span style=\"color: purple; font-family: 'times new roman', times, serif; font-size: 14pt;\">*<\/span><\/p>\n<p style=\"text-align: justify;\"><span style=\"font-family: 'times new roman', times, serif; font-size: 14pt;\">As noted above the Bible requires that a woman coming to the aid of her husband have her hand cut off: <span style=\"color: purple;\">\u201cWhen men strive together one with another, and the wife of the one draweth near for to deliver her husband out of the hand of him that smiteth him, and putteth forth her hand, and taketh him by the secrets: Then thou shalt <i>cut off her hand<\/i>, thine eye shall not pity her\u201d\u2013(Deut. 25:11-12). <\/span><\/span><\/p>\n<p style=\"text-align: justify;\"><span style=\"font-family: 'times new roman', times, serif; font-size: 14pt;\">\u00a0\u00a0 While the Christian criticizes the Qur\u2019an for \u201cdismembering the person for \u201clooting\u201d what is not his, his Bible (and as Christians say Jesus is God then Jesus) decrees that his followers cut off the hand of the woman who grabs another mans genitals, even though she tries to help her husband from possibly being killed by his adversary. <\/span><\/p>\n<p style=\"text-align: justify;\"><span style=\"font-family: 'times new roman', times, serif; font-size: 14pt;\">\u00a0\u00a0 So \u201cChristian\u201d ladies if your husband is about to be killed by his adversary\/assailant and you have no other means of helping him but by \u201ctaking him by the secrets\u201d you have the choice of letting him be killed or have your hand \u201ccut off.\u201d<br \/>\n(Though the choice might not be difficult if you want to collect insurance payoff, or to get out of a bad marriage seeing that only the <span style=\"background: yellow;\">man<\/span> is allowed to put away his wife,<sup><span style=\"background: yellow;\">1<\/span><\/sup> or if you would like to remarry and not want to be labeled an \u201cadulteress\u201d:<span style=\"color: purple;\"><br \/>\n\u201cFor the woman which hath an husband is bound by the law to her husband <span style=\"background: yellow;\">so long as he liveth<\/span>\u2026.So then if, while her husband <span style=\"background: yellow;\">liveth,<\/span> she be married to another man, she shall <span style=\"background: yellow;\">be called an <\/span><\/span><span style=\"background: yellow; color: purple;\">ADULTERESS<\/span><span style=\"color: purple;\">\u201d\u2013Romans 7:2-3). <\/span><\/span><\/p>\n<p style=\"text-align: justify;\"><span style=\"font-family: 'times new roman', times, serif; font-size: 14pt;\">\u00a0\u00a0 The Bible (and as Christians say Jesus is God then Jesus) also requires that a thief not only lose his hand but lose his life as well:\u00a0<span style=\"color: purple;\">\u201cIf a man be found stealing any of his brethren of the children of Israel, and maketh merchandise of him, or selleth him; then that <\/span><span style=\"background: yellow; color: purple;\">THIEF<\/span><span style=\"color: purple;\"> SHALL DIE<\/span><span style=\"color: purple;\">\u201d\u2013Deut. 24:7). <\/span><\/span><\/p>\n<p style=\"text-align: center;\" align=\"center\"><span style=\"color: purple; font-family: 'times new roman', times, serif; font-size: 14pt;\">*<\/span><\/p>\n<p style=\"text-align: center;\" align=\"center\"><span style=\"color: purple; font-family: 'times new roman', times, serif; font-size: 14pt;\">NOTES<\/span><\/p>\n<p style=\"text-align: justify;\"><span style=\"font-family: 'times new roman', times, serif; font-size: 14pt;\"><span style=\"background: yellow;\">1.<\/span> Matthew 5:32, <span style=\"color: purple;\">\u201cHe that putteth away his wife\u2026\u201d<\/span> There is no mention of the woman being able to put away her husband.<\/span><\/p>\n","protected":false},"excerpt":{"rendered":"<p>In the name of All\u0101h, the Beneficent, the Merciful. Peace and Blessings of All\u0101h on Mohammad. DEDICATED TO All\u0101h\u2013the Glorious and the High, Lord of the worlds AND TO Mohammad\u2013who brought the world to our feet and eternity to our arms. \u00a0Amputation\/Dismemberment The Qur\u2019an was revealed over a period of twenty-three years; during this long [&hellip;]<\/p>\n","protected":false},"author":1,"featured_media":0,"parent":0,"menu_order":0,"comment_status":"closed","ping_status":"open","template":"","meta":{"_monsterinsights_skip_tracking":false,"_monsterinsights_sitenote_active":false,"_monsterinsights_sitenote_note":"","_monsterinsights_sitenote_category":0,"footnotes":""},"class_list":["post-410","page","type-page","status-publish","hentry"],"_links":{"self":[{"href":"https:\/\/nogodbutallah.org\/index.php?rest_route=\/wp\/v2\/pages\/410","targetHints":{"allow":["GET"]}}],"collection":[{"href":"https:\/\/nogodbutallah.org\/index.php?rest_route=\/wp\/v2\/pages"}],"about":[{"href":"https:\/\/nogodbutallah.org\/index.php?rest_route=\/wp\/v2\/types\/page"}],"author":[{"embeddable":true,"href":"https:\/\/nogodbutallah.org\/index.php?rest_route=\/wp\/v2\/users\/1"}],"replies":[{"embeddable":true,"href":"https:\/\/nogodbutallah.org\/index.php?rest_route=%2Fwp%2Fv2%2Fcomments&post=410"}],"version-history":[{"count":4,"href":"https:\/\/nogodbutallah.org\/index.php?rest_route=\/wp\/v2\/pages\/410\/revisions"}],"predecessor-version":[{"id":6658,"href":"https:\/\/nogodbutallah.org\/index.php?rest_route=\/wp\/v2\/pages\/410\/revisions\/6658"}],"wp:attachment":[{"href":"https:\/\/nogodbutallah.org\/index.php?rest_route=%2Fwp%2Fv2%2Fmedia&parent=410"}],"curies":[{"name":"wp","href":"https:\/\/api.w.org\/{rel}","templated":true}]}}