{"id":390,"date":"2015-02-26T02:53:40","date_gmt":"2015-02-26T02:53:40","guid":{"rendered":"http:\/\/azmi.co\/cust\/ngba-wp\/?page_id=390"},"modified":"2017-03-24T14:57:37","modified_gmt":"2017-03-24T14:57:37","slug":"islam-concubinage","status":"publish","type":"page","link":"https:\/\/nogodbutallah.org\/?page_id=390","title":{"rendered":"Islam-concubinage"},"content":{"rendered":"<p style=\"text-align: center;\" align=\"center\"><span style=\"color: purple; font-family: georgia,palatino; font-size: 12pt;\">In the name of All\u0101h,<br \/>\n<\/span><span style=\"color: purple; font-family: georgia,palatino; font-size: 12pt;\">the Beneficent, the Merciful.<br \/>\n<\/span><span style=\"color: purple; font-family: georgia,palatino; font-size: 12pt;\">Peace and Blessings of All\u0101h on Mohammad.<br \/>\n<\/span><span style=\"color: red; font-family: georgia,palatino; font-size: 12pt;\">DEDICATED TO<br \/>\n<\/span><span style=\"color: purple; font-family: georgia,palatino; font-size: 12pt;\">All\u0101h\u2013the Glorious and the High,<br \/>\n<\/span><span style=\"color: purple; font-family: georgia,palatino; font-size: 12pt;\">Lord of the worlds<br \/>\n<\/span><span style=\"color: red; font-family: georgia,palatino; font-size: 12pt;\">AND TO<br \/>\n<\/span><span style=\"color: purple; font-family: georgia,palatino; font-size: 12pt;\">Mohammad\u2013who brought the world<br \/>\n<\/span><span style=\"color: purple; font-family: georgia,palatino; font-size: 12pt;\">to our feet and eternity to our arms.<br \/>\n<\/span><span style=\"font-family: georgia,palatino; font-size: 12pt;\">*<\/span><\/p>\n<p style=\"text-align: justify;\" align=\"center\"><span class=\"PlainTextCharChar\" style=\"font-family: georgia,palatino; font-size: 14pt;\"><span style=\"color: purple;\">\u00a0 \u00a0 \u00a0 \u00a0 \u00a0 \u00a0 \u00a0 \u00a0 \u00a0 \u00a0 \u00a0 \u00a0 \u00a0 \u00a0 \u00a0 \u00a0CONCUBINAGE<br \/>\n<\/span><\/span><span style=\"font-family: georgia,palatino; font-size: 12pt;\">It is sheer ignorance for the critic(s) of Islam to say that the Qur\u2019an allows Muslims \u201cto cohabit\u201d with their female slaves, when the Qur\u2019an forbids adultery and fornication. Islam, having abolished slavery, there could be no such law allowing intimacy with female slaves when there is no such institution as slavery. <\/span><\/p>\n<p style=\"text-align: justify;\"><span class=\"PlainTextCharChar\" style=\"font-family: georgia,palatino; font-size: 12pt;\">Though Mohammad had \u201cfifteen wives,\u201d he had no \u201cconcubines and those who serviced his sexual desires,\u201d as one Christian preacher claims. <\/span><\/p>\n<p style=\"text-align: justify;\"><span class=\"PlainTextCharChar\" style=\"font-family: georgia,palatino; font-size: 12pt;\">\u00a0\u00a0 Islam does <strong><span style=\"text-decoration: underline;\">NOT<\/span> <\/strong>allow sex outside of marriage. All\u0101h says: \u201cGo not near to fornication\/adultery\u201d\u2013(Qur\u2019an 17:32; 25:68). Going not near to fornication\/adultery means to not even indulge in acts that lead to them\u2013such as amoral speech and touching. <\/span><\/p>\n<p style=\"text-align: justify;\"><span style=\"font-family: georgia,palatino; font-size: 12pt;\">\u00a0\u00a0 Qur\u2019an 23:1-6 states: \u201cSuccessful indeed are the believers, who are humble in their prayers\u2026And who restrain their sexual pas-sions\u2013Except in the presence of their mates or those whom their <strong><i>right hands possess<\/i>\u2026<\/strong>\u201d It is a mistake to believe that this verse sanctions concubinage with slave-girls. Muhammad Ali points out:<\/span><\/p>\n<p style=\"text-align: justify; margin-left: 36pt;\"><span style=\"font-family: georgia,palatino; font-size: 12pt;\">\u201cThe words <i>au ma malakat aimanu-hum<\/i>, of which a literal rendering is given in the translation, usually indi-cate <i>slaves<\/i>. It should be noted that this chapter is a Mak-kan revelation, and the conditons under which slave-girls could be taken as wives were given later at Madinah; see 4:25<i>a<\/i>. If the reference here is to sexual relations, the permission regarding those <i>whom their right hands possess <\/i>must be read subject to the conditions of 4:25. It may be added that slave-girls, when taken as wives, did not acquire the full status of a free wife, and hence they are spoken of distinctly. It may, however, be added that <i>hifz al-farj <\/i>in a wider sense means the <i>covering of parts of the body which it is indecent to expose<\/i>, and in this connection it must be borne in mind that according to Islamic rules of decency, the exposure of such parts of the body, as are generally exposed in ballrooms and theatres, is disallowed, but a certain degree of freedom is allow-ed to women in the presence of their husbands and female servants and to men in the presence of their wives and male servants.\u201d<\/span><\/p>\n<p style=\"text-align: justify;\"><span style=\"font-family: georgia,palatino; font-size: 12pt;\">Women slaves are to be taken as mates in marriages only. <span class=\"PlainTextCharChar\">In <\/span>Qur\u2019an 4:3 and 4:25 All\u0101h makes it clear that these \u201cslave-girls\u201d are to be <strong><i>married:<\/i><\/strong><br \/>\n-\u201cAnd <strong><i><span style=\"text-decoration: underline;\">marry<\/span><\/i><\/strong> not the idolatresses until they believe\u201d\u2013(Qur\u2019an 2:221);<br \/>\n<i>-\u201c<strong><span style=\"text-decoration: underline;\">marry<\/span><\/strong><\/i> such women as seem good for you, two, or three, or four; but if you fear you will not do justice, then (marry) only one or that <strong><i>which your right hand possess<\/i><\/strong>\u201d\u2013(Qur\u2019an 4:3);<br \/>\n-\u201cAnd whoever among you cannot afford to <strong><i><span style=\"text-decoration: underline;\">marry<\/span><\/i><\/strong> free believing women, (let him marry) such as your believing maidens as <strong><i>your right hands possess<\/i><\/strong>\u201d\u2013(Qur\u2019an 4:25);<br \/>\n-\u201cAnd <strong><i><span style=\"text-decoration: underline;\">marry<\/span><\/i><\/strong><i>\u00a0<\/i>those among you who are single, and those who are fit among your male slaves and your <strong><i><span style=\"text-decoration: underline;\">female slaves<\/span><\/i><\/strong>\u201d\u2013(Qur\u2019an 24:32). <\/span><\/p>\n<p style=\"text-align: justify;\"><span style=\"font-family: georgia,palatino; font-size: 12pt;\">And the Prophet Mohammad taught: <span class=\"PlainTextCharChar\">\u201cThe man shall have a double reward who has a slave-girl and he trains her in the best manner and he gives her the best education, then he sets her free and marries her\u201d\u2013(Bokhari Vol. 4 # 655; &amp; 3:720).<\/span><\/span><\/p>\n<p style=\"text-align: justify;\"><span style=\"font-family: georgia,palatino; font-size: 12pt;\">Again, All\u0101h says: \u201cSurely prayer keeps (one) away from indecency and evil\u201d\u2013(Qur\u2019an 29:45); and adultery, whether with slave-girls or with the free, is indecency. <span style=\"color: #800080;\">To enjoin decency and allow concubinage is a contradiction. <\/span><\/span><\/p>\n<p style=\"text-align: justify;\"><span style=\"font-family: georgia,palatino; font-size: 12pt;\">It would be a contradiction of the most glaring kind for Allah to enjoin chastity and decency, to instruct us to come not near to adultery\/fornication and still sanction \u201cconcubinage.\u201d\u00a0<span style=\"color: #800080;\">And there are no contradictions in the Qur\u2019an\u2013(4:82).<\/span><\/span><\/p>\n<p style=\"text-align: justify;\"><span style=\"font-family: georgia,palatino; font-size: 12pt;\"><span class=\"PlainTextCharChar\">Conversely, while Islam requires freeing of captives\u2013(Qur\u2019an 47:4), and Mohammad had no concubines, <\/span>the Bible (and Christian\u2019s God, Jesus), commanded: <\/span><\/p>\n<p style=\"text-align: justify; margin-left: 36pt;\"><span style=\"color: purple; font-family: georgia,palatino; font-size: 12pt;\">\u201cthou shalt smite every <strong>MALE <\/strong>thereof: But the <strong>WOMEN<\/strong>, and the little ones (<strong>LITTLE GIRLS<\/strong>, as \u201cevery male\u201d was slain)\u2026shalt thou <strong>TAKE UNTO THYSELF<\/strong>\u201d \u2013(Deuteronomy 20:12-17).<\/span><\/p>\n<p style=\"text-align: justify; margin-left: 36pt;\"><span style=\"color: purple; font-family: georgia,palatino; font-size: 12pt;\">\u201cThen the Lord spake unto Moses, saying\u2026And they warred against the Midianites, as the Lord commanded Moses\u2026And they brought the CAPTIVES and the prey and the spoil to Moses, and Eleazar\u2026And Moses said unto them\u2026Now therefore kill every MALE among the LITTLE ONES (of the captives), and kill EVERY WOMAN who hath known man by lying with him but <strong>ALL THE WOMEN CHILDREN<\/strong>, that have <strong>not known a man by lying with him (virgin girls)<\/strong> <strong>KEEP ALIVE FOR YOURSELVES<\/strong>\u2026And the BOOTY, being the rest of the prey which the men of war had caught was\u2026of WOMEN that had not known man by lying with him (virgin girls), were <strong>32,000. <\/strong>And the half, which was the portion of them that went out to war, was \u2026<strong>16,000 persons (virgin girls). <\/strong>And of the congregation\u2019s half portion of these 16.000 virgin girls, 320 were given to the Levite priests, as \u201cthe Lord commanded Moses.\u201d And the <strong>LORD\u2019S TRIBUTE <\/strong>(of the (booty) was <strong>32 persons<\/strong>\u2026.the men of war had taken SPOIL (BOOTY), <strong>EVERY MAN FOR HIMSELF<\/strong>\u201d\u2013(Numbers 31:1-53).<br \/>\n<\/span><span style=\"color: purple; font-family: georgia,palatino; font-size: 12pt;\"><span style=\"color: #ff0000;\">(Surely, these 16,000 young \u201cvirgin\u201d girls who were \u201cbooty\u2019 were taken by the \u201cwarriors\u201d not for ploughing fields. And the 320 given to the Levite priests could have hardly been for \u201caltar\u201d-girl service.<br \/>\n<\/span><\/span><span style=\"color: #800080;\">And as Christians say Jesus is God, according to Christians it was Jesus who commanded these little virgin girls be taken as sex slaves and even assigned some for himself).<\/span><\/p>\n<p style=\"text-align: justify;\"><span style=\"font-family: georgia,palatino; font-size: 12pt;\">This is another law of the Bible that the Qur\u2019an abrogates\u2013Qur\u2019an 2:106). There must have been quite a haul of attractive women and budding girls \u201cwho serviced\u201d the \u201csexual desires\u201d of their Biblical captors. <\/span><\/p>\n<p style=\"text-align: justify;\"><span style=\"font-family: georgia,palatino; font-size: 12pt;\">\u00a0\u00a0 <span class=\"PlainTextCharChar\">Solomon had \u201c<strong><i>three hundred<\/i><\/strong> <strong><i>concubines<\/i><\/strong>;\u201d his son, Rehoboam, had <strong><i>\u201cthree score concubines<\/i><\/strong>\u201d (plus their 318 wives)\u2013(1Kings 11:3; 2 Chr. 11:21. And Solomon is said to be \u2018wise\u2019).<br \/>\n<\/span><\/span><span style=\"font-family: georgia, palatino; font-size: 12pt; line-height: 1.5;\">\u00a0 \u00a0These two alone reduce Mohammad\u2019s \u201cfifteen wives\u201d to a speck on the horizon. And Christians mouth off at Mohammad.<br \/>\n<\/span><span style=\"font-family: georgia,palatino; font-size: 12pt;\">\u00a0<span style=\"color: #ff0000;\">\u00a0 (Christians must know the days when they can libel Islam and go unchallenged went out with the pony express).<br \/>\n<\/span><\/span><span style=\"font-family: georgia,palatino; font-size: 12pt;\">It is Judaism and Christianity that allow their followers to have sex with their women captives. <\/span><\/p>\n<p style=\"text-align: justify;\"><span style=\"font-family: georgia,palatino; font-size: 12pt;\">In any event, since it was allowed for Solomon and his son to have hundreds of \u201cconcubines\u201d, since it was allowed for Abraham to have sexual relations with his \u201chandmaid\u201d and to even father a son, Ishmael, with her,<sup><span style=\"background: yellow;\">1<\/span><\/sup> and allowed for Jacob to have sexual relations with Bilhah and Zilpah, handmaids of his wives Rachel and Leah, respectively,<sup><span style=\"background: yellow;\">2<\/span><\/sup> and even had sons with them that became Tribes of Israel,<sup><span style=\"background: yellow;\">3<\/span><\/sup> since Judah can commit adultery with his daughter-in-law, Tamarr, fathering twins,<sup><span style=\"background: yellow;\"> 4<\/span><\/sup> and can be a Tribe of Israel<sup><span style=\"background: yellow;\">5<\/span><\/sup> and David can commit adultery with Bathsheba<sup><span style=\"background: yellow;\">6<\/span><\/sup> and be prophet, where is the problem if Mohammad allowed his men to have sex with their \u201cslave-girls?\u201d \u00a0<\/span><\/p>\n<p style=\"text-align: justify;\"><span style=\"font-family: georgia,palatino; font-size: 12pt;\">However, unless and until he received Divine revelation in a matter the Prophet Mohammad followed the Bible; if the Prophet allowed his followers to engage in concubinage then he was following the Bible. Once he received Divine revelation there would be no going back to the past. The Qur\u2019an supersedes all other sources of guidance.<br \/>\n<\/span><span style=\"font-family: georgia, palatino; font-size: 12pt;\">(Muhammad Ali\u2019s translation of the Qur\u2019an can be viewed online:<span style=\"color: #0000ff;\"> <a style=\"color: #0000ff;\" href=\"http:\/\/www.muslim.org\/\">www.muslim.org<\/a>).<\/span><\/span><\/p>\n<p style=\"text-align: center;\" align=\"center\"><span style=\"font-family: georgia,palatino; font-size: 12pt;\">*<\/span><\/p>\n<p style=\"text-align: center;\" align=\"center\"><span style=\"font-family: georgia,palatino; font-size: 12pt;\">NOTES<\/span><\/p>\n<p style=\"text-align: justify;\">1. Gen. 16:1-4.<br \/>\n2. Gen. 30:1-13.<br \/>\n3. Rev. 7: 5-8.<br \/>\n4. Gen. 38:11-27.<br \/>\n5. Rev. 7: 5-8.<br \/>\n6. 2 Samuel 11:2-5.<\/p>\n","protected":false},"excerpt":{"rendered":"<p>In the name of All\u0101h, the Beneficent, the Merciful. Peace and Blessings of All\u0101h on Mohammad. DEDICATED TO All\u0101h\u2013the Glorious and the High, Lord of the worlds AND TO Mohammad\u2013who brought the world to our feet and eternity to our arms. * \u00a0 \u00a0 \u00a0 \u00a0 \u00a0 \u00a0 \u00a0 \u00a0 \u00a0 \u00a0 \u00a0 \u00a0 \u00a0 [&hellip;]<\/p>\n","protected":false},"author":1,"featured_media":0,"parent":0,"menu_order":0,"comment_status":"closed","ping_status":"open","template":"","meta":{"_monsterinsights_skip_tracking":false,"_monsterinsights_sitenote_active":false,"_monsterinsights_sitenote_note":"","_monsterinsights_sitenote_category":0,"footnotes":""},"class_list":["post-390","page","type-page","status-publish","hentry"],"_links":{"self":[{"href":"https:\/\/nogodbutallah.org\/index.php?rest_route=\/wp\/v2\/pages\/390","targetHints":{"allow":["GET"]}}],"collection":[{"href":"https:\/\/nogodbutallah.org\/index.php?rest_route=\/wp\/v2\/pages"}],"about":[{"href":"https:\/\/nogodbutallah.org\/index.php?rest_route=\/wp\/v2\/types\/page"}],"author":[{"embeddable":true,"href":"https:\/\/nogodbutallah.org\/index.php?rest_route=\/wp\/v2\/users\/1"}],"replies":[{"embeddable":true,"href":"https:\/\/nogodbutallah.org\/index.php?rest_route=%2Fwp%2Fv2%2Fcomments&post=390"}],"version-history":[{"count":3,"href":"https:\/\/nogodbutallah.org\/index.php?rest_route=\/wp\/v2\/pages\/390\/revisions"}],"predecessor-version":[{"id":2832,"href":"https:\/\/nogodbutallah.org\/index.php?rest_route=\/wp\/v2\/pages\/390\/revisions\/2832"}],"wp:attachment":[{"href":"https:\/\/nogodbutallah.org\/index.php?rest_route=%2Fwp%2Fv2%2Fmedia&parent=390"}],"curies":[{"name":"wp","href":"https:\/\/api.w.org\/{rel}","templated":true}]}}