{"id":342,"date":"2015-02-26T02:22:29","date_gmt":"2015-02-26T02:22:29","guid":{"rendered":"http:\/\/azmi.co\/cust\/ngba-wp\/?page_id=342"},"modified":"2016-10-02T16:28:48","modified_gmt":"2016-10-02T16:28:48","slug":"islam-stoning","status":"publish","type":"page","link":"https:\/\/nogodbutallah.org\/?page_id=342","title":{"rendered":"Islam-stoning"},"content":{"rendered":"<p style=\"text-align: center;\" align=\"center\"><span style=\"color: purple; font-family: georgia,palatino; font-size: 12pt;\">In the name of All\u0101h,<br \/>\n<\/span><span style=\"color: purple; font-family: georgia,palatino; font-size: 12pt;\">the Beneficent, the Merciful.<br \/>\n<\/span><span style=\"color: purple; font-family: georgia,palatino; font-size: 12pt;\">Peace and Blessings of All\u0101h on Mohammad.<br \/>\n<\/span><span style=\"color: red; font-family: georgia,palatino; font-size: 12pt;\">DEDICATED TO<br \/>\n<\/span><span style=\"color: purple; font-family: georgia,palatino; font-size: 12pt;\">All\u0101h\u2013the Glorious and the High,<br \/>\n<\/span><span style=\"color: purple; font-family: georgia,palatino; font-size: 12pt;\">Lord of the worlds<br \/>\n<\/span><span style=\"color: red; font-family: georgia,palatino; font-size: 12pt;\">AND TO<br \/>\n<\/span><span style=\"color: purple; font-family: georgia,palatino; font-size: 12pt;\">Mohammad\u2013who brought the world<br \/>\n<\/span><span style=\"color: purple; font-family: georgia,palatino; font-size: 12pt;\">to our feet and eternity to our arms.<br \/>\n<\/span><span style=\"font-family: georgia,palatino; font-size: 12pt;\">*<\/span><\/p>\n<p style=\"text-align: center;\" align=\"center\"><span style=\"color: purple; font-family: georgia,palatino; font-size: 14pt;\">STONING<br \/>\n<\/span><span style=\"font-family: georgia,palatino; font-size: 12pt;\">(See also\u00a0<\/span><span style=\"color: #0000ff;\"><a style=\"color: #0000ff;\" href=\"https:\/\/nogodbutallah.org\/?page_id=412\">Islam-adultery &amp; flogging<\/a><\/span><span style=\"font-family: georgia,palatino; font-size: 12pt;\">)<\/span><\/p>\n<p style=\"text-align: justify;\"><span style=\"font-family: georgia,palatino; font-size: 12pt;\">The Qur\u2019an was revealed over a period of twenty-three years; during this long period, unless he received Divine Revelation in the matter, the Prophet followed the teachings of the Bible, which requires death to the adulterer, the unchaste bride, the apostate the blasphemer and the homosexuals; which Biblical laws were annulled by Qur\u2019anic revelations\u2013(Qur\u2019an 2:106; 16:101. See\u00a0<\/span><span style=\"font-family: georgia, palatino; font-size: 12pt; line-height: 1.5;\">Muhammad Ali\u2019s comm. His translation of the Qur\u2019an can be viewed online: <\/span><span style=\"color: #0000ff;\"><a style=\"color: #0000ff;\" href=\"http:\/\/www.muslim.org\/\">www.muslim.org<\/a>)<\/span><span style=\"font-family: georgia, palatino; font-size: 12pt; line-height: 1.5;\">.<br \/>\nProphet Mohammad taught according to the Qur\u2019an\u2013(Qur\u2019an 10:15; 21:45; 46:9; 53:3-4).<\/span><\/p>\n<p style=\"text-align: justify;\"><span style=\"font-family: georgia,palatino; font-size: 12pt;\">There is no <i>stoning <\/i>or sentence of <i>death<\/i> in the Qur\u2019an for the sin of adultery. The Arabic word <i>Zinaa<\/i> means sexual intercourse between people who are not married to each other \u2013i.e<i>. adultery and fornication.<\/i><br \/>\nThe punishment for adultery and fornication is lashes: \u201cThe adulteress and the adulterer, flog each of them (with) a hundred stripes\u201d\u2013(Qur\u2019an 24:2). That flogging for the sin of adultery is the required punishment is verified in 4:25, where the punishment to married slave-girls guilty of adultery is stated that<br \/>\n<span style=\"color: #800080;\">\u201c\u2026if they are guilty of adultery when they are taken in marriage, they shall suffer <i>half <\/i>the punishment for free married women\u201d\u2013(Qur\u2019an 4:25).<\/span><br \/>\nStoning to death \u201ccould not be halved;\u201d<i>\u00a0<\/i>but flogging can be \u201chalved.\u201d <\/span><\/p>\n<p style=\"text-align: justify;\"><span style=\"font-family: georgia,palatino; font-size: 12pt;\">The reasons for the Prophet Mohammad\u2019s orders to stone the adulterer\/adulteress were two-fold: (1) it was carried out against the Jews, who were to be judged according to the Torah; (2) prior to the Qur\u2019anic revelations on this subject, the Prophet was required to follow the Torah. <\/span><\/p>\n<p style=\"text-align: justify;\"><span style=\"font-family: georgia,palatino; font-size: 12pt;\">The Prophet Mohammad taught us according to Divine Revelation: he did not speak out of desire\u2013(Qur\u2019an 10:15; 21:45; 53:3-4). It is inconceivable that the Prophet would act against the clear injunction(s) of the Qur\u2019an and \u201cstone to death\u201d when All\u0101h ordered \u201cflogging.\u201d<br \/>\nIt is clear that the Prophet\u2019s \u201cstoning\u201d to death was limited to Jews. In the case of Muslims, if any, \u201cstoning\u201d would have been carried out <i>before<\/i> the revelation of the above Qur\u2019anic verses. (These are some of the teachings that the Qur\u2019an has abrogated\u2013Qur\u2019an 2:106; 16:101).<br \/>\nThat the early Caliphs carried out stoning, Muhammad Ali:<\/span><\/p>\n<p style=\"text-align: justify; margin-left: 57pt;\"><span style=\"font-family: georgia,palatino; font-size: 12pt;\">\u201cIt is generally thought that while the Qur\u2019an prescribes flogging as a punishment for fornication, <i>i.e<\/i>. when the guilty person is not married, stoning to death is the punishment for adultery, and that this is allegedly based on the Prophet\u2019s practice. But the Qur\u2019an plainly speaks of the punishment for adultery in the case of married slave-girls as being half the punishment of adultery in the case of free married women <i>(muhsanat)<\/i>, and therefore death or stoning to death cannot be conceived of as possible punishment in case of adultery as it cannot be halved, while imprisonment or flogging may be. Thus the Qur\u2019an not only speaks of flogging and not death, as punishment for adultery, but it positively excludes death or stoning to death.\u201d <\/span><\/p>\n<p style=\"text-align: justify; text-indent: 15pt; margin-left: 57pt;\"><span style=\"font-family: georgia,palatino; font-size: 12pt;\">\u201c\u2026stoning was the punishment of adultery in the Jewish law, and that it was in the case of Jewish offenders that this punishment was first resorted to by the Prophet when he came to Madinah. There are other reports which show that the same punishment was given in certain cases when the offenders were Muslims, but apparently this was before the revelation of the verse (24:2) which speaks of flogging as the punishment for both the adulterer and the adulteress, it being the practice of the Prophet to follow the earlier revealed law until he received a definite revelation on a point. A suggestion to that effect is contained in a tradition: \u201cShaibani says, I asked \u2018Abd Allah ibn Abi Aufa, Did the Holy Prophet stone to death? He said, Yes. I said, Was it before the chapter entitled <i>the Light<\/i> (ch. 24) was revealed or after it? The reply was, I do not know\u201d (Bu. 86:21. [Vol. 8 # 804]). The chapter referred to is that which speaks of flogging as a punishment for adultery, and the question shows clearly that the practice of stoning for adultery was recognized as being against the plain injunction contained in that chapter. It is likely that some misunderstanding arose from the incidents which happened before the Qur\u2019anic revelation on the point, and that that practice was taken as the Sunnah of the Prophet. The Khwarij, the earliest Muslim sect, entirely rejected stoning to death <i>(rajm)<\/i> as a punishment in Islam (RM. VI, p. 6.)<i>\u00a0<\/i><\/span><\/p>\n<p style=\"text-align: justify; text-indent: 15pt; margin-left: 57pt;\"><span style=\"font-family: georgia,palatino; font-size: 12pt;\">The question seems to have arisen early as to how an adulterer could be stoned, when the Qur\u2019an prescribed flogging as the only punishment for adultery. \u2018Umar is reported to have said that \u201cthere are people who say, What about stoning, for the punishment prescribed in the Book of Allah is flogging\u201d (Ah. I, p. 50.) To such objector\u2019s \u2018Umar\u2019s reply was: \u201cIn what Allah revealed, there was the verse of <i>rajm<\/i> (stoning); we read it and we understood it and we guarded it; the Prophet did stone (adulterers to death) and we also stoned after him, but I fear that when more time passes away, a sayer would say, We do not find the verse of <i>rajm<\/i> in the Book of Allah\u201d (Bu. 86:31 [Vol. 8 # 816]). According to another version he is reported to have added: \u201cWere it not that people would say that \u2018Umar has added in the Book of Allah that which is not in it, I would have written it\u201d (AD. 37:23). The argument attributed to \u2018Umar is very unsound. He admitted that the Qur\u2019an did not contain any verse prescribing the punishment of stoning for adulterers, and at the same time he is reported as stating that there was such a verse in what Allah revealed. In all probability what \u2018Umar meant, if he ever spoke those words, was that the verse of stoning was to be found in the Jewish sacred book, the Torah, which was undoubtedly a Divine revelation, and that the Prophet stoned adulterers to death. The use of the words \u201cBook of God\u201d <i>(Kitab Allah)<\/i> for the Torah is common in the Qur\u2019an itself, the Torah being again and again spoken of as <i>Kitab Allah<\/i> or the Book of God, or <i>al-Kitab, i.e<\/i>., the Book (Qur\u2019an 2:213, etc.). In all likelihood \u2018Umar only spoke of <i>rajm<\/i> as the punishment of adultery in the Mosaic law and he was misunderstood. At any rate he could not have spoken the words attributed to him. Had there been such a verse of the Qur\u2019an, he would have brought it to the notice of other Companions of the Prophet, when a complete written copy was first prepared in the time of Abu Bakr at his own suggestion. The words, as attributed to him in some of these reports, are simply meaningless. How could he say that there was a verse of the Qur\u2019an which he would have written down in the Qur\u2019an, but he feared that people would say that he had made an addition to the Qur\u2019an, that is to say, added to it what was not part of it? A verse could not be said to be a part of the Qur\u2019an and not a part of the Qur\u2019an at one and the same time.<\/span><\/p>\n<p style=\"text-align: justify; text-indent: 15pt; margin-left: 57pt;\"><span style=\"font-family: georgia,palatino; font-size: 12pt;\">There is further evidence in tradition itself that \u2018Umar himself, at least in one reported case (and it is a reliable report), punished adultery with flogging as laid down in the Qur\u2019an in 24:2, and not with stoning to death.\u201d\u201d\u2013(<i>The Religion of Islam<\/i>, pp. 730, 731, 733, 734, 735). <i><span style=\"color: red;\">The Qur\u2019an supersedes all other sources of guidance. <\/span><\/i>(Muhammad Ali\u2019s translation of the Qur\u2019an can be viewed online: <span style=\"color: blue;\"><span style=\"color: #0000ff;\"><a style=\"color: #0000ff;\" href=\"http:\/\/www.muslim.org\/\">www.muslim.org<\/a><\/span>).<\/span><\/span><\/p>\n<p style=\"text-align: justify;\"><span style=\"font-family: georgia,palatino; font-size: 12pt;\">In Hinduism: \u201cShould a wife out of her family pride desert her husband and misconduct herself, let the king condemn her to be devoured by dogs before all men and women. Similarly should a husband forsake his wife and misconduct himself with other women, let the king cause that sinner to be burnt alive publicly on a red hot iron-bed\u201d\u2013(Swami Dayananda Saraswati, <i><span style=\"color: black;\">Light Of Truth,<\/span><\/i><span style=\"color: black;\"> p. 199).<br \/>\nAnd, <\/span>\u201cA woman who has been unchaste should worship Siva in his calm aspect, Siva who is Kama. Then she should summon a Brahmin and give herself to him, thinking, \u2018This is Kama who has come for the sake of sexual pleasure.\u2019 And whatever the Brahmin wishes, the sensuous woman should do. For thirteen months she should honour in this way any Brahmin who comes to the house for the sake of sexual pleasures, and there is no immorality in this for noble ladies or prostitutes.\u201d \u201cThe Brahmin guest represents \u015aiva\/K\u0101ma, who purifies the woman whom he seduces, for extreme sexual licence may remove sexual stigma, just as extreme<i> tapas<\/i> (austerity) does\u201d (Cited in Wendy Doniger O\u2019Flaherty, <i>\u015aiva The Erotic Ascetic<\/i>, p. 256).<br \/>\n<\/span><span style=\"font-family: georgia, palatino; font-size: 12pt;\">Stoning and death is the Jewish and Christian law see<\/span><span style=\"font-family: georgia, palatino; font-size: 12pt;\"><span style=\"font-family: georgia,palatino; font-size: 12pt;\">\u00a0<\/span><span style=\"color: #0000ff;\"><a style=\"color: #0000ff;\" href=\"https:\/\/nogodbutallah.org\/?page_id=412\">Islam-adultery &amp; flogging<\/a>.<\/span>\u00a0\u00a0<\/span><\/p>\n","protected":false},"excerpt":{"rendered":"<p>In the name of All\u0101h, the Beneficent, the Merciful. Peace and Blessings of All\u0101h on Mohammad. DEDICATED TO All\u0101h\u2013the Glorious and the High, Lord of the worlds AND TO Mohammad\u2013who brought the world to our feet and eternity to our arms. * STONING (See also\u00a0Islam-adultery &amp; flogging) The Qur\u2019an was revealed over a period of [&hellip;]<\/p>\n","protected":false},"author":1,"featured_media":0,"parent":0,"menu_order":0,"comment_status":"closed","ping_status":"open","template":"","meta":{"_monsterinsights_skip_tracking":false,"_monsterinsights_sitenote_active":false,"_monsterinsights_sitenote_note":"","_monsterinsights_sitenote_category":0,"footnotes":""},"class_list":["post-342","page","type-page","status-publish","hentry"],"_links":{"self":[{"href":"https:\/\/nogodbutallah.org\/index.php?rest_route=\/wp\/v2\/pages\/342","targetHints":{"allow":["GET"]}}],"collection":[{"href":"https:\/\/nogodbutallah.org\/index.php?rest_route=\/wp\/v2\/pages"}],"about":[{"href":"https:\/\/nogodbutallah.org\/index.php?rest_route=\/wp\/v2\/types\/page"}],"author":[{"embeddable":true,"href":"https:\/\/nogodbutallah.org\/index.php?rest_route=\/wp\/v2\/users\/1"}],"replies":[{"embeddable":true,"href":"https:\/\/nogodbutallah.org\/index.php?rest_route=%2Fwp%2Fv2%2Fcomments&post=342"}],"version-history":[{"count":3,"href":"https:\/\/nogodbutallah.org\/index.php?rest_route=\/wp\/v2\/pages\/342\/revisions"}],"predecessor-version":[{"id":2388,"href":"https:\/\/nogodbutallah.org\/index.php?rest_route=\/wp\/v2\/pages\/342\/revisions\/2388"}],"wp:attachment":[{"href":"https:\/\/nogodbutallah.org\/index.php?rest_route=%2Fwp%2Fv2%2Fmedia&parent=342"}],"curies":[{"name":"wp","href":"https:\/\/api.w.org\/{rel}","templated":true}]}}