{"id":250,"date":"2015-02-25T23:43:42","date_gmt":"2015-02-25T23:43:42","guid":{"rendered":"http:\/\/azmi.co\/cust\/ngba-wp\/?page_id=250"},"modified":"2020-09-01T17:20:30","modified_gmt":"2020-09-01T17:20:30","slug":"jesus-mariolatry","status":"publish","type":"page","link":"https:\/\/nogodbutallah.org\/?page_id=250","title":{"rendered":"Jesus-Mariolatry"},"content":{"rendered":"<p style=\"text-align: center;\" align=\"center\"><span style=\"color: purple; font-family: georgia,palatino; font-size: 12pt;\">In the name of All\u0101h,<\/span><br \/>\n<span style=\"color: purple; font-family: georgia,palatino; font-size: 12pt;\">the Beneficent, the Merciful.<\/span><br \/>\n<span style=\"color: purple; font-family: georgia,palatino; font-size: 12pt;\">Peace and Blessings of All\u0101h on Mohammad.<\/span><br \/>\n<span style=\"color: red; font-family: georgia,palatino; font-size: 12pt;\">DEDICATED TO<\/span><br \/>\n<span style=\"color: purple; font-family: georgia,palatino; font-size: 12pt;\">All\u0101h\u2013the Glorious and the High,<\/span><br \/>\n<span style=\"color: purple; font-family: georgia,palatino; font-size: 12pt;\">Lord of the worlds<\/span><br \/>\n<span style=\"color: red; font-family: georgia,palatino; font-size: 12pt;\">AND TO<\/span><br \/>\n<span style=\"color: purple; font-family: georgia,palatino; font-size: 12pt;\">Mohammad\u2013who brought the world<\/span><br \/>\n<span style=\"color: purple; font-family: georgia,palatino; font-size: 12pt;\">to our feet and eternity to our arms.<\/span><br \/>\n<span style=\"color: purple; font-family: georgia,palatino; font-size: 12pt;\">*<\/span><\/p>\n<p style=\"text-align: center;\" align=\"center\"><span style=\"font-size: 22px;\"><span style=\"color: purple; font-family: georgia,palatino;\">JESUS\u2013MARIOLATRY<\/span><\/span><br \/>\n<span style=\"color: purple; font-family: georgia,palatino; font-size: 12pt;\"><span style=\"color: #ff0000;\">\u00a0If Mary is \u201cMother of God\u201d then God is the son of Mary.(???)<\/span> <\/span><\/p>\n<p style=\"text-align: justify;\"><span style=\"font-family: georgia,palatino; font-size: 12pt;\"><span style=\"color: black;\">In His Qur\u2019an 5:116 All\u0101h reveals: <\/span><span style=\"color: purple;\">\u201cAnd when Allah will say: O Jesus, son of Mary, didst thou say to men, Take me and my mother for two gods besides Allah?\u201d<\/span><span style=\"color: black;\"> This is not to be taken to mean that the Qur\u2019an includes Mary as part of the Trinity. Muhammad Ali notes: <\/span><\/span><\/p>\n<p style=\"text-align: justify;\"><span style=\"color: black; font-family: georgia,palatino; font-size: 12pt;\">\u201cFrom this description of Mary being taken for a god by the Christians, some Christian critics of the Qur\u2019an conclude that the doctrine of the Trinity according to the Qur\u2019an consists of three persons \u2013God, Jesus and Mary. But this is an absolutely unwarranted conclusion. Mary is no doubt spoken of as being taken for an object of\u00a0 worship by the Christians; but the doctrine of the Trinity is not mentioned here, while the Divinity of Mary is not mentioned where the Trinity is spoken of. The doctrine and practice of Mariolatry, as it is called by Protestant\u00a0 controversialists, is too well-known. In the catechism of the Roman Church the following doctrines are to be found: \u201cThat she is truly the mother of God, and the second Eve, by whose means we have received blessing\u00a0 and life; that she is the mother of Pity and very specially our advocate; that her images are of the utmost utility.\u201d (<i>Ency<\/i>. Br. 11<sup>th<\/sup> ed., vol. 17, p. 813).\u201d <\/span><\/p>\n<p style=\"text-align: justify;\"><span style=\"color: black; font-family: georgia,palatino; font-size: 12pt;\">\u00a0\u00a0 If the Trinity consists of God, Jesus and Mary All\u0101h\u00a0 would not condemn the Trinity as blasphemous\u2013(Qur\u2019an 4:171); and decreed that followers of Trinity are destined to Hell\u2013(Qur\u2019an 5:75-76).\u00a0<\/span><br \/>\n<span style=\"font-family: georgia,palatino; font-size: 12pt;\"><span style=\"color: black;\">\u00a0\u00a0 <\/span>Mary, created by God, could not be \u201cthe Mother of God.\u201d God could not have a mother, as He is the First and the Creator of all. <\/span><\/p>\n<p style=\"text-align: justify;\"><span style=\"font-family: georgia,palatino; font-size: 12pt;\">\u00a0\u00a0 <span style=\"color: black;\">There were others before Mary who were worshipped. And Christians also worshipped pagan \u201cGoddess\u201d. Khwaja Kamal-ud-Din reveals in his excellent book <i>The Sources Of Christianity:<br \/>\n<\/i><\/span><\/span><span style=\"font-family: georgia,palatino; font-size: 12pt;\"><span style=\"color: black;\">&#8220;The Emperor Hadrian, in a letter to Servianus, concerning the inhabitants of Alexandria, remarks that <\/span><span style=\"color: purple;\">\u201c<i>those who worship Serapis are likewise Christians<\/i>;<\/span><span style=\"color: black;\"> even those <\/span><i><span style=\"color: purple;\">who style themselves the bishops of the Christ <\/span><\/i><span style=\"color: black;\">are devoted to Serapis. <i>(Vocipiacus vit. Saturninus).<\/i> Serapis was another conception of the Sun\u2013God, as Macrobius tells us in the following words: \u201cThe city of Alexandria pays almost frantic worship to Serapis and Isis; nevertheless, they show that all this veneration is merely offered to the Sun.\u201d <\/span><span style=\"color: purple;\">We read nothing of the Madonna (Mary) and the Child (Jesus), either in the evangelical record or in the writings of Paul and other apostles. The conception, most assuredly, came from Alexandria to the Western world, where the Mother Goddess with the Child Redeemer Horus had been honoured centuries before the Christian Era, and worshipped under the names of \u201cOur Lady,\u201d \u201cQueen of Heaven,\u201d \u201cMother Goddess\u201d and so forth \u2013words that were afterwards used in reference to Mary, the Mother Goddess.<\/span><\/span><br \/>\n<span style=\"color: black; font-family: georgia,palatino; font-size: 12pt;\">\u00a0\u00a0\u00a0\u00a0 Isis was not the only Virgin Mother worshipped in the olden days. Osiris had also been believed to be born of Neith, the Virgin of the World, as the Egyptians called her, before Isis came to take her place. The sacred groves of Germany exhibited the image of the Goddess Hertha, a Virgin with a Child in her arms, in the old Teutonic days. She also gave birth to a child that was of Immaculate Conception. She was impregnated by the Heavenly Spirit.\u00a0<\/span><br \/>\n<span style=\"color: black; font-family: georgia,palatino; font-size: 12pt;\">\u00a0\u00a0 Frigga conceived of the All-Father, Odin, bore a son, Balder of Scandinavia, called the healer and Saviour of mankind. <sup><span style=\"background: yellow;\">a<\/span><\/sup>\u00a0<\/span><br \/>\n<span style=\"font-family: georgia,palatino; font-size: 12pt;\"><span style=\"color: red;\">\u00a0\u00a0\u00a0 <\/span><span style=\"color: purple;\">\u2026..The Virgin Mother suckling her child is a common figure on the Mithraic monuments. So are other legends of these gods being born in a cave, which have been reported from Guatemala, the Antilles and other places in Central America<\/span><span style=\"color: black;\">.<sup><span style=\"background: yellow;\">b<\/span><\/sup>\u00a0<\/span><\/span><br \/>\n<span style=\"color: black; font-family: georgia,palatino; font-size: 12pt;\">\u00a0\u00a0\u00a0 The Chinese had also a Mother Goddess Virgin, with a child in her arms<sup><span style=\"background: yellow;\">c<\/span><\/sup>. The ancient Etruscans had the same.<sup><span style=\"background: yellow;\">d<\/span><\/sup><\/span><br \/>\n<span style=\"color: black; font-family: georgia,palatino; font-size: 12pt;\">\u00a0\u00a0\u00a0\u00a0 \u2026.The ancient literature of India also speaks of Virgin Mothers and their sons being worshipped.\u201d <sup><span style=\"background: yellow;\">1 (a-b-c-d).<\/span><\/sup><\/span><\/p>\n<p style=\"text-align: justify;\"><span style=\"font-family: georgia, palatino, serif; font-size: 12pt;\">Christians were worshipping Mary hundreds of years BEFORE the revelation of the Qur\u2019an. The revelation of the Qur\u2019an began in 610, Trinity was invented in 324, nearly three hundred years before the Qur\u2019an. And some women in \u201cThrace, Scythia, and Arabia\u201d habitually worshipped Mary \u201cas a goddess\u201d; which veneration of Mary was sanctioned at the Council of Ephesus in 431. Thus, worship of Mary existed from between 100-200 years BEFORE Prophet Mohammad, And to this day.<\/span><\/p>\n<p style=\"text-align: justify;\"><span style=\"font-family: georgia, palatino, serif; font-size: 12pt;\">The Angel told Mary, <span style=\"color: #800080;\">\u201cThe\u00a0<\/span><span style=\"color: #800080;\"><em>Holy Ghost<\/em>\u00a0<strong>shall come upon thee<\/strong>, and the power of the\u00a0<em>Highest<\/em>\u00a0<strong>shall over-shadow thee<\/strong><\/span><span style=\"color: #800080;\">\u201d;<\/span>\u00a0and he told Joseph, <span style=\"color: #800080;\"><strong>\u201c<\/strong>that which is\u00a0<strong>conceived<\/strong> in her\u00a0(Mary) <strong>is of the Holy Ghost<\/strong>\u201d\u2013(<strong>Luke 1:35; <\/strong><\/span><span style=\"color: #800080;\">Matt.1:18-20, resp.<\/span> If \u201cpower of the\u00a0<em>Highest<\/em>\u00a0shall overshadow thee\u201d meant \u201cvirgin\u201d birth there would be no need for the Holy Ghost to \u201ccome upon\u201d Mary. The Bible shows there was no virgin birth).<br \/>\n<span style=\"color: #800080;\">If Father, Son and Holy Ghost are one, Jesus is also the Holy Ghost. And, regardless of whatever disguise\/form Jesus was in, Jesus made his mother \u201cconceived\u201d. For a son to \u201ccome upon\u201d his mother and even have her \u201cconceived\u201d is incest.\u00a0<\/span><\/span><\/p>\n<p style=\"text-align: justify;\">How aptly and succinctly All\u0101h recounts:<\/p>\n<p style=\"text-align: center;\"><span style=\"color: #800080;\">\u201cThe Messiah, son of Mary,<br \/>\nwas only a messenger;<br \/>\n<\/span><span style=\"color: #800080;\">messengers before him had indeed passed away.<br \/>\n<\/span><span style=\"color: #800080;\">And his mother was a truthful woman.<br \/>\n<\/span><span style=\"color: #800080;\">They both used to eat food.<br \/>\n<\/span><span style=\"color: #800080;\">See how We make the messages clear to them!<br \/>\n<\/span><span style=\"color: #800080;\">Then behold, how they are turned away!\u201d<br \/>\n<\/span><span style=\"color: #800080;\">(Qur\u2019an 5:75).<\/span><span style=\"font-family: georgia,palatino; font-size: 12pt;\"><span style=\"color: blue;\">\u00a0 \u00a0 \u00a0<\/span><\/span><\/p>\n<p style=\"text-align: justify;\"><span style=\"font-family: georgia, palatino; font-size: 12pt; color: #000000;\">Jesus <\/span><span style=\"font-size: 16px;\"><span style=\"font-family: georgia,serif;\">s says you shall know the truth, and the truth shall set you free<span style=\"color: #800080;\"> (from lies, falsehood, and blasphemy). <\/span>And the Divine truth is, Jesus was a prophet of God and<br \/>\n<\/span><\/span><\/p>\n<p style=\"text-align: center;\"><span style=\"font-size: 16px;\"><span style=\"font-family: georgia,serif;\"> <span style=\"color: #ff0000;\">\u201cTHERE IS NO GOD BUT ALL\u0100H;<br \/>\n<\/span><span style=\"color: #ff0000;\">MOHAMMAD IS THE MESSENGER OF ALL\u0100H!\u201d<br \/>\n*\u00a0 \u00a0 \u00a0 \u00a0 \u00a0 \u00a0 \u00a0 \u00a0<\/span>\u00a0<\/span><\/span><\/p>\n<p style=\"text-align: center;\" align=\"center\"><span style=\"font-family: georgia,palatino; font-size: 12pt;\">NOTES<\/span><\/p>\n<p style=\"text-align: justify;\"><span style=\"font-family: georgia,palatino; font-size: 10pt;\"><span style=\"background: yellow; color: black;\">1.<\/span><span style=\"color: black;\"> Khwaja Kamal-ud-Din, <i>The Sources of Christianity, <\/i>pp. 35-37. <sup><span style=\"background: yellow;\">a<\/span><\/sup> R. P. Knight, <i>Ancient Art and Mythology<\/i>, p. 22. <sup><span style=\"background: yellow;\">b<\/span> <\/sup><i>Ethnograp. Amerika,<\/i> Leipzig, 1867, vol, I, p. 758; <sup><span style=\"background: yellow;\">c<\/span> <\/sup>Rev. J. B. Gross, <i>Heathen Religion<\/i>, p. 60. <sup><span style=\"background: yellow;\">d<\/span> <\/sup>Inman, <i>Pagan and Christian Symbolism<\/i>, p. 27. Italics\/emphasis\/ color added.<\/span><\/span><\/p>\n","protected":false},"excerpt":{"rendered":"<p>In the name of All\u0101h, the Beneficent, the Merciful. Peace and Blessings of All\u0101h on Mohammad. DEDICATED TO All\u0101h\u2013the Glorious and the High, Lord of the worlds AND TO Mohammad\u2013who brought the world to our feet and eternity to our arms. * JESUS\u2013MARIOLATRY \u00a0If Mary is \u201cMother of God\u201d then God is the son of [&hellip;]<\/p>\n","protected":false},"author":1,"featured_media":0,"parent":0,"menu_order":0,"comment_status":"closed","ping_status":"open","template":"","meta":{"_monsterinsights_skip_tracking":false,"_monsterinsights_sitenote_active":false,"_monsterinsights_sitenote_note":"","_monsterinsights_sitenote_category":0,"footnotes":""},"class_list":["post-250","page","type-page","status-publish","hentry"],"_links":{"self":[{"href":"https:\/\/nogodbutallah.org\/index.php?rest_route=\/wp\/v2\/pages\/250","targetHints":{"allow":["GET"]}}],"collection":[{"href":"https:\/\/nogodbutallah.org\/index.php?rest_route=\/wp\/v2\/pages"}],"about":[{"href":"https:\/\/nogodbutallah.org\/index.php?rest_route=\/wp\/v2\/types\/page"}],"author":[{"embeddable":true,"href":"https:\/\/nogodbutallah.org\/index.php?rest_route=\/wp\/v2\/users\/1"}],"replies":[{"embeddable":true,"href":"https:\/\/nogodbutallah.org\/index.php?rest_route=%2Fwp%2Fv2%2Fcomments&post=250"}],"version-history":[{"count":2,"href":"https:\/\/nogodbutallah.org\/index.php?rest_route=\/wp\/v2\/pages\/250\/revisions"}],"predecessor-version":[{"id":4621,"href":"https:\/\/nogodbutallah.org\/index.php?rest_route=\/wp\/v2\/pages\/250\/revisions\/4621"}],"wp:attachment":[{"href":"https:\/\/nogodbutallah.org\/index.php?rest_route=%2Fwp%2Fv2%2Fmedia&parent=250"}],"curies":[{"name":"wp","href":"https:\/\/api.w.org\/{rel}","templated":true}]}}