{"id":237,"date":"2015-02-25T23:11:16","date_gmt":"2015-02-25T23:11:16","guid":{"rendered":"http:\/\/azmi.co\/cust\/ngba-wp\/?page_id=237"},"modified":"2015-02-25T23:11:16","modified_gmt":"2015-02-25T23:11:16","slug":"jesus-only-perfect-man","status":"publish","type":"page","link":"https:\/\/nogodbutallah.org\/?page_id=237","title":{"rendered":"Jesus-only perfect man"},"content":{"rendered":"<p align=\"center\" style=\"text-align: center;\">\n\t<span style=\"color: purple; font-family: georgia,palatino; font-size: 12pt;\">In the name of All\u0101h,<\/span>\n<\/p>\n<p align=\"center\" style=\"text-align: center;\">\n\t<span style=\"color: purple; font-family: georgia,palatino; font-size: 12pt;\">the Beneficent, the Merciful.<\/span>\n<\/p>\n<p align=\"center\" style=\"text-align: center;\">\n\t<span style=\"color: purple; font-family: georgia,palatino; font-size: 12pt;\">Peace and Blessings of All\u0101h on Mohammad.<\/span>\n<\/p>\n<p align=\"center\" style=\"text-align: center;\">\n\t<span style=\"color: red; font-family: georgia,palatino; font-size: 12pt;\">DEDICATED TO<\/span>\n<\/p>\n<p align=\"center\" style=\"text-align: center;\">\n\t<span style=\"color: purple; font-family: georgia,palatino; font-size: 12pt;\">All\u0101h&ndash;the Glorious and the High,<\/span>\n<\/p>\n<p align=\"center\" style=\"text-align: center;\">\n\t<span style=\"color: purple; font-family: georgia,palatino; font-size: 12pt;\">Lord of the worlds<\/span>\n<\/p>\n<p align=\"center\" style=\"text-align: center;\">\n\t<span style=\"color: red; font-family: georgia,palatino; font-size: 12pt;\">AND TO<\/span>\n<\/p>\n<p align=\"center\" style=\"text-align: center;\">\n\t<span style=\"color: purple; font-family: georgia,palatino; font-size: 12pt;\">Mohammad&ndash;who brought the world<\/span>\n<\/p>\n<p align=\"center\" style=\"text-align: center;\">\n\t<span style=\"color: purple; font-family: georgia,palatino; font-size: 12pt;\">to our feet and eternity to our arms.<\/span>\n<\/p>\n<p align=\"center\" style=\"text-align: center;\">\n\t<span style=\"font-family: georgia,palatino; font-size: 12pt;\">*<\/span>\n<\/p>\n<p align=\"center\" style=\"text-align: center;\">\n\t<span style=\"color: purple; font-family: georgia,palatino; font-size: 14pt;\">JESUS&ndash;ONLY PERFECT MAN<\/span>\n<\/p>\n<p style=\"text-align: justify;\">\n\t<span style=\"font-family: georgia,palatino; font-size: 12pt;\">Christians claim that whereas Adam was a &ldquo;perfect&rdquo; man until his fall by eating from the forbidden tree, that Jesus was the only other &ldquo;perfect&rdquo; man.<\/span>\n<\/p>\n<p style=\"text-align: justify;\">\n\t<span style=\"font-family: georgia,palatino; font-size: 12pt;\">&nbsp;&nbsp; However, not only was Jesus not &ldquo;perfect,&rdquo; that Jesus was the only &ldquo;perfect man&rdquo; is belied by the Bible itself. The Bible says:<\/span>\n<\/p>\n<p style=\"text-align: justify;\">\n\t<span style=\"font-family: georgia,palatino; font-size: 12pt;\">&nbsp;&nbsp; \u25cf&ldquo;Noah was a JUST man and PERFECT in his generations, and Noah WALKED WITH GOD&rdquo;&ndash;(Genesis 6:9). <span style=\"color: purple;\">One who has &ldquo;sin:&rdquo; could be &ldquo;perfect&rdquo; and to have &ldquo;walked with God.&rdquo;<\/span><\/span>\n<\/p>\n<p style=\"text-align: justify;\">\n\t<span style=\"font-family: georgia,palatino; font-size: 12pt;\">&nbsp;&nbsp; \u25cf&ldquo;Zacharias&hellip;and his wife&hellip;were both RIGHTEOUS, walking in ALL the commandments and ordinances of the Lord BLAME-LESS&rdquo;&ndash;(Luke 1:5-6). <span style=\"color: purple;\">One who has &ldquo;sin&rdquo; could not be &lsquo;righteous&rdquo; and blameless.<\/span><\/span>\n<\/p>\n<p style=\"text-align: justify;\">\n\t<span style=\"font-family: georgia,palatino; font-size: 12pt;\">&nbsp;&nbsp; \u25cf&ldquo;By faith Abel offered unto God a more excellent sacrifice than Cain, by which he obtained WITNESS (from God) that he was RIGHTEOUS, GOD testifying of his gifts&rdquo;&ndash;(Hebrews 11:4). <span style=\"color: purple;\">It is doubtful that God would &ldquo;testify&rdquo; to one who has &ldquo;sin&rdquo; as being &ldquo;righteous.&rdquo;<\/span><\/span>\n<\/p>\n<p style=\"text-align: justify;\">\n\t<span style=\"font-family: georgia,palatino; font-size: 12pt;\">&nbsp;&nbsp; \u25cfMary, mother of Jesus (and even &ldquo;mother of God&rdquo; as some Christians say) was &ldquo;highly favoured&rdquo; by God, and &ldquo;blessed&rdquo; among women&ndash;(Luke 1:28). <span style=\"color: purple;\">One who has &ldquo;sin&rdquo; could not be a &ldquo;highly favored&rdquo; of God and &ldquo;blessed&rdquo; among women.<\/span><\/span>\n<\/p>\n<p style=\"text-align: justify;\">\n\t<span style=\"font-family: georgia,palatino; font-size: 12pt;\">&nbsp;&nbsp; \u25cfJohn the Baptist was &ldquo;great in the sight of the Lord&rdquo;&ndash;(Luke 1:15). <span style=\"color: purple;\">One who has &ldquo;sin&rdquo; could not be crowned (by God) as being &ldquo;great in the sight of the Lord.&rdquo;<\/span><\/span>\n<\/p>\n<p style=\"text-align: justify;\">\n\t<span style=\"font-family: georgia,palatino; font-size: 12pt;\">&nbsp;&nbsp; The above statements not only obliterate the Christian&rsquo;s claim that Jesus was the only &ldquo;perfect&rdquo; man; it also debunks Christian&rsquo;s claim that man &ldquo;inherited&rdquo; sin, for: <\/span>\n<\/p>\n<p style=\"text-align: justify;\">\n\t<span style=\"font-family: georgia,palatino; font-size: 12pt;\">&nbsp;&nbsp; -one who inherited sin could not be &ldquo;perfect&rdquo; and to have &ldquo;walked with God&rdquo; as Noah was <\/span>\n<\/p>\n<p style=\"text-align: justify;\">\n\t<span style=\"font-family: georgia,palatino; font-size: 12pt;\">-one who inherited sin could not be &lsquo;righteous&rdquo; and &ldquo;blameless&rdquo; as Zacharias and his wife, Elizabeth were<\/span>\n<\/p>\n<p style=\"text-align: justify;\">\n\t<span style=\"font-family: georgia,palatino; font-size: 12pt;\">&nbsp;&nbsp; -one who inherited sin could not be &ldquo;righteous&rdquo; and receive God&rsquo;s &ldquo;witness&rdquo; and &ldquo;testimony&rdquo; as Abel were and received <\/span>\n<\/p>\n<p style=\"text-align: justify;\">\n\t<span style=\"font-family: georgia,palatino; font-size: 12pt;\">&nbsp;&nbsp; -one who inherited sin could not be &ldquo;highly favored&rdquo; of God and &ldquo;blessed&rdquo; among women as Mary was. <\/span>\n<\/p>\n<p style=\"text-align: justify;\">\n\t<span style=\"font-family: georgia,palatino; font-size: 12pt;\">&nbsp;&nbsp; -one who inherited sin could not be &ldquo;great in the sight of the Lord.&rdquo;<\/span>\n<\/p>\n<p style=\"text-align: justify;\">\n\t<span style=\"font-family: georgia,palatino; font-size: 12pt;\">&nbsp;&nbsp; In fact, Jesus himself belies the claim that he was &ldquo;perfect,&rdquo; he says to the man who addressed him as &ldquo;good&rdquo; master (Mark 10:18), rebuking the man:<span style=\"color: purple;\"> &ldquo;Why callest thou me good? there is <\/span><span style=\"color: purple;\">NONE<\/span><span style=\"color: purple;\"> good but one, that is, <\/span><span style=\"color: purple;\">GOD<\/span><span style=\"color: purple;\">.&rdquo;<\/span><\/span>\n<\/p>\n<p style=\"text-align: justify;\">\n\t<span style=\"font-family: georgia,palatino; font-size: 12pt;\">&nbsp;&nbsp; One who is not &ldquo;good&rdquo; could not be &ldquo;perfect&rdquo; or &ldquo;sinless&rdquo; or God or son of God or vicarious atoner. <\/span>\n<\/p>\n<p style=\"text-align: justify;\">\n\t<span style=\"font-family: georgia,palatino; font-size: 12pt;\">Notably, Jesus not only reject the notion that he was &ldquo;good&rdquo; but only shows that he is NOT God.<\/span>\n<\/p>\n<p style=\"text-align: justify; margin-left: 48pt;\">\n\t<span style=\"font-family: georgia,palatino; font-size: 12pt;\">(Regarding this verse of Mark 10:18 Muhammad Ali notes: &ldquo;Commenting on the well-known confession of Christ, <span style=\"color: purple;\">&ldquo;Why callest thou me good,<\/span> (Mk. 10:18) Dummelow says that in the Revised Version of Matthew, Christ&rsquo;s reply is, &ldquo;Why askest thou me concerning that which is good&rdquo;; and adds: &ldquo;The author of Matthew&hellip;.<span style=\"background: yellow;\">altered the text slightly, to prevent the reader from supposing that Christ denied that He was good.&rdquo;<\/span>(<i>The Religion of Islam<\/i>, p. 212, <i>f\/n<\/i>). (See <span style=\"color: blue;\"><a href=\"https:\/\/nogodbutallah.org\/index.php\/component\/content\/?id=451:bible&amp;catid=4:content&amp;Itemid=6\">BIBLE<\/a><\/span>). <\/span>\n<\/p>\n<p style=\"text-align: justify; margin-left: 48pt;\">\n\t<span style=\"color: purple; font-family: georgia,palatino; font-size: 12pt;\">&nbsp;&nbsp; (Even the Christian&rsquo;s forgery is clumsy: who better is there to tell or to ask &ldquo;what is good&rdquo; than God or the son of God).<\/span>\n<\/p>\n<p style=\"text-align: justify;\">\n\t<span style=\"font-family: georgia,palatino; font-size: 12pt;\">&nbsp;&nbsp; That Jesus was not &ldquo;perfect&rdquo; is also evident from Jesus&rsquo; actions and sayings:<\/span>\n<\/p>\n<p style=\"text-align: justify;\">\n\t<span style=\"font-family: georgia,palatino; font-size: 12pt;\">&nbsp;&nbsp; -Jesus tells others to let the dead bury dead, but he resurrected Lazarus (which is hypocrisy)&ndash;(Matt. 22:39; John 11:43-44);<span class=\"PlainTextCharChar\"><span style=\"color: purple;\">&nbsp;&nbsp; one who is hypocritical is not &ldquo;perfect.&rdquo;<\/span><\/span><\/span>\n<\/p>\n<p style=\"text-align: justify;\">\n\t<span style=\"font-family: georgia,palatino; font-size: 12pt;\">&nbsp;&nbsp; -Jesus tells others to love their neighbor, but labels non-Jews &ldquo;dogs&rdquo; and &ldquo;swine&rdquo; and preached in parables so they would not understand and be saved (which is hypocrisy)&ndash;(Matt. 22:39; 7:6; Mark 4:9-12); <span class=\"PlainTextCharChar\"><span style=\"color: purple;\">one who is hypocritical is not &ldquo;perfect.&rdquo;<\/span><\/span><\/span>\n<\/p>\n<p style=\"text-align: justify;\">\n\t<span style=\"font-family: georgia,palatino; font-size: 12pt;\">-Jesus enjoins honor to parents, but dishonors his mother (which is hypocrisy)&ndash;(Matt. 19:19; 12:46-50. Mary could not have been guilty of neglecting God so that Jesus should dishonor her; Mary was chosen over all women because she was &ldquo;highly favoured&rdquo; by God, and &ldquo;blessed&rdquo;&ndash;Luke 1:28. Mohammad taught us paradise lies at the feet of mothers);<span class=\"PlainTextCharChar\"><span style=\"color: purple;\"> one who is hypocritical is not &ldquo;perfect.&rdquo;<\/span><\/span><\/span>\n<\/p>\n<p style=\"text-align: justify;\">\n\t<span style=\"font-family: georgia,palatino; font-size: 12pt;\">&nbsp;&nbsp; -Jesus tells others to bless them that curse you, but he cursed a helpless fig tree and ridiculed the Jews as &ldquo;vipers&rdquo; and an &ldquo;evil and adulterous generation&rdquo; (which is hypocrisy)&ndash;(Matt. 5:44; Mark 11:12-21; Matt. 12:34, 39); <span class=\"PlainTextCharChar\"><span style=\"color: purple;\">one who is hypocritical is not &ldquo;perfect.&rdquo;<\/span><\/span><\/span>\n<\/p>\n<p style=\"text-align: justify;\">\n\t<span style=\"font-family: georgia,palatino; font-size: 12pt;\"><span class=\"PlainTextCharChar\">&nbsp;<\/span> -Jesus tells others to <span class=\"PlainTextCharChar\">love their enemies, bless cursers, reward haters, pray for persecutors, and forgive seventy times seven, but he charged that those who are not with him are against him, and commanded that his enemies who do not want him to rule be brought to him and slain (instead of loving, blessing, rewarding, praying, and forgiving them) (which is hypocrisy)&ndash;(Matthew 5:42; 18:21-22; 12:30; Luke 19:27);<span style=\"color: purple;\"> one who is hypocritical is not &ldquo;perfect.&rdquo;<\/span><\/span><\/span>\n<\/p>\n<p style=\"text-align: justify;\">\n\t<span style=\"font-family: georgia,palatino; font-size: 12pt;\">&nbsp;&nbsp; -Jesus tells others to turn the other cheek but he instructs his associates to sell their garments and buy swords (which is hypocrisy)&ndash;(Matt. 5:39; Luke 22:36); <span class=\"PlainTextCharChar\"><span style=\"color: purple;\">one who is hypocritical is not &ldquo;perfect.&rdquo;<\/span><\/span><\/span>\n<\/p>\n<p style=\"text-align: justify;\">\n\t<span style=\"font-family: georgia,palatino; font-size: 12pt;\">&nbsp;&nbsp; -Jesus tells others to love their enemies and to forgive seventy-times seven, but ordered that his enemies be brought and slain, and that he came not to send peace but a sword (which is hypocrisy)&ndash;(Matt. 5:44; Luke 19:27; Matt. 10:34); <span class=\"PlainTextCharChar\"><span style=\"color: purple;\">one who is hypocritical is not &ldquo;perfect.&rdquo;<\/span><\/span><\/span>\n<\/p>\n<p style=\"text-align: justify;\">\n\t<span style=\"font-family: georgia,palatino; font-size: 12pt;\">&nbsp;&nbsp; &#8211;<span class=\"PlainTextCharChar\">Jesus tells others to pray for them that despise you and persecute you, but he upbraided the peoples of Chorazin, Bethsaida, and Capernaum for not accepting his miracles and reforming&ndash;(Matt, 5:44; 11:20-24); and instead of praying for the Jews, he ridiculed them<\/span> as &ldquo;generation of vipers;&rdquo; &ldquo;evil and adulterous generation;&rdquo; as &ldquo;fools&rdquo; and &ldquo;blind guides&rdquo; (which is hypocrisy)&ndash;(Matt. 12:34, 39; 23:16-17, 24); <span class=\"PlainTextCharChar\"><span style=\"color: purple;\">one who is hypocritical is not &ldquo;perfect.&rdquo;<\/span><\/span><\/span>\n<\/p>\n<p style=\"text-align: justify;\">\n\t<span style=\"font-family: georgia,palatino; font-size: 12pt;\">&nbsp;&nbsp; -Jesus tells others to <span class=\"PlainTextCharChar\">go another mile with their compeller, but he booted his compellers (the bird-sellers and money-changers) out of the temple (which is hypocrisy)&ndash;(Matt. 5:41; 21:12); <span style=\"color: purple;\">one who is hypocritical is not &ldquo;perfect.&rdquo;<\/span><\/span><\/span>\n<\/p>\n<p style=\"text-align: justify;\">\n\t<span style=\"font-family: georgia,palatino; font-size: 12pt;\">&nbsp;&nbsp; -Jesus tells others to <span class=\"PlainTextCharChar\">&ldquo;Judge not, that ye be not judged,&rdquo; but he &ldquo;judged&rdquo; the Jews, pouring the blood from Abel all the way down to the son of Barachias, into their hands and consigned them to the &ldquo;greater damnation,&rdquo; of hell; and he also &ldquo;judged&rdquo; the people of Chorazin, Capernaum, and Bethsaida and cursed them to a fate worse than that of the Sodomites (which is hypocrisy)&ndash;(Matthew 7:1; <\/span>23:14, 33-38; <span class=\"PlainTextCharChar\">11:20<\/span><span class=\"PlainTextCharChar\">-24);<span style=\"color: purple;\"> one who is hypocritical is not &ldquo;perfect.&rdquo;<\/span><\/span><\/span>\n<\/p>\n<p style=\"text-align: justify;\">\n\t<span style=\"font-family: georgia,palatino; font-size: 12pt;\">&nbsp;&nbsp; -Jesus tells others to <span class=\"PlainTextCharChar\">be &ldquo;harmless as doves,&rdquo; but he harmed\/killed some two thousand pigs, loading evil spirits into a herd of dumb and innocent swine causing them to race down the steep and into the sea and drown (having total disregard for the animals and for the property of others) (which is hypocrisy)&ndash;(Matt. 10:16; 8:28-33; Mark 5:13); <span style=\"color: purple;\">one who is hypocritical is not &ldquo;perfect.&rdquo;<\/span><\/span><\/span>\n<\/p>\n<p style=\"text-align: justify;\">\n\t<span style=\"font-family: georgia,palatino; font-size: 12pt;\">&nbsp;&nbsp; -Jesus tells others that <span class=\"PlainTextCharChar\">whoever calls another person &ldquo;Thou fool, shall be in danger of <\/span><span class=\"PlainTextCharChar\">HELL FIRE<\/span><span class=\"PlainTextCharChar\">,&rdquo; but he lambasted the Jews as &ldquo;fools&rdquo; (which is not only hypocrisy but also that Jesus is &ldquo;in danger of <\/span><span class=\"PlainTextCharChar\">HELL FIRE<\/span><span class=\"PlainTextCharChar\">&rdquo;)&ndash;(Matt. 5:22; 23:17, 19); <span style=\"color: purple;\">one who is hypocritical is not &ldquo;perfect.&rdquo;<\/span><\/span><\/span>\n<\/p>\n<p style=\"text-align: justify;\">\n\t<span class=\"PlainTextCharChar\" style=\"font-family: georgia,palatino; font-size: 12pt;\">&nbsp;&nbsp; In fact, in contradiction to Christians claim that Jesus was &ldquo;perfect&rdquo; and son of God and even God, the Gospels show that Jesus was a &ldquo;fraud.&rdquo; <\/span>\n<\/p>\n<p style=\"text-align: justify;\">\n\t<span style=\"font-family: georgia,palatino; font-size: 12pt;\"><span class=\"PlainTextCharChar\">&nbsp;&nbsp; <\/span>Whereas the Bible says that Elijah and Enoch ascended to heaven, Jesus says that no man had ascended to heaven:<span style=\"color: purple;\"> &ldquo;And no man hath ascended up to heaven, but he (Jesus) that came down from heaven, even the <span style=\"background: yellow;\">son of man<\/span> which is in heaven&rdquo;&ndash;(2 Kings 2:11; Hebrews 11:5 (Genesis 5:24); John 3:13). <\/span><\/span>\n<\/p>\n<p style=\"text-align: justify;\">\n\t<span style=\"font-family: georgia,palatino; font-size: 12pt;\"><span style=\"color: purple;\">&nbsp;&nbsp; <\/span>And if Jesus is the &ldquo;Son of God&rdquo; who came down from heaven and the son of man was till then yet in heaven [to come] who is this son of man? <\/span>\n<\/p>\n<p style=\"text-align: justify;\">\n\t<span style=\"font-family: georgia,palatino; font-size: 12pt;\">&nbsp;&nbsp; <span class=\"PlainTextCharChar\">Prof. Abdul Ahad Dawud <\/span>B.D. <span style=\"color: purple;\">&ndash;&ldquo;the former Reverend David Benjamin Keldani, B.D., a Roman Catholic priest of the Uniate-Chaldean sect&rdquo;&ndash; <\/span>has shown in his revealing book <i>Muhammad in the Bible<\/i> that this <span style=\"color: blue;\"><a href=\"https:\/\/nogodbutallah.org\/index.php?option=com_content&amp;view=article&amp;id=549:jesus-son-of-man&amp;catid=4:content&amp;Itemid=6\">SON OF MAN <\/a><\/span>is the Prophet Mohammad).<\/span>\n<\/p>\n<p style=\"text-align: justify;\">\n\t<span style=\"font-family: georgia,palatino; font-size: 12pt;\">&nbsp;&nbsp; <span style=\"color: rgb(255, 0, 0);\">Jesus, as all prophets of God, was &ldquo;perfect&rdquo; in that he submitted to the will of God.<\/span> <\/span>\n<\/p>\n<p align=\"center\" style=\"text-align: center;\">\n\t<span style=\"font-family: georgia,palatino; font-size: 12pt;\">*<\/span>\n<\/p>\n<p style=\"text-align: justify;\">\n\t<span style=\"font-family: georgia,palatino; font-size: 12pt;\">Whereas Jesus was only a messenger of God sent to the Israelites to call them to &ldquo;repentance&rdquo; and &ldquo;forgiveness&rdquo;, Christians con-signed Jesus to the bed of celibacy, crowned him with Divinity and made him scapegoat for non-existent inherited sin. (See <span style=\"text-decoration: underline;\"><span style=\"color: blue;\">JESUS-LIKE DAVID<\/span><\/span>).<\/span>\n<\/p>\n<p style=\"text-align: justify;\">\n\t<span style=\"font-family: georgia,palatino; font-size: 12pt;\">Jesus says you shall know the truth, and the truth shall set you free (from lies, falsehood, and blasphemy). And the Divine truth is, Jesus was a prophet of God sent <span style=\"text-decoration: underline;\"><span style=\"color: blue;\"><a href=\"https:\/\/nogodbutallah.org\/index.php?option=com_content&amp;view=article&amp;id=546:jesus-only-for-jews&amp;catid=4:content&amp;Itemid=6\">ONLY FOR JEWS<\/a><\/span><\/span>and to foretell the coming of the <span style=\"text-decoration: underline;\"><span style=\"color: blue;\"><a href=\"https:\/\/nogodbutallah.org\/index.php?option=com_content&amp;view=article&amp;id=541:jesus-comforter&amp;catid=4:content&amp;Itemid=6\">COMFORTER<\/a><\/span><\/span>(<span style=\"text-decoration: underline;\"><span style=\"color: blue;\"><a href=\"https:\/\/nogodbutallah.org\/index.php\/component\/content\/?id=558:mohammad&amp;catid=4:content&amp;Itemid=6\">MOHAMMAD<\/a><\/span><\/span>)who will guide into &ldquo;all truth&rdquo; and will &ldquo;abide forever&rdquo; and whom all are to follow; and <\/span>\n<\/p>\n<p align=\"center\" style=\"text-align: center;\">\n\t<span style=\"color: rgb(255, 0, 0); font-family: georgia,palatino; font-size: 12pt;\">&ldquo;THERE IS NO GOD BUT ALL\u0100H; <\/span>\n<\/p>\n<p align=\"center\" style=\"text-align: center;\">\n\t<span style=\"color: rgb(255, 0, 0); font-family: georgia,palatino; font-size: 12pt;\">MOHAMMAD IS THE MESSENGER OF ALL\u0100H!&rdquo;<\/span>\n<\/p>\n<p style=\"text-align: justify;\">\n\t<span style=\"font-family: georgia,palatino; font-size: 12pt;\">While All\u0101h, God, would not call us to account for that which we do not know, when knowledge comes to us what reason or excuse can we have for not accepting and follow it? <span style=\"color: purple;\">&ldquo;But he that shall blaspheme against the Holy Ghost hath <\/span><span style=\"color: purple;\">NEVER<\/span><span style=\"color: purple;\"> forgiveness but is in danger of <\/span><span style=\"color: purple;\">ETERNAL DAMNATION<\/span><span style=\"color: purple;\">&rdquo;&ndash;(Mark 3:29).<\/span><\/span>\n<\/p>\n<p style=\"text-align: justify;\">\n\t<span style=\"font-family: georgia,palatino; font-size: 12pt;\">&nbsp;&nbsp; While we are alive we have the grand opportunity to repent and have eternal life in Paradise. When we die there is no second chance. <\/span>\n<\/p>\n<p align=\"center\" style=\"text-align: center;\">\n\t<span style=\"font-family: georgia,palatino; font-size: 12pt;\"><span style=\"color: purple;\">What is holding you back from <\/span><span style=\"text-decoration: underline;\"><span style=\"color: blue;\"><a href=\"https:\/\/nogodbutallah.org\/index.php\/component\/content\/?id=674:baptism&amp;catid=4:content&amp;Itemid=6\">BAPTIZING<\/a><\/span><\/span><\/span>\n<\/p>\n<p align=\"center\" style=\"text-align: center;\">\n\t<span style=\"color: purple; font-family: georgia,palatino; font-size: 12pt;\">with All\u0101h, the Best of Baptizers?<\/span>\n<\/p>\n<p align=\"center\" style=\"text-align: center;\">\n\t<span style=\"color: purple; font-family: georgia,palatino; font-size: 12pt;\">(Qur&rsquo;an 2:138).<\/span><\/p>\n","protected":false},"excerpt":{"rendered":"<p>In the name of All\u0101h, the Beneficent, the Merciful. Peace and Blessings of All\u0101h on Mohammad. DEDICATED TO All\u0101h&ndash;the Glorious and the High, Lord of the worlds AND TO Mohammad&ndash;who brought the world to our feet and eternity to our arms. * JESUS&ndash;ONLY PERFECT MAN Christians claim that whereas Adam was a &ldquo;perfect&rdquo; man until [&hellip;]<\/p>\n","protected":false},"author":1,"featured_media":0,"parent":0,"menu_order":0,"comment_status":"closed","ping_status":"open","template":"","meta":{"_monsterinsights_skip_tracking":false,"_monsterinsights_sitenote_active":false,"_monsterinsights_sitenote_note":"","_monsterinsights_sitenote_category":0,"footnotes":""},"class_list":["post-237","page","type-page","status-publish","hentry"],"_links":{"self":[{"href":"https:\/\/nogodbutallah.org\/index.php?rest_route=\/wp\/v2\/pages\/237","targetHints":{"allow":["GET"]}}],"collection":[{"href":"https:\/\/nogodbutallah.org\/index.php?rest_route=\/wp\/v2\/pages"}],"about":[{"href":"https:\/\/nogodbutallah.org\/index.php?rest_route=\/wp\/v2\/types\/page"}],"author":[{"embeddable":true,"href":"https:\/\/nogodbutallah.org\/index.php?rest_route=\/wp\/v2\/users\/1"}],"replies":[{"embeddable":true,"href":"https:\/\/nogodbutallah.org\/index.php?rest_route=%2Fwp%2Fv2%2Fcomments&post=237"}],"version-history":[{"count":0,"href":"https:\/\/nogodbutallah.org\/index.php?rest_route=\/wp\/v2\/pages\/237\/revisions"}],"wp:attachment":[{"href":"https:\/\/nogodbutallah.org\/index.php?rest_route=%2Fwp%2Fv2%2Fmedia&parent=237"}],"curies":[{"name":"wp","href":"https:\/\/api.w.org\/{rel}","templated":true}]}}