{"id":157,"date":"2015-02-25T21:33:16","date_gmt":"2015-02-25T21:33:16","guid":{"rendered":"http:\/\/azmi.co\/cust\/ngba-wp\/?page_id=157"},"modified":"2022-11-15T17:13:12","modified_gmt":"2022-11-15T17:13:12","slug":"mohammad-wrote-the-quran","status":"publish","type":"page","link":"https:\/\/nogodbutallah.org\/?page_id=157","title":{"rendered":"Mohammad-wrote the Qur&#8217;an"},"content":{"rendered":"<p style=\"text-align: center;\" align=\"center\"><span style=\"font-family: 'times new roman', times, serif; font-size: 14pt;\"><span style=\"color: purple;\">In the name of All\u0101h,<br \/>\n<\/span><span style=\"color: purple;\">the Beneficent, the Merciful.<br \/>\n<\/span><span style=\"color: purple;\">Peace and Blessings of All\u0101h on Mohammad.<br \/>\n<\/span><span style=\"color: red;\">DEDICATED TO<br \/>\n<\/span><span style=\"color: purple;\">All\u0101h\u2013the Glorious and the High,<br \/>\n<\/span><span style=\"color: purple;\">Lord of the worlds<br \/>\n<\/span><span style=\"color: red;\">AND TO<br \/>\n<\/span><span style=\"color: purple;\">Mohammad\u2013who brought the world<br \/>\n<\/span><span style=\"color: purple;\">to our feet and eternity to our arms.<br \/>\n<\/span><span style=\"color: purple;\">*<br \/>\n<span style=\"color: purple; font-size: 18pt;\">MOHAMMAD WROTE THE QUR\u2019AN<\/span><br \/>\n<\/span><\/span><\/p>\n<p style=\"text-align: justify;\" align=\"center\"><span style=\"font-family: 'times new roman', times, serif; font-size: 14pt;\">\u00a0 \u00a0 \u00a0 \u00a0 \u00a0 \u00a0 \u00a0 \u00a0 \u00a0 \u00a0 \u00a0 \u00a0 \u00a0 \u00a0 \u00a0 \u00a0 CONENTS:<\/span><br \/>\n<span style=\"font-family: 'times new roman', times, serif; font-size: 14pt;\">1.\u00a0 Mohammad wrote the Qur&#8217;an<\/span><br \/>\n<span style=\"font-family: 'times new roman', times, serif; font-size: 14pt;\">2. Writing a chapter like that of the Qur&#8217;an<\/span><\/p>\n<p style=\"text-align: justify;\" align=\"center\"><span style=\"font-family: 'times new roman', times, serif; font-size: 14pt;\"><span style=\"color: purple;\">1.\u00a0 MOHAMMAD WROTE THE QUR\u2019AN<br \/>\n<\/span>Who wrote the<span style=\"color: #0000ff;\"> <a style=\"color: #0000ff;\" href=\"https:\/\/nogodbutallah.org\/?page_id=535\">Bible<\/a>?<\/span><\/span><br \/>\n<span style=\"font-family: 'times new roman', times, serif; font-size: 14pt;\">Who wrote the Vedas of <span style=\"color: #0000ff;\"><a style=\"color: #0000ff;\" href=\"https:\/\/nogodbutallah.org\/?page_id=424\">Hinduism<\/a>?<\/span><\/span><\/p>\n<p style=\"text-align: justify;\"><span style=\"font-family: 'times new roman', times, serif; font-size: 14pt;\">Whoever says Mohammad wrote the Qur\u2019an is in error or trying to mislead; (even if Mohammad wrote the Qur\u2019an, no Scripture can be shown to be superior to it). Mohammad did not know to read or write\u2013(Qur\u2019an 7:158; 29:48; Bokhari Vol. 1, #3). <\/span><\/p>\n<p style=\"text-align: justify;\"><span style=\"font-family: 'times new roman', times, serif; font-size: 14pt;\">Even if Mohammad knew to read and write he could not have known there are more than one world\u2013(Qur\u2019an 1:1; 7:54; 41:9), that there are living beings on other planets\u2013(Qur\u2019an 19: 93-95; 42:29), or be the author of prophecies and teachings on science (see <span style=\"color: #0000ff;\"><a style=\"color: #0000ff;\" href=\"https:\/\/nogodbutallah.org\/?page_id=127\">Qur\u2019an-prophecies<\/a>;\u00a0<a style=\"color: #0000ff;\" href=\"https:\/\/nogodbutallah.org\/?page_id=123\">Qur\u2019an-science<\/a><\/span>\u00a0and videos at end of this presentation).<\/span><\/p>\n<p style=\"text-align: justify;\"><span style=\"font-family: 'times new roman', times, serif; font-size: 14pt;\">If Mohammad wrote the Qur\u2019an it is the miracle of all ages that statements on science and history coming from the mouth of a Seventh Century unschooled desert dweller have proved true. <\/span><\/p>\n<p style=\"text-align: justify;\"><span style=\"font-family: 'times new roman', times, serif; font-size: 14pt;\">\u00a0\u00a0 If Mohammad knew to read or write surely there were many in his family and society (and in his forty years prior to his call to Divine Messengership) who must have known that he could read and write. Thus, if Mohammad knew to read and write he would have been exposed as a liar (by his enemies such as his uncle, Abu Lahab, who was a venomous opponent of Mohammad) and even lose his followers when he gave them the revelation that he was an <i>Ummi <\/i>(unlettered) Prophet who had not read or written a book\u2013(Qur\u2019an 7:158; 29:48). <\/span><\/p>\n<p style=\"text-align: justify;\"><span style=\"font-family: 'times new roman', times, serif; font-size: 14pt;\"><span style=\"color: purple;\">But Mohammad was not only free from reproach, even his enemies esteemed him as <i>al-Amin<\/i>\u2013 <i>the Truthful\/Trustworthy.<\/i>\u00a0\u00a0 <\/span><\/span><\/p>\n<p style=\"text-align: justify;\"><span style=\"font-family: 'times new roman', times, serif; font-size: 14pt;\">Also, a thousand years before Charles Darwin, the Qur\u2019an taught <i>Evolution<\/i> which no man of Mohammad\u2019s time knew <span style=\"color: #ff0000;\">(in Islam <i>Creation<\/i> is not opposed to <i>Evolution)<\/i>.<br \/>\n<\/span>It teaches that All\u0101h creates by command and by process\u2013(Qur\u2019an 2:117; 41:11-12; 7:54; 30:11); that All\u0101h created man directly\u2013(Qur\u2019an 38:75); and created animals from water\u2013(Qur\u2019an 24:45).<br \/>\nAnd it informs us: <span style=\"color: purple;\">\u201cAllah has made subservient to you whatever is in the heavens and whatever is in the earth\u201d\u2013(Qur\u2019an 31:20; 45:13<\/span><span style=\"color: purple;\">. <\/span><span style=\"color: purple;\">Whose utility can only be possible through scientific knowledge. As one Muslim is noted as saying that <i>to be a Muslim is to be a scientist<\/i>)<i>.<\/i> <\/span><\/span><\/p>\n<p style=\"text-align: justify;\"><span style=\"font-family: 'times new roman', times, serif; font-size: 14pt;\"><span class=\"PlainTextCharChar\">\u00a0\u00a0 Four of the ninety-nine Names of All\u0101h God are:<br \/>\n<\/span><span class=\"PlainTextCharChar\">\u00a0(1) <i>Rabb<\/i>\u2013\u201cthe Originator of things and their Combiner to create new forms. It means the Law-giver, Who frames Laws under which He propounds the shapes which things must assume and the ratio and proportion in which various<\/span><span class=\"PlainTextCharChar\">\u00a0<\/span><span class=\"PlainTextCharChar\">ingredients must combine with each other. He is the Regularizer, i.e., the Lord Who puts things on the way to perfection<\/span><span class=\"PlainTextCharChar\">. <\/span><span class=\"PlainTextCharChar\">He<\/span><span class=\"PlainTextCharChar\">\u00a0<\/span><span class=\"PlainTextCharChar\">is the Arranger of the different stages through which they have to pass on their way to completion.\u201d (<i>Ref.<\/i> Qur\u2019an 87:1-3; <\/span>25:2; 54:49).<span class=\"PlainTextCharChar\"><br \/>\n<\/span>\u00a0 (2) <i>Al-Badi\u2019<\/i>\u2013He Who creates out of nothing;<\/span><br \/>\n<span style=\"font-family: 'times new roman', times, serif; font-size: 14pt;\">\u00a0(3) <i>Al-Bari<\/i>\u2013He Who originates things with various faculties in them;<br \/>\n<span style=\"text-indent: 9pt;\">\u00a0(4) <\/span><i style=\"text-indent: 9pt;\">Al-Khaliq<\/i><span style=\"text-indent: 9pt;\">\u2013He Who combines things in a given proportion to create new things.\u201d<\/span><sup style=\"text-indent: 9pt;\"><span style=\"background: yellow;\">1<br \/>\n<\/span><\/sup>Evidently, Mohammad could not be the author of the Qur\u2019an. (See also\u00a0<span style=\"color: #0000ff;\"><a style=\"color: #0000ff;\" href=\"https:\/\/nogodbutallah.org\/?page_id=493\">Creation or Evolution<\/a><\/span>).<\/span><\/p>\n<p style=\"text-align: justify;\"><span style=\"color: #ff0000; font-family: 'times new roman', times, serif; font-size: 14pt;\">If Mohammad wrote the Qur\u2019an he has written the best Book in Scriptural history.<\/span><\/p>\n<p style=\"text-align: center;\" align=\"center\"><span style=\"font-family: 'times new roman', times, serif; font-size: 14pt;\"><span style=\"color: purple;\">\u201cI am Allah, the Seeing. (This is) a Book<br \/>\n<\/span><span style=\"color: purple;\">which We have revealed to you<br \/>\n<\/span><span style=\"color: purple;\">(Mohammad) (that you may) bring forth<br \/>\n<\/span><span style=\"color: purple;\">men, by their Lord&#8217;s permission, from<br \/>\n<\/span><span style=\"color: purple;\">utter darkness into light to the way of<br \/>\n<\/span><span style=\"color: purple;\">the Mighty, the praised One;\u201d<br \/>\n<\/span><span style=\"color: purple;\">\u201cSay: If you love Allah, follow me:<br \/>\n<\/span><span style=\"color: purple;\">All\u0101h will love you, and grant you<br \/>\n<\/span><span style=\"color: purple;\">protection from your sins.<br \/>\n<\/span><span style=\"color: purple;\">And Allah is Forgiving, Merciful\u201d<br \/>\n<\/span><span style=\"color: purple;\">(Qur&#8217;an 14:1; 3:30).<\/span><\/span><\/p>\n<p style=\"text-align: justify;\"><span style=\"color: #ff0000; font-family: 'times new roman', times, serif; font-size: 14pt;\">No human invention can give a life in Paradise. Paradise lies in following the Divine \u201clight.\u201d<\/span><\/p>\n<p style=\"text-align: center;\" align=\"center\"><span style=\"font-family: 'times new roman', times, serif; font-size: 14pt;\"><span style=\"color: purple;\">All\u0101h loves us.<br \/>\n<\/span><span style=\"color: purple;\">All\u0101h wants to guide us.<br \/>\n<\/span><span style=\"color: purple;\">All\u0101h wants us to be pure.<br \/>\n<\/span><span style=\"color: purple;\">All\u0101h wants us to have a life in Paradise.<br \/>\n<\/span><\/span><\/p>\n<p style=\"text-align: justify;\" align=\"center\"><span style=\"font-family: 'times new roman', times, serif; font-size: 14pt;\"><span style=\"color: #800080;\">2.\u00a0 WRITING A CHAPTER LIKE THAT OF THE QUR\u2019AN:<br \/>\n<span style=\"color: #000000;\">There are those who say they have written or can write a chapter like that of the Qur&#8217;an.\u00a0<\/span><br \/>\n<\/span>\u00a0 \u00a0The Qur\u2019an contains 114 chapters with each chapter <span style=\"color: #800080;\">(except the ninth)<\/span>\u00a0 having a title and begins with the benediction \u201cIn the Name of Allah the Beneficent the Merciful.\u201d In Qur\u2019an 2:23 Allah invites the doubters: <span style=\"color: #800080;\">\u201cAnd if you are in doubt as to that (Qur\u2019an) which We have revealed to Our servant (Mohammad), then produce a chapter like it and call on your helpers besides Allah if you are truthful.\u201d<br \/>\n<\/span>\u00a0 \u00a0One who wants to meet this invitation\/challenge is to choose one of these 114 chapters of the Qur\u2019an and write an original chapter &#8220;<span style=\"color: #800080;\">LIKE IT&#8221; (in Qur&#8217;anic Arabic, diction and style)<\/span> giving their chapter a title and benediction.<\/span><\/p>\n<hr \/>\n<p style=\"text-align: justify;\"><span style=\"color: #800080; font-family: 'times new roman', times, serif; font-size: 14pt;\">THE \u00a0QUR\u2019AN: \u00a0MIRACLE \u00a0 OF \u00a0ALL \u00a0MIRACLES: by Dr. Zakir Naik: Though the two videos are similar there is additional info \u00a0in \u00a0one; and also in the question and answer section).\u00a0<\/span><\/p>\n<p><iframe loading=\"lazy\" src=\"https:\/\/www.youtube.com\/embed\/GdIsRTf2fYw?feature=oembed\" width=\"490\" height=\"368\" frameborder=\"0\" allowfullscreen=\"allowfullscreen\" data-mce-fragment=\"1\"><\/iframe><\/p>\n<p><iframe loading=\"lazy\" src=\"https:\/\/www.youtube.com\/embed\/r5h6CNhtVls?feature=oembed\" width=\"490\" height=\"276\" frameborder=\"0\" allowfullscreen=\"allowfullscreen\" data-mce-fragment=\"1\"><\/iframe><\/p>\n<p style=\"text-align: justify;\"><span style=\"font-family: 'times new roman', times, serif; font-size: 14pt;\">For Christians trying \u00a0to trap Muslims to convert to Christianity and Muslims response: \u00a0See\u00a0\u00a0<a href=\"https:\/\/nogodbutallah.org\/?page_id=3175\"><span style=\"color: #0000ff;\">Christians try to trap Muslims to<\/span> <span style=\"color: #0000ff;\">convert<br \/>\n<\/span><\/a><\/span><\/p>\n<hr \/>\n<p style=\"text-align: center;\" align=\"center\"><span style=\"font-family: 'times new roman', times, serif; font-size: 14pt;\">NOTES<\/span><\/p>\n<p style=\"text-align: justify;\"><span style=\"font-size: 14pt; font-family: 'times new roman', times, serif;\"><span style=\"background: yellow;\">1.<\/span> Kamal-ud-Din, Khwaja, <i>Introduction to the Study of the Holy Qur\u2019an<\/i>, pp. 25-26).<\/span><\/p>\n","protected":false},"excerpt":{"rendered":"<p>In the name of All\u0101h, the Beneficent, the Merciful. Peace and Blessings of All\u0101h on Mohammad. DEDICATED TO All\u0101h\u2013the Glorious and the High, Lord of the worlds AND TO Mohammad\u2013who brought the world to our feet and eternity to our arms. * MOHAMMAD WROTE THE QUR\u2019AN \u00a0 \u00a0 \u00a0 \u00a0 \u00a0 \u00a0 \u00a0 \u00a0 \u00a0 [&hellip;]<\/p>\n","protected":false},"author":1,"featured_media":0,"parent":0,"menu_order":0,"comment_status":"closed","ping_status":"open","template":"","meta":{"_monsterinsights_skip_tracking":false,"_monsterinsights_sitenote_active":false,"_monsterinsights_sitenote_note":"","_monsterinsights_sitenote_category":0,"footnotes":""},"class_list":["post-157","page","type-page","status-publish","hentry"],"_links":{"self":[{"href":"https:\/\/nogodbutallah.org\/index.php?rest_route=\/wp\/v2\/pages\/157","targetHints":{"allow":["GET"]}}],"collection":[{"href":"https:\/\/nogodbutallah.org\/index.php?rest_route=\/wp\/v2\/pages"}],"about":[{"href":"https:\/\/nogodbutallah.org\/index.php?rest_route=\/wp\/v2\/types\/page"}],"author":[{"embeddable":true,"href":"https:\/\/nogodbutallah.org\/index.php?rest_route=\/wp\/v2\/users\/1"}],"replies":[{"embeddable":true,"href":"https:\/\/nogodbutallah.org\/index.php?rest_route=%2Fwp%2Fv2%2Fcomments&post=157"}],"version-history":[{"count":7,"href":"https:\/\/nogodbutallah.org\/index.php?rest_route=\/wp\/v2\/pages\/157\/revisions"}],"predecessor-version":[{"id":6075,"href":"https:\/\/nogodbutallah.org\/index.php?rest_route=\/wp\/v2\/pages\/157\/revisions\/6075"}],"wp:attachment":[{"href":"https:\/\/nogodbutallah.org\/index.php?rest_route=%2Fwp%2Fv2%2Fmedia&parent=157"}],"curies":[{"name":"wp","href":"https:\/\/api.w.org\/{rel}","templated":true}]}}